
{"id":633,"date":"2021-01-13T15:01:09","date_gmt":"2021-01-13T14:01:09","guid":{"rendered":"https:\/\/neu.bibbs.at\/?page_id=633"},"modified":"2021-04-23T12:53:05","modified_gmt":"2021-04-23T10:53:05","slug":"modul-1","status":"publish","type":"page","link":"https:\/\/www.bibbs.at\/?page_id=633","title":{"rendered":"Modul 1"},"content":{"rendered":"\t\t<div data-elementor-type=\"wp-page\" data-elementor-id=\"633\" class=\"elementor elementor-633\" data-elementor-post-type=\"page\">\n\t\t\t\t\t\t<section class=\"elementor-section elementor-top-section elementor-element elementor-element-5918d88 elementor-section-boxed elementor-section-height-default elementor-section-height-default\" data-id=\"5918d88\" data-element_type=\"section\">\n\t\t\t\t\t\t<div class=\"elementor-container elementor-column-gap-default\">\n\t\t\t\t\t<div class=\"elementor-column elementor-col-100 elementor-top-column elementor-element elementor-element-b823a76\" data-id=\"b823a76\" data-element_type=\"column\">\n\t\t\t<div class=\"elementor-widget-wrap elementor-element-populated\">\n\t\t\t\t\t\t<div class=\"elementor-element elementor-element-96c66e6 elementor-widget elementor-widget-spacer\" data-id=\"96c66e6\" data-element_type=\"widget\" data-widget_type=\"spacer.default\">\n\t\t\t\t<div class=\"elementor-widget-container\">\n\t\t\t\t\t\t\t<div class=\"elementor-spacer\">\n\t\t\t<div class=\"elementor-spacer-inner\"><\/div>\n\t\t<\/div>\n\t\t\t\t\t\t<\/div>\n\t\t\t\t<\/div>\n\t\t\t\t\t<\/div>\n\t\t<\/div>\n\t\t\t\t\t<\/div>\n\t\t<\/section>\n\t\t\t\t<section class=\"elementor-section elementor-top-section elementor-element elementor-element-2faf579 elementor-section-boxed elementor-section-height-default elementor-section-height-default\" data-id=\"2faf579\" data-element_type=\"section\">\n\t\t\t\t\t\t<div class=\"elementor-container elementor-column-gap-default\">\n\t\t\t\t\t<div class=\"elementor-column elementor-col-100 elementor-top-column elementor-element elementor-element-43a95fa\" data-id=\"43a95fa\" data-element_type=\"column\">\n\t\t\t<div class=\"elementor-widget-wrap elementor-element-populated\">\n\t\t\t\t\t\t<div class=\"elementor-element elementor-element-2c0d143 elementor-widget elementor-widget-heading\" data-id=\"2c0d143\" data-element_type=\"widget\" data-widget_type=\"heading.default\">\n\t\t\t\t<div class=\"elementor-widget-container\">\n\t\t\t\t\t<h2 class=\"elementor-heading-title elementor-size-default\">Ausbildungslehrgang - Modul 1<\/h2>\t\t\t\t<\/div>\n\t\t\t\t<\/div>\n\t\t\t\t\t<\/div>\n\t\t<\/div>\n\t\t\t\t\t<\/div>\n\t\t<\/section>\n\t\t\t\t<section class=\"elementor-section elementor-top-section elementor-element elementor-element-7f03202 elementor-section-boxed elementor-section-height-default elementor-section-height-default\" data-id=\"7f03202\" data-element_type=\"section\">\n\t\t\t\t\t\t<div class=\"elementor-container elementor-column-gap-default\">\n\t\t\t\t\t<div class=\"elementor-column elementor-col-100 elementor-top-column elementor-element elementor-element-024c0e7\" data-id=\"024c0e7\" data-element_type=\"column\">\n\t\t\t<div class=\"elementor-widget-wrap elementor-element-populated\">\n\t\t\t\t\t\t<div class=\"elementor-element elementor-element-2115d93 elementor-widget elementor-widget-spacer\" data-id=\"2115d93\" data-element_type=\"widget\" data-widget_type=\"spacer.default\">\n\t\t\t\t<div class=\"elementor-widget-container\">\n\t\t\t\t\t\t\t<div class=\"elementor-spacer\">\n\t\t\t<div class=\"elementor-spacer-inner\"><\/div>\n\t\t<\/div>\n\t\t\t\t\t\t<\/div>\n\t\t\t\t<\/div>\n\t\t\t\t\t<\/div>\n\t\t<\/div>\n\t\t\t\t\t<\/div>\n\t\t<\/section>\n\t\t\t\t<section class=\"elementor-section elementor-top-section elementor-element elementor-element-26f60ef elementor-section-boxed elementor-section-height-default elementor-section-height-default\" data-id=\"26f60ef\" data-element_type=\"section\">\n\t\t\t\t\t\t<div class=\"elementor-container elementor-column-gap-default\">\n\t\t\t\t\t<div class=\"elementor-column elementor-col-66 elementor-top-column elementor-element elementor-element-6fa3b83\" data-id=\"6fa3b83\" data-element_type=\"column\">\n\t\t\t<div class=\"elementor-widget-wrap elementor-element-populated\">\n\t\t\t\t\t\t<div class=\"elementor-element elementor-element-39a4611 elementor-widget elementor-widget-text-editor\" data-id=\"39a4611\" data-element_type=\"widget\" data-widget_type=\"text-editor.default\">\n\t\t\t\t<div class=\"elementor-widget-container\">\n\t\t\t\t\t\t\t\t\t<div class=\"vc_row wpb_row section vc_row-fluid \"><div class=\" full_section_inner clearfix\"><div class=\"wpb_column vc_column_container vc_col-sm-8\"><div class=\"vc_column-inner\"><div class=\"wpb_wrapper\"><div class=\"wpb_text_column wpb_content_element \"><div class=\"wpb_wrapper\"><p><strong>EINF\u00dcHRUNG BIBLIOTHEKSWESEN<\/strong><\/p><\/div><\/div><\/div><\/div><\/div><\/div><\/div><div class=\"vc_row wpb_row section vc_row-fluid \"><div class=\" full_section_inner clearfix\"><div class=\"wpb_column vc_column_container vc_col-sm-6\"><div class=\"vc_column-inner\"><div class=\"wpb_wrapper\"><div class=\"wpb_text_column wpb_content_element \"><div class=\"wpb_wrapper\"><p>Entwicklung der Schulbibliotheken in \u00d6sterreich<\/p><p>Die Entwicklung der Schulbibliothek an h\u00f6heren Schulen seit 1982 spiegelt sich in den einzelnen Grundsatzerl\u00e4ssen zur Leseerziehung.<\/p><p>\u00a0<\/p><p>\u2013 Grundsatzerlass zur Leseerziehung von 1982 bis 2017<\/p><p>\u00a0<\/p><p>Verwaltung einer Schulbibliothek<\/p><p>\u00a0<\/p><p>\u2013 Gesetzliche Grundlagen und Modellbeschreibung<\/p><p>\u00a0<\/p><p>Bestandsaufbau<\/p><p>\u00a0<\/p><p>\u2013 Beschaffung<\/p><p>\u2013 Inventarisierung und Katalogisierung<\/p><p>\u2013 Ausscheiden<\/p><p>Bestand der multimedialen Schulbibliothek ist st\u00e4ndigem Wechsel und Modifizierung unterworfen.<\/p><p>\u00a0<\/p><p>\u2013 Aktualit\u00e4t<\/p><p>\u2013 Medienvielfalt<\/p><p>\u2013 Orientierung am Benutzer<\/p><\/div><\/div><\/div><\/div><\/div><\/div><\/div>\t\t\t\t\t\t\t\t<\/div>\n\t\t\t\t<\/div>\n\t\t\t\t\t<\/div>\n\t\t<\/div>\n\t\t\t\t<div class=\"elementor-column elementor-col-33 elementor-top-column elementor-element elementor-element-d89cdb2\" data-id=\"d89cdb2\" data-element_type=\"column\">\n\t\t\t<div class=\"elementor-widget-wrap elementor-element-populated\">\n\t\t\t\t\t\t<div class=\"elementor-element elementor-element-1c672a4 elementor-position-top elementor-widget elementor-widget-image-box\" data-id=\"1c672a4\" data-element_type=\"widget\" data-widget_type=\"image-box.default\">\n\t\t\t\t<div class=\"elementor-widget-container\">\n\t\t\t\t\t<div class=\"elementor-image-box-wrapper\"><figure class=\"elementor-image-box-img\"><img fetchpriority=\"high\" decoding=\"async\" width=\"284\" height=\"284\" src=\"https:\/\/www.bibbs.at\/wp-content\/uploads\/2021\/04\/Referent.jpg\" class=\"attachment-full size-full wp-image-3277\" alt=\"Referent\" srcset=\"https:\/\/www.bibbs.at\/wp-content\/uploads\/2021\/04\/Referent.jpg 284w, https:\/\/www.bibbs.at\/wp-content\/uploads\/2021\/04\/Referent-150x150.jpg 150w\" sizes=\"(max-width: 284px) 100vw, 284px\" \/><\/figure><div class=\"elementor-image-box-content\"><h3 class=\"elementor-image-box-title\">Wendelin Hujber<\/h3><\/div><\/div>\t\t\t\t<\/div>\n\t\t\t\t<\/div>\n\t\t\t\t<div class=\"elementor-element elementor-element-2578b92 elementor-widget elementor-widget-spacer\" data-id=\"2578b92\" data-element_type=\"widget\" data-widget_type=\"spacer.default\">\n\t\t\t\t<div class=\"elementor-widget-container\">\n\t\t\t\t\t\t\t<div class=\"elementor-spacer\">\n\t\t\t<div class=\"elementor-spacer-inner\"><\/div>\n\t\t<\/div>\n\t\t\t\t\t\t<\/div>\n\t\t\t\t<\/div>\n\t\t\t\t\t<\/div>\n\t\t<\/div>\n\t\t\t\t\t<\/div>\n\t\t<\/section>\n\t\t\t\t<section class=\"elementor-section elementor-top-section elementor-element elementor-element-424236d elementor-section-boxed elementor-section-height-default elementor-section-height-default\" data-id=\"424236d\" data-element_type=\"section\">\n\t\t\t\t\t\t<div class=\"elementor-container elementor-column-gap-default\">\n\t\t\t\t\t<div class=\"elementor-column elementor-col-100 elementor-top-column elementor-element elementor-element-b46728c\" data-id=\"b46728c\" data-element_type=\"column\">\n\t\t\t<div class=\"elementor-widget-wrap elementor-element-populated\">\n\t\t\t\t\t\t<div class=\"elementor-element elementor-element-31b3338 elementor-widget-divider--view-line elementor-widget elementor-widget-divider\" data-id=\"31b3338\" data-element_type=\"widget\" data-widget_type=\"divider.default\">\n\t\t\t\t<div class=\"elementor-widget-container\">\n\t\t\t\t\t\t\t<div class=\"elementor-divider\">\n\t\t\t<span class=\"elementor-divider-separator\">\n\t\t\t\t\t\t<\/span>\n\t\t<\/div>\n\t\t\t\t\t\t<\/div>\n\t\t\t\t<\/div>\n\t\t\t\t\t<\/div>\n\t\t<\/div>\n\t\t\t\t\t<\/div>\n\t\t<\/section>\n\t\t\t\t<section class=\"elementor-section elementor-top-section elementor-element elementor-element-2af308d elementor-section-boxed elementor-section-height-default elementor-section-height-default\" data-id=\"2af308d\" data-element_type=\"section\">\n\t\t\t\t\t\t<div class=\"elementor-container elementor-column-gap-default\">\n\t\t\t\t\t<div class=\"elementor-column elementor-col-66 elementor-top-column elementor-element elementor-element-1530efc\" data-id=\"1530efc\" data-element_type=\"column\">\n\t\t\t<div class=\"elementor-widget-wrap elementor-element-populated\">\n\t\t\t\t\t\t<div class=\"elementor-element elementor-element-775e929 elementor-widget elementor-widget-text-editor\" data-id=\"775e929\" data-element_type=\"widget\" data-widget_type=\"text-editor.default\">\n\t\t\t\t<div class=\"elementor-widget-container\">\n\t\t\t\t\t\t\t\t\t<div class=\"vc_row wpb_row section vc_row-fluid \"><div class=\" full_section_inner clearfix\"><div class=\"wpb_column vc_column_container vc_col-sm-8\"><div class=\"vc_column-inner\"><div class=\"wpb_wrapper\"><div class=\"wpb_text_column wpb_content_element \"><div class=\"wpb_wrapper\"><div class=\"wpb_text_column wpb_content_element \"><div class=\"wpb_wrapper\"><p><strong>Medien \u2013 Katalogisieren<\/strong><\/p><p>\u00a0<\/p><p>Terminologie im Vergleich: RAK und RDA<\/p><p>\u00a0<\/p><p><strong>RAK<\/strong>\u00a0(Regeln f\u00fcr alphabetische Katalogisierung)<\/p><p><strong>RDA<\/strong>\u00a0= Ressource Description and Access; dient der formalen Erschlie\u00dfung eines Mediums<\/p><\/div><\/div><div class=\"vc_empty_space\">\u00a0<\/div><div class=\"wpb_text_column wpb_content_element \"><div class=\"wpb_wrapper\"><p>Dieses neue Katalogisierungsregelwerk gibt es seit 2015 im deutschsprachigen Bibliothekswesen. Der Fokus liegt auf den Funktionen der Datenbanken. Einige Bibliotheken setzen schon erste Regeln in ihren Programmen um, vor allem, weil die Fremddaten aus den Verb\u00fcnden der wissenschaftlichen Bibliotheken bereits in dieser Form kommen.<\/p><\/div><\/div><\/div><\/div><\/div><\/div><\/div><\/div><\/div>\t\t\t\t\t\t\t\t<\/div>\n\t\t\t\t<\/div>\n\t\t\t\t\t<\/div>\n\t\t<\/div>\n\t\t\t\t<div class=\"elementor-column elementor-col-33 elementor-top-column elementor-element elementor-element-4059ec4\" data-id=\"4059ec4\" data-element_type=\"column\">\n\t\t\t<div class=\"elementor-widget-wrap elementor-element-populated\">\n\t\t\t\t\t\t<div class=\"elementor-element elementor-element-5d563d6 elementor-widget elementor-widget-spacer\" data-id=\"5d563d6\" data-element_type=\"widget\" data-widget_type=\"spacer.default\">\n\t\t\t\t<div class=\"elementor-widget-container\">\n\t\t\t\t\t\t\t<div class=\"elementor-spacer\">\n\t\t\t<div class=\"elementor-spacer-inner\"><\/div>\n\t\t<\/div>\n\t\t\t\t\t\t<\/div>\n\t\t\t\t<\/div>\n\t\t\t\t<div class=\"elementor-element elementor-element-a26405f elementor-position-top elementor-widget elementor-widget-image-box\" data-id=\"a26405f\" data-element_type=\"widget\" data-widget_type=\"image-box.default\">\n\t\t\t\t<div class=\"elementor-widget-container\">\n\t\t\t\t\t<div class=\"elementor-image-box-wrapper\"><figure class=\"elementor-image-box-img\"><img decoding=\"async\" width=\"121\" height=\"158\" src=\"https:\/\/www.bibbs.at\/wp-content\/uploads\/2021\/02\/anita_ruckerbauer.png\" class=\"attachment-full size-full wp-image-1452\" alt=\"\" \/><\/figure><div class=\"elementor-image-box-content\"><h3 class=\"elementor-image-box-title\">Anita Ruckerbauer<\/h3><\/div><\/div>\t\t\t\t<\/div>\n\t\t\t\t<\/div>\n\t\t\t\t\t<\/div>\n\t\t<\/div>\n\t\t\t\t\t<\/div>\n\t\t<\/section>\n\t\t\t\t<section class=\"elementor-section elementor-top-section elementor-element elementor-element-bba89d5 elementor-section-boxed elementor-section-height-default elementor-section-height-default\" data-id=\"bba89d5\" data-element_type=\"section\">\n\t\t\t\t\t\t<div class=\"elementor-container elementor-column-gap-default\">\n\t\t\t\t\t<div class=\"elementor-column elementor-col-100 elementor-top-column elementor-element elementor-element-478a2b4\" data-id=\"478a2b4\" data-element_type=\"column\">\n\t\t\t<div class=\"elementor-widget-wrap elementor-element-populated\">\n\t\t\t\t\t\t<div class=\"elementor-element elementor-element-9ef0aac elementor-widget-divider--view-line elementor-widget elementor-widget-divider\" data-id=\"9ef0aac\" data-element_type=\"widget\" data-widget_type=\"divider.default\">\n\t\t\t\t<div class=\"elementor-widget-container\">\n\t\t\t\t\t\t\t<div class=\"elementor-divider\">\n\t\t\t<span class=\"elementor-divider-separator\">\n\t\t\t\t\t\t<\/span>\n\t\t<\/div>\n\t\t\t\t\t\t<\/div>\n\t\t\t\t<\/div>\n\t\t\t\t\t<\/div>\n\t\t<\/div>\n\t\t\t\t\t<\/div>\n\t\t<\/section>\n\t\t\t\t<section class=\"elementor-section elementor-top-section elementor-element elementor-element-caef5b0 elementor-section-boxed elementor-section-height-default elementor-section-height-default\" data-id=\"caef5b0\" data-element_type=\"section\">\n\t\t\t\t\t\t<div class=\"elementor-container elementor-column-gap-default\">\n\t\t\t\t\t<div class=\"elementor-column elementor-col-66 elementor-top-column elementor-element elementor-element-98f7759\" data-id=\"98f7759\" data-element_type=\"column\">\n\t\t\t<div class=\"elementor-widget-wrap elementor-element-populated\">\n\t\t\t\t\t\t<div class=\"elementor-element elementor-element-9403278 elementor-widget elementor-widget-text-editor\" data-id=\"9403278\" data-element_type=\"widget\" data-widget_type=\"text-editor.default\">\n\t\t\t\t<div class=\"elementor-widget-container\">\n\t\t\t\t\t\t\t\t\t<div class=\"vc_row wpb_row section vc_row-fluid \"><div class=\" full_section_inner clearfix\"><div class=\"wpb_column vc_column_container vc_col-sm-8\"><div class=\"vc_column-inner\"><div class=\"wpb_wrapper\"><div class=\"wpb_text_column wpb_content_element \"><div class=\"wpb_wrapper\"><div class=\"wpb_text_column wpb_content_element \"><div class=\"wpb_wrapper\"><p><strong>EDV-Einsatz in der Schulbibliothek<\/strong><\/p><p>\u00a0<\/p><p>Bibliotheksverwaltungs-Software: LITTERA<br \/>WebOpac<br \/>Praktische \u00dcbungen<\/p><\/div><\/div><div class=\"vc_empty_space\">\u00a0<\/div><div class=\"wpb_text_column wpb_content_element \"><div class=\"wpb_wrapper\"><p><strong>LITTERA 5.1: Einf\u00fchrung und \u00dcbungen<\/strong><\/p><p>\u00a0<\/p><p>\u00a0 \u00a0 1. Informationen zum Bibliotheksverwaltungsprogramm LITTERA<\/p><p>\u00a0 \u00a0 2. Generallizenz des BMBWF<\/p><p>\u00a0 \u00a0 3. Download und Installation<\/p><p>\u00a0<\/p><p><strong>Grundfunktionen von LITTERA 5.1<\/strong><\/p><p>\u00a0 \u00a0 1. Grundeinstellungen:<\/p><p>\u00a0 \u00a0 \u00a0 \u00a0 \u00a0 \u00a0 \u2013 Benutzer anlegen<\/p><p>\u00a0 \u00a0 \u00a0 \u00a0 \u00a0 \u00a0 \u2013 Passw\u00f6rter vergeben<\/p><p>\u00a0 \u00a0 \u00a0 \u00a0 \u00a0 \u00a0 \u2013 Stammdaten\/Einstellungen vornehmen<\/p><p>\u00a0 \u00a0 \u00a0 \u00a0 \u00a0 \u00a0 \u2013 Lesergruppen definieren\/anlegen<\/p><p>\u00a0 \u00a0 \u00a0 \u00a0 \u00a0 \u00a0 \u2013 Systematik\/Systematikgruppen<\/p><p>\u00a0 \u00a0 2. Verleih<\/p><p>\u00a0 \u00a0 3. Leserverwaltung<\/p><p>\u00a0 \u00a0 4. Katalogisieren<\/p><p>\u00a0 \u00a0 5. Recherchieren<\/p><p>\u00a0 \u00a0 6. Drucken<\/p><p>\u00a0 \u00a0 7. Dienstprogramme<\/p><p>\u00a0 \u00a0 8. Auswertungen<\/p><p>\u00a0 \u00a0 \u00a09. Datensicherung<\/p><\/div><\/div><\/div><\/div><\/div><\/div><\/div><\/div><\/div>\t\t\t\t\t\t\t\t<\/div>\n\t\t\t\t<\/div>\n\t\t\t\t\t<\/div>\n\t\t<\/div>\n\t\t\t\t<div class=\"elementor-column elementor-col-33 elementor-top-column elementor-element elementor-element-0dd2dc0\" data-id=\"0dd2dc0\" data-element_type=\"column\">\n\t\t\t<div class=\"elementor-widget-wrap elementor-element-populated\">\n\t\t\t\t\t\t<div class=\"elementor-element elementor-element-6f0e5de elementor-widget elementor-widget-spacer\" data-id=\"6f0e5de\" data-element_type=\"widget\" data-widget_type=\"spacer.default\">\n\t\t\t\t<div class=\"elementor-widget-container\">\n\t\t\t\t\t\t\t<div class=\"elementor-spacer\">\n\t\t\t<div class=\"elementor-spacer-inner\"><\/div>\n\t\t<\/div>\n\t\t\t\t\t\t<\/div>\n\t\t\t\t<\/div>\n\t\t\t\t<div class=\"elementor-element elementor-element-574005d elementor-position-top elementor-widget elementor-widget-image-box\" data-id=\"574005d\" data-element_type=\"widget\" data-widget_type=\"image-box.default\">\n\t\t\t\t<div class=\"elementor-widget-container\">\n\t\t\t\t\t<div class=\"elementor-image-box-wrapper\"><figure class=\"elementor-image-box-img\"><img fetchpriority=\"high\" decoding=\"async\" width=\"284\" height=\"284\" src=\"https:\/\/www.bibbs.at\/wp-content\/uploads\/2021\/04\/Referent.jpg\" class=\"attachment-full size-full wp-image-3277\" alt=\"Referent\" srcset=\"https:\/\/www.bibbs.at\/wp-content\/uploads\/2021\/04\/Referent.jpg 284w, https:\/\/www.bibbs.at\/wp-content\/uploads\/2021\/04\/Referent-150x150.jpg 150w\" sizes=\"(max-width: 284px) 100vw, 284px\" \/><\/figure><div class=\"elementor-image-box-content\"><h3 class=\"elementor-image-box-title\">Maria Seher<\/h3><\/div><\/div>\t\t\t\t<\/div>\n\t\t\t\t<\/div>\n\t\t\t\t\t<\/div>\n\t\t<\/div>\n\t\t\t\t\t<\/div>\n\t\t<\/section>\n\t\t\t\t<\/div>\n\t\t","protected":false},"excerpt":{"rendered":"<p>Ausbildungslehrgang &#8211; Modul 1 EINF\u00dcHRUNG BIBLIOTHEKSWESEN Entwicklung der Schulbibliotheken in \u00d6sterreich Die Entwicklung der Schulbibliothek an h\u00f6heren Schulen seit 1982 spiegelt sich in den einzelnen Grundsatzerl\u00e4ssen zur Leseerziehung. \u00a0 \u2013 Grundsatzerlass zur Leseerziehung von 1982 bis 2017 \u00a0 Verwaltung einer Schulbibliothek \u00a0 \u2013 Gesetzliche Grundlagen und Modellbeschreibung \u00a0 Bestandsaufbau \u00a0 \u2013 Beschaffung \u2013 Inventarisierung und [&hellip;]<\/p>\n","protected":false},"author":1,"featured_media":0,"parent":0,"menu_order":0,"comment_status":"closed","ping_status":"closed","template":"elementor_header_footer","meta":{"two_page_speed":[],"footnotes":""},"class_list":["post-633","page","type-page","status-publish","hentry"],"yoast_head":"<!-- This site is optimized with the Yoast SEO plugin v25.1 - https:\/\/yoast.com\/wordpress\/plugins\/seo\/ -->\n<title>Modul 1 - bibbs.at<\/title>\n<meta name=\"description\" content=\"Entdecken Sie Bildung und B\u00fccher auf\u00a0bibbs.at! Finden Sie Informationen zu Schulbibliotheken, Veranstaltungen und Kursen in Ihrer N\u00e4he.\" \/>\n<meta name=\"robots\" content=\"index, follow, max-snippet:-1, max-image-preview:large, max-video-preview:-1\" \/>\n<link rel=\"canonical\" href=\"https:\/\/www.bibbs.at\/?page_id=633\" \/>\n<meta property=\"og:locale\" content=\"de_DE\" \/>\n<meta property=\"og:type\" content=\"article\" \/>\n<meta property=\"og:title\" content=\"Modul 1 - bibbs.at\" \/>\n<meta property=\"og:description\" content=\"Entdecken Sie Bildung und B\u00fccher auf\u00a0bibbs.at! Finden Sie Informationen zu Schulbibliotheken, Veranstaltungen und Kursen in Ihrer N\u00e4he.\" \/>\n<meta property=\"og:url\" content=\"https:\/\/www.bibbs.at\/?page_id=633\" \/>\n<meta property=\"og:site_name\" content=\"bibbs.at\" \/>\n<meta property=\"article:modified_time\" content=\"2021-04-23T10:53:05+00:00\" \/>\n<meta property=\"og:image\" content=\"https:\/\/www.bibbs.at\/wp-content\/uploads\/2021\/04\/Referent.jpg\" \/>\n<meta name=\"twitter:card\" content=\"summary_large_image\" \/>\n<meta name=\"twitter:label1\" content=\"Gesch\u00e4tzte Lesezeit\" \/>\n\t<meta name=\"twitter:data1\" content=\"1 Minute\" \/>\n<script type=\"application\/ld+json\" class=\"yoast-schema-graph\">{\"@context\":\"https:\/\/schema.org\",\"@graph\":[{\"@type\":\"WebPage\",\"@id\":\"https:\/\/www.bibbs.at\/?page_id=633\",\"url\":\"https:\/\/www.bibbs.at\/?page_id=633\",\"name\":\"Modul 1 - bibbs.at\",\"isPartOf\":{\"@id\":\"https:\/\/www.bibbs.at\/#website\"},\"primaryImageOfPage\":{\"@id\":\"https:\/\/www.bibbs.at\/?page_id=633#primaryimage\"},\"image\":{\"@id\":\"https:\/\/www.bibbs.at\/?page_id=633#primaryimage\"},\"thumbnailUrl\":\"https:\/\/www.bibbs.at\/wp-content\/uploads\/2021\/04\/Referent.jpg\",\"datePublished\":\"2021-01-13T14:01:09+00:00\",\"dateModified\":\"2021-04-23T10:53:05+00:00\",\"description\":\"Entdecken Sie Bildung und B\u00fccher auf\u00a0bibbs.at! Finden Sie Informationen zu Schulbibliotheken, Veranstaltungen und Kursen in Ihrer N\u00e4he.\",\"breadcrumb\":{\"@id\":\"https:\/\/www.bibbs.at\/?page_id=633#breadcrumb\"},\"inLanguage\":\"de-AT\",\"potentialAction\":[{\"@type\":\"ReadAction\",\"target\":[\"https:\/\/www.bibbs.at\/?page_id=633\"]}]},{\"@type\":\"ImageObject\",\"inLanguage\":\"de-AT\",\"@id\":\"https:\/\/www.bibbs.at\/?page_id=633#primaryimage\",\"url\":\"https:\/\/www.bibbs.at\/wp-content\/uploads\/2021\/04\/Referent.jpg\",\"contentUrl\":\"https:\/\/www.bibbs.at\/wp-content\/uploads\/2021\/04\/Referent.jpg\",\"width\":284,\"height\":284,\"caption\":\"Referent\"},{\"@type\":\"BreadcrumbList\",\"@id\":\"https:\/\/www.bibbs.at\/?page_id=633#breadcrumb\",\"itemListElement\":[{\"@type\":\"ListItem\",\"position\":1,\"name\":\"Home\",\"item\":\"https:\/\/www.bibbs.at\/\"},{\"@type\":\"ListItem\",\"position\":2,\"name\":\"Modul 1\"}]},{\"@type\":\"WebSite\",\"@id\":\"https:\/\/www.bibbs.at\/#website\",\"url\":\"https:\/\/www.bibbs.at\/\",\"name\":\"bibbs.at\",\"description\":\"BiBBS \u2013 Bibliothekarinnen an berufsbildenden Schulen\",\"publisher\":{\"@id\":\"https:\/\/www.bibbs.at\/#organization\"},\"potentialAction\":[{\"@type\":\"SearchAction\",\"target\":{\"@type\":\"EntryPoint\",\"urlTemplate\":\"https:\/\/www.bibbs.at\/?s={search_term_string}\"},\"query-input\":{\"@type\":\"PropertyValueSpecification\",\"valueRequired\":true,\"valueName\":\"search_term_string\"}}],\"inLanguage\":\"de-AT\"},{\"@type\":\"Organization\",\"@id\":\"https:\/\/www.bibbs.at\/#organization\",\"name\":\"bibbs.at\",\"url\":\"https:\/\/www.bibbs.at\/\",\"logo\":{\"@type\":\"ImageObject\",\"inLanguage\":\"de-AT\",\"@id\":\"https:\/\/www.bibbs.at\/#\/schema\/logo\/image\/\",\"url\":\"https:\/\/www.bibbs.at\/wp-content\/uploads\/2020\/10\/image2.png\",\"contentUrl\":\"https:\/\/www.bibbs.at\/wp-content\/uploads\/2020\/10\/image2.png\",\"width\":472,\"height\":162,\"caption\":\"bibbs.at\"},\"image\":{\"@id\":\"https:\/\/www.bibbs.at\/#\/schema\/logo\/image\/\"}}]}<\/script>\n<!-- \/ Yoast SEO plugin. -->","yoast_head_json":{"title":"Modul 1 - bibbs.at","description":"Entdecken Sie Bildung und B\u00fccher auf\u00a0bibbs.at! Finden Sie Informationen zu Schulbibliotheken, Veranstaltungen und Kursen in Ihrer N\u00e4he.","robots":{"index":"index","follow":"follow","max-snippet":"max-snippet:-1","max-image-preview":"max-image-preview:large","max-video-preview":"max-video-preview:-1"},"canonical":"https:\/\/www.bibbs.at\/?page_id=633","og_locale":"de_DE","og_type":"article","og_title":"Modul 1 - bibbs.at","og_description":"Entdecken Sie Bildung und B\u00fccher auf\u00a0bibbs.at! Finden Sie Informationen zu Schulbibliotheken, Veranstaltungen und Kursen in Ihrer N\u00e4he.","og_url":"https:\/\/www.bibbs.at\/?page_id=633","og_site_name":"bibbs.at","article_modified_time":"2021-04-23T10:53:05+00:00","og_image":[{"url":"https:\/\/www.bibbs.at\/wp-content\/uploads\/2021\/04\/Referent.jpg","type":"","width":"","height":""}],"twitter_card":"summary_large_image","twitter_misc":{"Gesch\u00e4tzte Lesezeit":"1 Minute"},"schema":{"@context":"https:\/\/schema.org","@graph":[{"@type":"WebPage","@id":"https:\/\/www.bibbs.at\/?page_id=633","url":"https:\/\/www.bibbs.at\/?page_id=633","name":"Modul 1 - bibbs.at","isPartOf":{"@id":"https:\/\/www.bibbs.at\/#website"},"primaryImageOfPage":{"@id":"https:\/\/www.bibbs.at\/?page_id=633#primaryimage"},"image":{"@id":"https:\/\/www.bibbs.at\/?page_id=633#primaryimage"},"thumbnailUrl":"https:\/\/www.bibbs.at\/wp-content\/uploads\/2021\/04\/Referent.jpg","datePublished":"2021-01-13T14:01:09+00:00","dateModified":"2021-04-23T10:53:05+00:00","description":"Entdecken Sie Bildung und B\u00fccher auf\u00a0bibbs.at! Finden Sie Informationen zu Schulbibliotheken, Veranstaltungen und Kursen in Ihrer N\u00e4he.","breadcrumb":{"@id":"https:\/\/www.bibbs.at\/?page_id=633#breadcrumb"},"inLanguage":"de-AT","potentialAction":[{"@type":"ReadAction","target":["https:\/\/www.bibbs.at\/?page_id=633"]}]},{"@type":"ImageObject","inLanguage":"de-AT","@id":"https:\/\/www.bibbs.at\/?page_id=633#primaryimage","url":"https:\/\/www.bibbs.at\/wp-content\/uploads\/2021\/04\/Referent.jpg","contentUrl":"https:\/\/www.bibbs.at\/wp-content\/uploads\/2021\/04\/Referent.jpg","width":284,"height":284,"caption":"Referent"},{"@type":"BreadcrumbList","@id":"https:\/\/www.bibbs.at\/?page_id=633#breadcrumb","itemListElement":[{"@type":"ListItem","position":1,"name":"Home","item":"https:\/\/www.bibbs.at\/"},{"@type":"ListItem","position":2,"name":"Modul 1"}]},{"@type":"WebSite","@id":"https:\/\/www.bibbs.at\/#website","url":"https:\/\/www.bibbs.at\/","name":"bibbs.at","description":"BiBBS \u2013 Bibliothekarinnen an berufsbildenden Schulen","publisher":{"@id":"https:\/\/www.bibbs.at\/#organization"},"potentialAction":[{"@type":"SearchAction","target":{"@type":"EntryPoint","urlTemplate":"https:\/\/www.bibbs.at\/?s={search_term_string}"},"query-input":{"@type":"PropertyValueSpecification","valueRequired":true,"valueName":"search_term_string"}}],"inLanguage":"de-AT"},{"@type":"Organization","@id":"https:\/\/www.bibbs.at\/#organization","name":"bibbs.at","url":"https:\/\/www.bibbs.at\/","logo":{"@type":"ImageObject","inLanguage":"de-AT","@id":"https:\/\/www.bibbs.at\/#\/schema\/logo\/image\/","url":"https:\/\/www.bibbs.at\/wp-content\/uploads\/2020\/10\/image2.png","contentUrl":"https:\/\/www.bibbs.at\/wp-content\/uploads\/2020\/10\/image2.png","width":472,"height":162,"caption":"bibbs.at"},"image":{"@id":"https:\/\/www.bibbs.at\/#\/schema\/logo\/image\/"}}]}},"_links":{"self":[{"href":"https:\/\/www.bibbs.at\/index.php?rest_route=\/wp\/v2\/pages\/633","targetHints":{"allow":["GET"]}}],"collection":[{"href":"https:\/\/www.bibbs.at\/index.php?rest_route=\/wp\/v2\/pages"}],"about":[{"href":"https:\/\/www.bibbs.at\/index.php?rest_route=\/wp\/v2\/types\/page"}],"author":[{"embeddable":true,"href":"https:\/\/www.bibbs.at\/index.php?rest_route=\/wp\/v2\/users\/1"}],"replies":[{"embeddable":true,"href":"https:\/\/www.bibbs.at\/index.php?rest_route=%2Fwp%2Fv2%2Fcomments&post=633"}],"version-history":[{"count":20,"href":"https:\/\/www.bibbs.at\/index.php?rest_route=\/wp\/v2\/pages\/633\/revisions"}],"predecessor-version":[{"id":4125,"href":"https:\/\/www.bibbs.at\/index.php?rest_route=\/wp\/v2\/pages\/633\/revisions\/4125"}],"wp:attachment":[{"href":"https:\/\/www.bibbs.at\/index.php?rest_route=%2Fwp%2Fv2%2Fmedia&parent=633"}],"curies":[{"name":"wp","href":"https:\/\/api.w.org\/{rel}","templated":true}]}}