
{"id":504,"date":"2021-01-03T18:07:19","date_gmt":"2021-01-03T17:07:19","guid":{"rendered":"https:\/\/neu.bibbs.at\/?page_id=504"},"modified":"2021-06-07T12:51:51","modified_gmt":"2021-06-07T10:51:51","slug":"service-koordination","status":"publish","type":"page","link":"https:\/\/www.bibbs.at\/?page_id=504","title":{"rendered":"Service &#038; Koordination"},"content":{"rendered":"\t\t<div data-elementor-type=\"wp-page\" data-elementor-id=\"504\" class=\"elementor elementor-504\" data-elementor-post-type=\"page\">\n\t\t\t\t\t\t<section class=\"elementor-section elementor-top-section elementor-element elementor-element-c3bf5ae elementor-section-boxed elementor-section-height-default elementor-section-height-default\" data-id=\"c3bf5ae\" data-element_type=\"section\">\n\t\t\t\t\t\t<div class=\"elementor-container elementor-column-gap-default\">\n\t\t\t\t\t<div class=\"elementor-column elementor-col-100 elementor-top-column elementor-element elementor-element-e623076 elementor-hidden-phone\" data-id=\"e623076\" data-element_type=\"column\">\n\t\t\t<div class=\"elementor-widget-wrap elementor-element-populated\">\n\t\t\t\t\t\t<div class=\"elementor-element elementor-element-3b0d4a6 elementor-widget elementor-widget-spacer\" data-id=\"3b0d4a6\" data-element_type=\"widget\" data-widget_type=\"spacer.default\">\n\t\t\t\t<div class=\"elementor-widget-container\">\n\t\t\t\t\t\t\t<div class=\"elementor-spacer\">\n\t\t\t<div class=\"elementor-spacer-inner\"><\/div>\n\t\t<\/div>\n\t\t\t\t\t\t<\/div>\n\t\t\t\t<\/div>\n\t\t\t\t\t<\/div>\n\t\t<\/div>\n\t\t\t\t\t<\/div>\n\t\t<\/section>\n\t\t\t\t<section class=\"elementor-section elementor-top-section elementor-element elementor-element-a694bd0 elementor-section-boxed elementor-section-height-default elementor-section-height-default\" data-id=\"a694bd0\" data-element_type=\"section\">\n\t\t\t\t\t\t<div class=\"elementor-container elementor-column-gap-default\">\n\t\t\t\t\t<div class=\"elementor-column elementor-col-100 elementor-top-column elementor-element elementor-element-671f604\" data-id=\"671f604\" data-element_type=\"column\">\n\t\t\t<div class=\"elementor-widget-wrap elementor-element-populated\">\n\t\t\t\t\t\t<div class=\"elementor-element elementor-element-8c7bd67 elementor-widget elementor-widget-heading\" data-id=\"8c7bd67\" data-element_type=\"widget\" data-widget_type=\"heading.default\">\n\t\t\t\t<div class=\"elementor-widget-container\">\n\t\t\t\t\t<h2 class=\"elementor-heading-title elementor-size-default\">Koordinationsstelle f\u00fcr Bibliotheken an berufsbildenden Schulen<\/h2>\t\t\t\t<\/div>\n\t\t\t\t<\/div>\n\t\t\t\t\t<\/div>\n\t\t<\/div>\n\t\t\t\t\t<\/div>\n\t\t<\/section>\n\t\t\t\t<section class=\"elementor-section elementor-top-section elementor-element elementor-element-b4d6fce elementor-section-boxed elementor-section-height-default elementor-section-height-default\" data-id=\"b4d6fce\" data-element_type=\"section\">\n\t\t\t\t\t\t<div class=\"elementor-container elementor-column-gap-default\">\n\t\t\t\t\t<div class=\"elementor-column elementor-col-100 elementor-top-column elementor-element elementor-element-bc5e8ad elementor-hidden-phone\" data-id=\"bc5e8ad\" data-element_type=\"column\">\n\t\t\t<div class=\"elementor-widget-wrap elementor-element-populated\">\n\t\t\t\t\t\t<div class=\"elementor-element elementor-element-8f276a1 elementor-widget elementor-widget-spacer\" data-id=\"8f276a1\" data-element_type=\"widget\" data-widget_type=\"spacer.default\">\n\t\t\t\t<div class=\"elementor-widget-container\">\n\t\t\t\t\t\t\t<div class=\"elementor-spacer\">\n\t\t\t<div class=\"elementor-spacer-inner\"><\/div>\n\t\t<\/div>\n\t\t\t\t\t\t<\/div>\n\t\t\t\t<\/div>\n\t\t\t\t\t<\/div>\n\t\t<\/div>\n\t\t\t\t\t<\/div>\n\t\t<\/section>\n\t\t\t\t<section class=\"elementor-section elementor-top-section elementor-element elementor-element-acbf395 elementor-section-boxed elementor-section-height-default elementor-section-height-default\" data-id=\"acbf395\" data-element_type=\"section\">\n\t\t\t\t\t\t<div class=\"elementor-container elementor-column-gap-default\">\n\t\t\t\t\t<div class=\"elementor-column elementor-col-66 elementor-top-column elementor-element elementor-element-811be94\" data-id=\"811be94\" data-element_type=\"column\">\n\t\t\t<div class=\"elementor-widget-wrap elementor-element-populated\">\n\t\t\t\t\t\t<div class=\"elementor-element elementor-element-a8a8715 elementor-widget elementor-widget-text-editor\" data-id=\"a8a8715\" data-element_type=\"widget\" data-widget_type=\"text-editor.default\">\n\t\t\t\t<div class=\"elementor-widget-container\">\n\t\t\t\t\t\t\t\t\t<div class=\"wpb_text_column wpb_content_element \"><div class=\"wpb_wrapper\"><p><strong>Seit 2014 leite ich die Koordinationsstelle f\u00fcr Schulbibliotheken an berufsbildenden Schulen.<\/strong><\/p><p>Wenn Sie Fragen zur Schulbibliothek haben, k\u00f6nnen Sie sich gerne an mich wenden.<\/p><p>Dies gilt insbesondere f\u00fcr folgende Themen:<\/p><p>\u00a0<\/p><ul><li>Ausbildungslehrgang<\/li><li>Ansuchen um Genehmigung einer Schulbibliothek<\/li><li>Einrichtung<\/li><li>Bestandsaufbau<\/li><li>Rechtliche Fragen<\/li><li>Bibliotheksdidaktik<\/li><\/ul><p>Sie erreichen mich jeden Dienstag von 8.30 bis 12.30 an der P\u00e4dagogischen Hochschule Ober\u00f6sterreich unter 0732\/7470-7240 oder 0732 74 70-7241.<\/p><p>Gerne k\u00f6nnen Sie mich auch per E-Mail erreichen:<\/p><p><u><a href=\"mailto:ursula.badran@ph-ooe.at\">ursula.badran@ph-ooe.at<\/a><\/u><\/p><\/div><\/div><div class=\"vc_empty_space\">\u00a0<\/div>\t\t\t\t\t\t\t\t<\/div>\n\t\t\t\t<\/div>\n\t\t\t\t\t<\/div>\n\t\t<\/div>\n\t\t\t\t<div class=\"elementor-column elementor-col-33 elementor-top-column elementor-element elementor-element-4e8792c\" data-id=\"4e8792c\" data-element_type=\"column\">\n\t\t\t<div class=\"elementor-widget-wrap elementor-element-populated\">\n\t\t\t\t\t\t<div class=\"elementor-element elementor-element-8cf0b5d elementor-widget elementor-widget-heading\" data-id=\"8cf0b5d\" data-element_type=\"widget\" data-widget_type=\"heading.default\">\n\t\t\t\t<div class=\"elementor-widget-container\">\n\t\t\t\t\t<h2 class=\"elementor-heading-title elementor-size-default\">Kontakt<\/h2>\t\t\t\t<\/div>\n\t\t\t\t<\/div>\n\t\t\t\t<div class=\"elementor-element elementor-element-c3f27a1 elementor-widget elementor-widget-text-editor\" data-id=\"c3f27a1\" data-element_type=\"widget\" data-widget_type=\"text-editor.default\">\n\t\t\t\t<div class=\"elementor-widget-container\">\n\t\t\t\t\t\t\t\t\t<p><img fetchpriority=\"high\" decoding=\"async\" class=\"aligncenter wp-image-985 size-medium\" src=\"https:\/\/www.bibbs.at\/wp-content\/uploads\/2021\/01\/badran-214x300.jpg\" alt=\"\" width=\"214\" height=\"300\" srcset=\"https:\/\/www.bibbs.at\/wp-content\/uploads\/2021\/01\/badran-214x300.jpg 214w, https:\/\/www.bibbs.at\/wp-content\/uploads\/2021\/01\/badran.jpg 457w\" sizes=\"(max-width: 214px) 100vw, 214px\" \/><\/p><p style=\"text-align: center;\">Koordinationsstelle BiBBS<\/p><p style=\"text-align: center;\">Ursula Badran BEd<\/p><p style=\"text-align: center;\">0732\/7470-7240 oder<br \/>0732 74 70-7241<\/p><p style=\"text-align: center;\"><u><a href=\"mailto:ursula.badran@ph-ooe.at\">ursula.badran@ph-ooe.at<\/a><\/u><\/p><p style=\"text-align: center;\">DI 8:30 \u2013 12:30 Uhr<\/p><p><img decoding=\"async\" class=\"aligncenter wp-image-577 size-full\" src=\"https:\/\/www.bibbs.at\/wp-content\/uploads\/2021\/01\/Koordinationsstelle_pho.png\" alt=\"\" width=\"275\" height=\"183\" \/><\/p>\t\t\t\t\t\t\t\t<\/div>\n\t\t\t\t<\/div>\n\t\t\t\t\t<\/div>\n\t\t<\/div>\n\t\t\t\t\t<\/div>\n\t\t<\/section>\n\t\t\t\t<\/div>\n\t\t","protected":false},"excerpt":{"rendered":"<p>Koordinationsstelle f\u00fcr Bibliotheken an berufsbildenden Schulen Seit 2014 leite ich die Koordinationsstelle f\u00fcr Schulbibliotheken an berufsbildenden Schulen. Wenn Sie Fragen zur Schulbibliothek haben, k\u00f6nnen Sie sich gerne an mich wenden. Dies gilt insbesondere f\u00fcr folgende Themen: \u00a0 Ausbildungslehrgang Ansuchen um Genehmigung einer Schulbibliothek Einrichtung Bestandsaufbau Rechtliche Fragen Bibliotheksdidaktik Sie erreichen mich jeden Dienstag von 8.30 [&hellip;]<\/p>\n","protected":false},"author":1,"featured_media":0,"parent":0,"menu_order":0,"comment_status":"closed","ping_status":"closed","template":"elementor_header_footer","meta":{"two_page_speed":[],"footnotes":""},"class_list":["post-504","page","type-page","status-publish","hentry"],"yoast_head":"<!-- This site is optimized with the Yoast SEO plugin v25.1 - https:\/\/yoast.com\/wordpress\/plugins\/seo\/ -->\n<title>Service &amp; Koordination - bibbs.at<\/title>\n<meta name=\"description\" content=\"Entdecken Sie Bildung und B\u00fccher auf\u00a0bibbs.at! Finden Sie Informationen zu Schulbibliotheken, Veranstaltungen und Kursen in Ihrer N\u00e4he.\" \/>\n<meta name=\"robots\" content=\"index, follow, max-snippet:-1, max-image-preview:large, max-video-preview:-1\" \/>\n<link rel=\"canonical\" href=\"https:\/\/www.bibbs.at\/?page_id=504\" \/>\n<meta property=\"og:locale\" content=\"de_DE\" \/>\n<meta property=\"og:type\" content=\"article\" \/>\n<meta property=\"og:title\" content=\"Service &amp; Koordination - bibbs.at\" \/>\n<meta property=\"og:description\" content=\"Entdecken Sie Bildung und B\u00fccher auf\u00a0bibbs.at! Finden Sie Informationen zu Schulbibliotheken, Veranstaltungen und Kursen in Ihrer N\u00e4he.\" \/>\n<meta property=\"og:url\" content=\"https:\/\/www.bibbs.at\/?page_id=504\" \/>\n<meta property=\"og:site_name\" content=\"bibbs.at\" \/>\n<meta property=\"article:modified_time\" content=\"2021-06-07T10:51:51+00:00\" \/>\n<meta property=\"og:image\" content=\"https:\/\/www.bibbs.at\/wp-content\/uploads\/2021\/01\/badran-214x300.jpg\" \/>\n<meta name=\"twitter:card\" content=\"summary_large_image\" \/>\n<meta name=\"twitter:label1\" content=\"Gesch\u00e4tzte Lesezeit\" \/>\n\t<meta name=\"twitter:data1\" content=\"1 Minute\" \/>\n<script type=\"application\/ld+json\" class=\"yoast-schema-graph\">{\"@context\":\"https:\/\/schema.org\",\"@graph\":[{\"@type\":\"WebPage\",\"@id\":\"https:\/\/www.bibbs.at\/?page_id=504\",\"url\":\"https:\/\/www.bibbs.at\/?page_id=504\",\"name\":\"Service & Koordination - bibbs.at\",\"isPartOf\":{\"@id\":\"https:\/\/www.bibbs.at\/#website\"},\"primaryImageOfPage\":{\"@id\":\"https:\/\/www.bibbs.at\/?page_id=504#primaryimage\"},\"image\":{\"@id\":\"https:\/\/www.bibbs.at\/?page_id=504#primaryimage\"},\"thumbnailUrl\":\"https:\/\/www.bibbs.at\/wp-content\/uploads\/2021\/01\/badran-214x300.jpg\",\"datePublished\":\"2021-01-03T17:07:19+00:00\",\"dateModified\":\"2021-06-07T10:51:51+00:00\",\"description\":\"Entdecken Sie Bildung und B\u00fccher auf\u00a0bibbs.at! Finden Sie Informationen zu Schulbibliotheken, Veranstaltungen und Kursen in Ihrer N\u00e4he.\",\"breadcrumb\":{\"@id\":\"https:\/\/www.bibbs.at\/?page_id=504#breadcrumb\"},\"inLanguage\":\"de-AT\",\"potentialAction\":[{\"@type\":\"ReadAction\",\"target\":[\"https:\/\/www.bibbs.at\/?page_id=504\"]}]},{\"@type\":\"ImageObject\",\"inLanguage\":\"de-AT\",\"@id\":\"https:\/\/www.bibbs.at\/?page_id=504#primaryimage\",\"url\":\"https:\/\/www.bibbs.at\/wp-content\/uploads\/2021\/01\/badran.jpg\",\"contentUrl\":\"https:\/\/www.bibbs.at\/wp-content\/uploads\/2021\/01\/badran.jpg\",\"width\":457,\"height\":640},{\"@type\":\"BreadcrumbList\",\"@id\":\"https:\/\/www.bibbs.at\/?page_id=504#breadcrumb\",\"itemListElement\":[{\"@type\":\"ListItem\",\"position\":1,\"name\":\"Home\",\"item\":\"https:\/\/www.bibbs.at\/\"},{\"@type\":\"ListItem\",\"position\":2,\"name\":\"Service &#038; Koordination\"}]},{\"@type\":\"WebSite\",\"@id\":\"https:\/\/www.bibbs.at\/#website\",\"url\":\"https:\/\/www.bibbs.at\/\",\"name\":\"bibbs.at\",\"description\":\"BiBBS \u2013 Bibliothekarinnen an berufsbildenden Schulen\",\"publisher\":{\"@id\":\"https:\/\/www.bibbs.at\/#organization\"},\"potentialAction\":[{\"@type\":\"SearchAction\",\"target\":{\"@type\":\"EntryPoint\",\"urlTemplate\":\"https:\/\/www.bibbs.at\/?s={search_term_string}\"},\"query-input\":{\"@type\":\"PropertyValueSpecification\",\"valueRequired\":true,\"valueName\":\"search_term_string\"}}],\"inLanguage\":\"de-AT\"},{\"@type\":\"Organization\",\"@id\":\"https:\/\/www.bibbs.at\/#organization\",\"name\":\"bibbs.at\",\"url\":\"https:\/\/www.bibbs.at\/\",\"logo\":{\"@type\":\"ImageObject\",\"inLanguage\":\"de-AT\",\"@id\":\"https:\/\/www.bibbs.at\/#\/schema\/logo\/image\/\",\"url\":\"https:\/\/www.bibbs.at\/wp-content\/uploads\/2020\/10\/image2.png\",\"contentUrl\":\"https:\/\/www.bibbs.at\/wp-content\/uploads\/2020\/10\/image2.png\",\"width\":472,\"height\":162,\"caption\":\"bibbs.at\"},\"image\":{\"@id\":\"https:\/\/www.bibbs.at\/#\/schema\/logo\/image\/\"}}]}<\/script>\n<!-- \/ Yoast SEO plugin. -->","yoast_head_json":{"title":"Service & Koordination - bibbs.at","description":"Entdecken Sie Bildung und B\u00fccher auf\u00a0bibbs.at! Finden Sie Informationen zu Schulbibliotheken, Veranstaltungen und Kursen in Ihrer N\u00e4he.","robots":{"index":"index","follow":"follow","max-snippet":"max-snippet:-1","max-image-preview":"max-image-preview:large","max-video-preview":"max-video-preview:-1"},"canonical":"https:\/\/www.bibbs.at\/?page_id=504","og_locale":"de_DE","og_type":"article","og_title":"Service & Koordination - bibbs.at","og_description":"Entdecken Sie Bildung und B\u00fccher auf\u00a0bibbs.at! Finden Sie Informationen zu Schulbibliotheken, Veranstaltungen und Kursen in Ihrer N\u00e4he.","og_url":"https:\/\/www.bibbs.at\/?page_id=504","og_site_name":"bibbs.at","article_modified_time":"2021-06-07T10:51:51+00:00","og_image":[{"url":"https:\/\/www.bibbs.at\/wp-content\/uploads\/2021\/01\/badran-214x300.jpg","type":"","width":"","height":""}],"twitter_card":"summary_large_image","twitter_misc":{"Gesch\u00e4tzte Lesezeit":"1 Minute"},"schema":{"@context":"https:\/\/schema.org","@graph":[{"@type":"WebPage","@id":"https:\/\/www.bibbs.at\/?page_id=504","url":"https:\/\/www.bibbs.at\/?page_id=504","name":"Service & Koordination - bibbs.at","isPartOf":{"@id":"https:\/\/www.bibbs.at\/#website"},"primaryImageOfPage":{"@id":"https:\/\/www.bibbs.at\/?page_id=504#primaryimage"},"image":{"@id":"https:\/\/www.bibbs.at\/?page_id=504#primaryimage"},"thumbnailUrl":"https:\/\/www.bibbs.at\/wp-content\/uploads\/2021\/01\/badran-214x300.jpg","datePublished":"2021-01-03T17:07:19+00:00","dateModified":"2021-06-07T10:51:51+00:00","description":"Entdecken Sie Bildung und B\u00fccher auf\u00a0bibbs.at! Finden Sie Informationen zu Schulbibliotheken, Veranstaltungen und Kursen in Ihrer N\u00e4he.","breadcrumb":{"@id":"https:\/\/www.bibbs.at\/?page_id=504#breadcrumb"},"inLanguage":"de-AT","potentialAction":[{"@type":"ReadAction","target":["https:\/\/www.bibbs.at\/?page_id=504"]}]},{"@type":"ImageObject","inLanguage":"de-AT","@id":"https:\/\/www.bibbs.at\/?page_id=504#primaryimage","url":"https:\/\/www.bibbs.at\/wp-content\/uploads\/2021\/01\/badran.jpg","contentUrl":"https:\/\/www.bibbs.at\/wp-content\/uploads\/2021\/01\/badran.jpg","width":457,"height":640},{"@type":"BreadcrumbList","@id":"https:\/\/www.bibbs.at\/?page_id=504#breadcrumb","itemListElement":[{"@type":"ListItem","position":1,"name":"Home","item":"https:\/\/www.bibbs.at\/"},{"@type":"ListItem","position":2,"name":"Service &#038; Koordination"}]},{"@type":"WebSite","@id":"https:\/\/www.bibbs.at\/#website","url":"https:\/\/www.bibbs.at\/","name":"bibbs.at","description":"BiBBS \u2013 Bibliothekarinnen an berufsbildenden Schulen","publisher":{"@id":"https:\/\/www.bibbs.at\/#organization"},"potentialAction":[{"@type":"SearchAction","target":{"@type":"EntryPoint","urlTemplate":"https:\/\/www.bibbs.at\/?s={search_term_string}"},"query-input":{"@type":"PropertyValueSpecification","valueRequired":true,"valueName":"search_term_string"}}],"inLanguage":"de-AT"},{"@type":"Organization","@id":"https:\/\/www.bibbs.at\/#organization","name":"bibbs.at","url":"https:\/\/www.bibbs.at\/","logo":{"@type":"ImageObject","inLanguage":"de-AT","@id":"https:\/\/www.bibbs.at\/#\/schema\/logo\/image\/","url":"https:\/\/www.bibbs.at\/wp-content\/uploads\/2020\/10\/image2.png","contentUrl":"https:\/\/www.bibbs.at\/wp-content\/uploads\/2020\/10\/image2.png","width":472,"height":162,"caption":"bibbs.at"},"image":{"@id":"https:\/\/www.bibbs.at\/#\/schema\/logo\/image\/"}}]}},"_links":{"self":[{"href":"https:\/\/www.bibbs.at\/index.php?rest_route=\/wp\/v2\/pages\/504","targetHints":{"allow":["GET"]}}],"collection":[{"href":"https:\/\/www.bibbs.at\/index.php?rest_route=\/wp\/v2\/pages"}],"about":[{"href":"https:\/\/www.bibbs.at\/index.php?rest_route=\/wp\/v2\/types\/page"}],"author":[{"embeddable":true,"href":"https:\/\/www.bibbs.at\/index.php?rest_route=\/wp\/v2\/users\/1"}],"replies":[{"embeddable":true,"href":"https:\/\/www.bibbs.at\/index.php?rest_route=%2Fwp%2Fv2%2Fcomments&post=504"}],"version-history":[{"count":11,"href":"https:\/\/www.bibbs.at\/index.php?rest_route=\/wp\/v2\/pages\/504\/revisions"}],"predecessor-version":[{"id":3375,"href":"https:\/\/www.bibbs.at\/index.php?rest_route=\/wp\/v2\/pages\/504\/revisions\/3375"}],"wp:attachment":[{"href":"https:\/\/www.bibbs.at\/index.php?rest_route=%2Fwp%2Fv2%2Fmedia&parent=504"}],"curies":[{"name":"wp","href":"https:\/\/api.w.org\/{rel}","templated":true}]}}