
{"id":496,"date":"2021-01-03T18:03:34","date_gmt":"2021-01-03T17:03:34","guid":{"rendered":"https:\/\/neu.bibbs.at\/?page_id=496"},"modified":"2021-04-23T12:52:05","modified_gmt":"2021-04-23T10:52:05","slug":"genehmigung","status":"publish","type":"page","link":"https:\/\/www.bibbs.at\/?page_id=496","title":{"rendered":"Genehmigung"},"content":{"rendered":"\t\t<div data-elementor-type=\"wp-page\" data-elementor-id=\"496\" class=\"elementor elementor-496\" data-elementor-post-type=\"page\">\n\t\t\t\t\t\t<section class=\"elementor-section elementor-top-section elementor-element elementor-element-0c0e963 elementor-section-boxed elementor-section-height-default elementor-section-height-default\" data-id=\"0c0e963\" data-element_type=\"section\">\n\t\t\t\t\t\t<div class=\"elementor-container elementor-column-gap-default\">\n\t\t\t\t\t<div class=\"elementor-column elementor-col-100 elementor-top-column elementor-element elementor-element-34b1db8\" data-id=\"34b1db8\" data-element_type=\"column\">\n\t\t\t<div class=\"elementor-widget-wrap elementor-element-populated\">\n\t\t\t\t\t\t<div class=\"elementor-element elementor-element-b6a3e31 elementor-widget elementor-widget-spacer\" data-id=\"b6a3e31\" data-element_type=\"widget\" data-widget_type=\"spacer.default\">\n\t\t\t\t<div class=\"elementor-widget-container\">\n\t\t\t\t\t\t\t<div class=\"elementor-spacer\">\n\t\t\t<div class=\"elementor-spacer-inner\"><\/div>\n\t\t<\/div>\n\t\t\t\t\t\t<\/div>\n\t\t\t\t<\/div>\n\t\t\t\t\t<\/div>\n\t\t<\/div>\n\t\t\t\t\t<\/div>\n\t\t<\/section>\n\t\t\t\t<section class=\"elementor-section elementor-top-section elementor-element elementor-element-0ff4106 elementor-section-boxed elementor-section-height-default elementor-section-height-default\" data-id=\"0ff4106\" data-element_type=\"section\">\n\t\t\t\t\t\t<div class=\"elementor-container elementor-column-gap-default\">\n\t\t\t\t\t<div class=\"elementor-column elementor-col-100 elementor-top-column elementor-element elementor-element-c45d65f\" data-id=\"c45d65f\" data-element_type=\"column\">\n\t\t\t<div class=\"elementor-widget-wrap elementor-element-populated\">\n\t\t\t\t\t\t<div class=\"elementor-element elementor-element-991cfe0 elementor-widget elementor-widget-heading\" data-id=\"991cfe0\" data-element_type=\"widget\" data-widget_type=\"heading.default\">\n\t\t\t\t<div class=\"elementor-widget-container\">\n\t\t\t\t\t<h2 class=\"elementor-heading-title elementor-size-default\">Genehmigung einer Schulbibliothek<\/h2>\t\t\t\t<\/div>\n\t\t\t\t<\/div>\n\t\t\t\t\t<\/div>\n\t\t<\/div>\n\t\t\t\t\t<\/div>\n\t\t<\/section>\n\t\t\t\t<section class=\"elementor-section elementor-top-section elementor-element elementor-element-153993b elementor-section-boxed elementor-section-height-default elementor-section-height-default\" data-id=\"153993b\" data-element_type=\"section\">\n\t\t\t\t\t\t<div class=\"elementor-container elementor-column-gap-default\">\n\t\t\t\t\t<div class=\"elementor-column elementor-col-100 elementor-top-column elementor-element elementor-element-2acae1f\" data-id=\"2acae1f\" data-element_type=\"column\">\n\t\t\t<div class=\"elementor-widget-wrap elementor-element-populated\">\n\t\t\t\t\t\t<div class=\"elementor-element elementor-element-a033111 elementor-widget elementor-widget-spacer\" data-id=\"a033111\" data-element_type=\"widget\" data-widget_type=\"spacer.default\">\n\t\t\t\t<div class=\"elementor-widget-container\">\n\t\t\t\t\t\t\t<div class=\"elementor-spacer\">\n\t\t\t<div class=\"elementor-spacer-inner\"><\/div>\n\t\t<\/div>\n\t\t\t\t\t\t<\/div>\n\t\t\t\t<\/div>\n\t\t\t\t\t<\/div>\n\t\t<\/div>\n\t\t\t\t\t<\/div>\n\t\t<\/section>\n\t\t\t\t<section class=\"elementor-section elementor-top-section elementor-element elementor-element-3951120 elementor-section-boxed elementor-section-height-default elementor-section-height-default\" data-id=\"3951120\" data-element_type=\"section\">\n\t\t\t\t\t\t<div class=\"elementor-container elementor-column-gap-default\">\n\t\t\t\t\t<div class=\"elementor-column elementor-col-100 elementor-top-column elementor-element elementor-element-51df7f9\" data-id=\"51df7f9\" data-element_type=\"column\">\n\t\t\t<div class=\"elementor-widget-wrap elementor-element-populated\">\n\t\t\t\t\t\t<div class=\"elementor-element elementor-element-e6efd71 elementor-widget elementor-widget-text-editor\" data-id=\"e6efd71\" data-element_type=\"widget\" data-widget_type=\"text-editor.default\">\n\t\t\t\t<div class=\"elementor-widget-container\">\n\t\t\t\t\t\t\t\t\t<p>Eine genehmigte Schulbibliothek bringt viele Vorteile. Der Bund unterst\u00fctzt die Anschaffung von Medien bei der Erstausstattung (nur Bundesschulen) und \u00fcbernimmt die Kosten f\u00fcr die SchulbibliothekarInnen. Deren T\u00e4tigkeit wird in die\u00a0<a href=\"https:\/\/bibbs.at\/?page_id=964\"><u>Lehrverpflichtung<\/u><\/a>\u00a0eingerechnet.<\/p><p>Welche\u00a0<u>Voraussetzungen<\/u>\u00a0sind f\u00fcr die Genehmigung zu erf\u00fcllen?<\/p><p>Zum einen ist eine Mindestsch\u00fcleranzahl von 300 erforderlich und zum anderen muss ein Bibliotheksraum entsprechender Gr\u00f6\u00dfe zur Verf\u00fcgung stehen. Die Raumgr\u00f6\u00dfe ist abh\u00e4ngig von der Menge der Sch\u00fcler.<\/p><p><strong>Gr\u00f6\u00dfenklassen f\u00fcr die Bibliothek:<\/strong><\/p><table><thead><tr><th>Gr\u00f6\u00dfenklasse<\/th><th>Anzahl der Sch\u00fcler\/innen<\/th><th>Raumgr\u00f6\u00dfe<\/th><th>in m\u00b2<\/th><\/tr><\/thead><tbody><tr><td>I<\/td><td>\u00dcber 300<\/td><td>Mindestens<\/td><td>75 m\u00b2<\/td><\/tr><tr><td>II<\/td><td>\u00dcber 600<\/td><td>Mindestens<\/td><td>100 m\u00b2<\/td><\/tr><tr><td>III<\/td><td>\u00dcber 1000<\/td><td>Mindestens<\/td><td>140 m\u00b2<\/td><\/tr><\/tbody><\/table><p>Wie l\u00e4uft das Genehmigungsverfahren ab?<\/p><ol><li><strong>Antrag der Schule<\/strong> auf Genehmigung einer Schulbibliothek im Dienstweg (von der Direktion \u00fcber die Bildungsdirektion) an das BMBWF.<br \/><em>Postanschrift:<\/em><br \/>Bundesministerium f\u00fcr Bildung, Wissenschaft und Forschung<br \/>Minoritenplatz 5<br \/>1010 Wien<br \/>Zust\u00e4ndig f\u00fcr die erlassm\u00e4\u00dfige Genehmigung der Schulbibliothek ist im Bundesministerium f\u00fcr Bildung, Wissenschaft und Forschung<br \/>RgR<sup>in<\/sup> \u00a0Waltraud Svoboda, Abt. II\/9,<br \/>Telefon: +43 1 53120-DW 4462<br \/>Frau RgR<sup>in<\/sup>\u00a0<sub>ADir.<sup>in<\/sup><\/sub>\u00a0waltraud.svoboda@bmbwf.gv.at<\/li><\/ol><ol start=\"2\"><li><strong>Mindestangaben\u00a0<\/strong>im Antrag und in den Beilagen:<ol><li>Sch\u00fcler\/innenzahl<\/li><li>Nachweis der Raumgr\u00f6\u00dfe (mit Plan!)<\/li><li>Nachweis der Einrichtung und Infrastruktur (mit Plan!)<\/li><\/ol><\/li><\/ol><ol start=\"3\"><li><strong>Umwidmung von R\u00e4umen:<br \/><\/strong>Der Antrag hat eine Aussage der Bildungsdirektion dar\u00fcber zu enthalten, ob f\u00fcr die Schaffung der r\u00e4umlichen Voraussetzungen f\u00fcr die Bibliothek R\u00e4ume umgewidmet werden mussten. Wenn Raumumwidmungen erforderlich waren (z. B. Klassenraum wurde f\u00fcr die Bibliothek umgewidmet), ist eine Best\u00e4tigung der Schule und der Bildungsdirektion vorzulegen, dass auf Grund dieser Umwidmung keine zus\u00e4tzlichen Budgetforderungen an den Bund gestellt werden (z.B. in der Folge f\u00fcr die Neuausstattung von Klassenr\u00e4umen, die m\u00f6glicherweise jetzt der Schule auf Grund der Umwidmung fehlen). Die Kosten f\u00fcr die Umwidmungen sind f\u00fcr die Schule aus dem Normalbudget zu bedecken.<\/li><\/ol><ol start=\"4\"><li><strong>Besonderheiten f\u00fcr Schulzentren:<\/strong><br \/>Da f\u00fcr ein Schulzentrum im Gesetz eine Gemeinschaftsbibliothek vorgesehen ist, ist ein gemeinschaftlicher Antrag aller Schulen des Schulzentrums vorzulegen.<\/li><\/ol><p>F\u00fcr alle weiteren Informationen siehe das Dokument<\/p><p><a href=\"https:\/\/bibbs.at\/?page_id=964\"><u>Informationen zum Modell \u201eSchulbibliothek an BMHS\u201c im Service-Bereich.<\/u><\/a><\/p>\t\t\t\t\t\t\t\t<\/div>\n\t\t\t\t<\/div>\n\t\t\t\t\t<\/div>\n\t\t<\/div>\n\t\t\t\t\t<\/div>\n\t\t<\/section>\n\t\t\t\t<\/div>\n\t\t","protected":false},"excerpt":{"rendered":"<p>Genehmigung einer Schulbibliothek Eine genehmigte Schulbibliothek bringt viele Vorteile. Der Bund unterst\u00fctzt die Anschaffung von Medien bei der Erstausstattung (nur Bundesschulen) und \u00fcbernimmt die Kosten f\u00fcr die SchulbibliothekarInnen. Deren T\u00e4tigkeit wird in die\u00a0Lehrverpflichtung\u00a0eingerechnet. Welche\u00a0Voraussetzungen\u00a0sind f\u00fcr die Genehmigung zu erf\u00fcllen? Zum einen ist eine Mindestsch\u00fcleranzahl von 300 erforderlich und zum anderen muss ein Bibliotheksraum entsprechender Gr\u00f6\u00dfe [&hellip;]<\/p>\n","protected":false},"author":1,"featured_media":0,"parent":0,"menu_order":0,"comment_status":"closed","ping_status":"closed","template":"elementor_header_footer","meta":{"two_page_speed":[],"footnotes":""},"class_list":["post-496","page","type-page","status-publish","hentry"],"yoast_head":"<!-- This site is optimized with the Yoast SEO plugin v25.1 - https:\/\/yoast.com\/wordpress\/plugins\/seo\/ -->\n<title>Genehmigung - bibbs.at<\/title>\n<meta name=\"description\" content=\"Entdecken Sie Bildung und B\u00fccher auf\u00a0bibbs.at! Finden Sie Informationen zu Schulbibliotheken, Veranstaltungen und Kursen in Ihrer N\u00e4he.\" \/>\n<meta name=\"robots\" content=\"index, follow, max-snippet:-1, max-image-preview:large, max-video-preview:-1\" \/>\n<link rel=\"canonical\" href=\"https:\/\/www.bibbs.at\/?page_id=496\" \/>\n<meta property=\"og:locale\" content=\"de_DE\" \/>\n<meta property=\"og:type\" content=\"article\" \/>\n<meta property=\"og:title\" content=\"Genehmigung - bibbs.at\" \/>\n<meta property=\"og:description\" content=\"Entdecken Sie Bildung und B\u00fccher auf\u00a0bibbs.at! Finden Sie Informationen zu Schulbibliotheken, Veranstaltungen und Kursen in Ihrer N\u00e4he.\" \/>\n<meta property=\"og:url\" content=\"https:\/\/www.bibbs.at\/?page_id=496\" \/>\n<meta property=\"og:site_name\" content=\"bibbs.at\" \/>\n<meta property=\"article:modified_time\" content=\"2021-04-23T10:52:05+00:00\" \/>\n<meta name=\"twitter:card\" content=\"summary_large_image\" \/>\n<meta name=\"twitter:label1\" content=\"Gesch\u00e4tzte Lesezeit\" \/>\n\t<meta name=\"twitter:data1\" content=\"2 Minuten\" \/>\n<script type=\"application\/ld+json\" class=\"yoast-schema-graph\">{\"@context\":\"https:\/\/schema.org\",\"@graph\":[{\"@type\":\"WebPage\",\"@id\":\"https:\/\/www.bibbs.at\/?page_id=496\",\"url\":\"https:\/\/www.bibbs.at\/?page_id=496\",\"name\":\"Genehmigung - bibbs.at\",\"isPartOf\":{\"@id\":\"https:\/\/www.bibbs.at\/#website\"},\"datePublished\":\"2021-01-03T17:03:34+00:00\",\"dateModified\":\"2021-04-23T10:52:05+00:00\",\"description\":\"Entdecken Sie Bildung und B\u00fccher auf\u00a0bibbs.at! Finden Sie Informationen zu Schulbibliotheken, Veranstaltungen und Kursen in Ihrer N\u00e4he.\",\"breadcrumb\":{\"@id\":\"https:\/\/www.bibbs.at\/?page_id=496#breadcrumb\"},\"inLanguage\":\"de-AT\",\"potentialAction\":[{\"@type\":\"ReadAction\",\"target\":[\"https:\/\/www.bibbs.at\/?page_id=496\"]}]},{\"@type\":\"BreadcrumbList\",\"@id\":\"https:\/\/www.bibbs.at\/?page_id=496#breadcrumb\",\"itemListElement\":[{\"@type\":\"ListItem\",\"position\":1,\"name\":\"Home\",\"item\":\"https:\/\/www.bibbs.at\/\"},{\"@type\":\"ListItem\",\"position\":2,\"name\":\"Genehmigung\"}]},{\"@type\":\"WebSite\",\"@id\":\"https:\/\/www.bibbs.at\/#website\",\"url\":\"https:\/\/www.bibbs.at\/\",\"name\":\"bibbs.at\",\"description\":\"BiBBS \u2013 Bibliothekarinnen an berufsbildenden Schulen\",\"publisher\":{\"@id\":\"https:\/\/www.bibbs.at\/#organization\"},\"potentialAction\":[{\"@type\":\"SearchAction\",\"target\":{\"@type\":\"EntryPoint\",\"urlTemplate\":\"https:\/\/www.bibbs.at\/?s={search_term_string}\"},\"query-input\":{\"@type\":\"PropertyValueSpecification\",\"valueRequired\":true,\"valueName\":\"search_term_string\"}}],\"inLanguage\":\"de-AT\"},{\"@type\":\"Organization\",\"@id\":\"https:\/\/www.bibbs.at\/#organization\",\"name\":\"bibbs.at\",\"url\":\"https:\/\/www.bibbs.at\/\",\"logo\":{\"@type\":\"ImageObject\",\"inLanguage\":\"de-AT\",\"@id\":\"https:\/\/www.bibbs.at\/#\/schema\/logo\/image\/\",\"url\":\"https:\/\/www.bibbs.at\/wp-content\/uploads\/2020\/10\/image2.png\",\"contentUrl\":\"https:\/\/www.bibbs.at\/wp-content\/uploads\/2020\/10\/image2.png\",\"width\":472,\"height\":162,\"caption\":\"bibbs.at\"},\"image\":{\"@id\":\"https:\/\/www.bibbs.at\/#\/schema\/logo\/image\/\"}}]}<\/script>\n<!-- \/ Yoast SEO plugin. -->","yoast_head_json":{"title":"Genehmigung - bibbs.at","description":"Entdecken Sie Bildung und B\u00fccher auf\u00a0bibbs.at! Finden Sie Informationen zu Schulbibliotheken, Veranstaltungen und Kursen in Ihrer N\u00e4he.","robots":{"index":"index","follow":"follow","max-snippet":"max-snippet:-1","max-image-preview":"max-image-preview:large","max-video-preview":"max-video-preview:-1"},"canonical":"https:\/\/www.bibbs.at\/?page_id=496","og_locale":"de_DE","og_type":"article","og_title":"Genehmigung - bibbs.at","og_description":"Entdecken Sie Bildung und B\u00fccher auf\u00a0bibbs.at! Finden Sie Informationen zu Schulbibliotheken, Veranstaltungen und Kursen in Ihrer N\u00e4he.","og_url":"https:\/\/www.bibbs.at\/?page_id=496","og_site_name":"bibbs.at","article_modified_time":"2021-04-23T10:52:05+00:00","twitter_card":"summary_large_image","twitter_misc":{"Gesch\u00e4tzte Lesezeit":"2 Minuten"},"schema":{"@context":"https:\/\/schema.org","@graph":[{"@type":"WebPage","@id":"https:\/\/www.bibbs.at\/?page_id=496","url":"https:\/\/www.bibbs.at\/?page_id=496","name":"Genehmigung - bibbs.at","isPartOf":{"@id":"https:\/\/www.bibbs.at\/#website"},"datePublished":"2021-01-03T17:03:34+00:00","dateModified":"2021-04-23T10:52:05+00:00","description":"Entdecken Sie Bildung und B\u00fccher auf\u00a0bibbs.at! Finden Sie Informationen zu Schulbibliotheken, Veranstaltungen und Kursen in Ihrer N\u00e4he.","breadcrumb":{"@id":"https:\/\/www.bibbs.at\/?page_id=496#breadcrumb"},"inLanguage":"de-AT","potentialAction":[{"@type":"ReadAction","target":["https:\/\/www.bibbs.at\/?page_id=496"]}]},{"@type":"BreadcrumbList","@id":"https:\/\/www.bibbs.at\/?page_id=496#breadcrumb","itemListElement":[{"@type":"ListItem","position":1,"name":"Home","item":"https:\/\/www.bibbs.at\/"},{"@type":"ListItem","position":2,"name":"Genehmigung"}]},{"@type":"WebSite","@id":"https:\/\/www.bibbs.at\/#website","url":"https:\/\/www.bibbs.at\/","name":"bibbs.at","description":"BiBBS \u2013 Bibliothekarinnen an berufsbildenden Schulen","publisher":{"@id":"https:\/\/www.bibbs.at\/#organization"},"potentialAction":[{"@type":"SearchAction","target":{"@type":"EntryPoint","urlTemplate":"https:\/\/www.bibbs.at\/?s={search_term_string}"},"query-input":{"@type":"PropertyValueSpecification","valueRequired":true,"valueName":"search_term_string"}}],"inLanguage":"de-AT"},{"@type":"Organization","@id":"https:\/\/www.bibbs.at\/#organization","name":"bibbs.at","url":"https:\/\/www.bibbs.at\/","logo":{"@type":"ImageObject","inLanguage":"de-AT","@id":"https:\/\/www.bibbs.at\/#\/schema\/logo\/image\/","url":"https:\/\/www.bibbs.at\/wp-content\/uploads\/2020\/10\/image2.png","contentUrl":"https:\/\/www.bibbs.at\/wp-content\/uploads\/2020\/10\/image2.png","width":472,"height":162,"caption":"bibbs.at"},"image":{"@id":"https:\/\/www.bibbs.at\/#\/schema\/logo\/image\/"}}]}},"_links":{"self":[{"href":"https:\/\/www.bibbs.at\/index.php?rest_route=\/wp\/v2\/pages\/496","targetHints":{"allow":["GET"]}}],"collection":[{"href":"https:\/\/www.bibbs.at\/index.php?rest_route=\/wp\/v2\/pages"}],"about":[{"href":"https:\/\/www.bibbs.at\/index.php?rest_route=\/wp\/v2\/types\/page"}],"author":[{"embeddable":true,"href":"https:\/\/www.bibbs.at\/index.php?rest_route=\/wp\/v2\/users\/1"}],"replies":[{"embeddable":true,"href":"https:\/\/www.bibbs.at\/index.php?rest_route=%2Fwp%2Fv2%2Fcomments&post=496"}],"version-history":[{"count":26,"href":"https:\/\/www.bibbs.at\/index.php?rest_route=\/wp\/v2\/pages\/496\/revisions"}],"predecessor-version":[{"id":3294,"href":"https:\/\/www.bibbs.at\/index.php?rest_route=\/wp\/v2\/pages\/496\/revisions\/3294"}],"wp:attachment":[{"href":"https:\/\/www.bibbs.at\/index.php?rest_route=%2Fwp%2Fv2%2Fmedia&parent=496"}],"curies":[{"name":"wp","href":"https:\/\/api.w.org\/{rel}","templated":true}]}}