
{"id":481,"date":"2021-01-03T17:54:51","date_gmt":"2021-01-03T16:54:51","guid":{"rendered":"https:\/\/neu.bibbs.at\/?page_id=481"},"modified":"2023-02-28T09:01:27","modified_gmt":"2023-02-28T08:01:27","slug":"bibliothekskongresse","status":"publish","type":"page","link":"https:\/\/www.bibbs.at\/?page_id=481","title":{"rendered":"Bibliothekskongresse"},"content":{"rendered":"\t\t<div data-elementor-type=\"wp-page\" data-elementor-id=\"481\" class=\"elementor elementor-481\" data-elementor-post-type=\"page\">\n\t\t\t\t\t\t<section class=\"elementor-section elementor-top-section elementor-element elementor-element-f1da715 elementor-section-boxed elementor-section-height-default elementor-section-height-default\" data-id=\"f1da715\" data-element_type=\"section\">\n\t\t\t\t\t\t<div class=\"elementor-container elementor-column-gap-default\">\n\t\t\t\t\t<div class=\"elementor-column elementor-col-100 elementor-top-column elementor-element elementor-element-7acd771\" data-id=\"7acd771\" data-element_type=\"column\">\n\t\t\t<div class=\"elementor-widget-wrap elementor-element-populated\">\n\t\t\t\t\t\t<div class=\"elementor-element elementor-element-89d9702 elementor-widget elementor-widget-spacer\" data-id=\"89d9702\" data-element_type=\"widget\" data-widget_type=\"spacer.default\">\n\t\t\t\t<div class=\"elementor-widget-container\">\n\t\t\t\t\t\t\t<div class=\"elementor-spacer\">\n\t\t\t<div class=\"elementor-spacer-inner\"><\/div>\n\t\t<\/div>\n\t\t\t\t\t\t<\/div>\n\t\t\t\t<\/div>\n\t\t\t\t\t<\/div>\n\t\t<\/div>\n\t\t\t\t\t<\/div>\n\t\t<\/section>\n\t\t\t\t<section class=\"elementor-section elementor-top-section elementor-element elementor-element-8e2ff35 elementor-section-boxed elementor-section-height-default elementor-section-height-default\" data-id=\"8e2ff35\" data-element_type=\"section\">\n\t\t\t\t\t\t<div class=\"elementor-container elementor-column-gap-default\">\n\t\t\t\t\t<div class=\"elementor-column elementor-col-100 elementor-top-column elementor-element elementor-element-3c294f1\" data-id=\"3c294f1\" data-element_type=\"column\">\n\t\t\t<div class=\"elementor-widget-wrap elementor-element-populated\">\n\t\t\t\t\t\t<div class=\"elementor-element elementor-element-4116cfe elementor-widget elementor-widget-heading\" data-id=\"4116cfe\" data-element_type=\"widget\" data-widget_type=\"heading.default\">\n\t\t\t\t<div class=\"elementor-widget-container\">\n\t\t\t\t\t<h2 class=\"elementor-heading-title elementor-size-default\">Bibliothekskongress des BV\u00d6<\/h2>\t\t\t\t<\/div>\n\t\t\t\t<\/div>\n\t\t\t\t\t<\/div>\n\t\t<\/div>\n\t\t\t\t\t<\/div>\n\t\t<\/section>\n\t\t\t\t<section class=\"elementor-section elementor-top-section elementor-element elementor-element-168893b elementor-section-boxed elementor-section-height-default elementor-section-height-default\" data-id=\"168893b\" data-element_type=\"section\">\n\t\t\t\t\t\t<div class=\"elementor-container elementor-column-gap-default\">\n\t\t\t\t\t<div class=\"elementor-column elementor-col-100 elementor-top-column elementor-element elementor-element-88c11a0\" data-id=\"88c11a0\" data-element_type=\"column\">\n\t\t\t<div class=\"elementor-widget-wrap elementor-element-populated\">\n\t\t\t\t\t\t<div class=\"elementor-element elementor-element-46bbaa5 elementor-widget elementor-widget-spacer\" data-id=\"46bbaa5\" data-element_type=\"widget\" data-widget_type=\"spacer.default\">\n\t\t\t\t<div class=\"elementor-widget-container\">\n\t\t\t\t\t\t\t<div class=\"elementor-spacer\">\n\t\t\t<div class=\"elementor-spacer-inner\"><\/div>\n\t\t<\/div>\n\t\t\t\t\t\t<\/div>\n\t\t\t\t<\/div>\n\t\t\t\t\t<\/div>\n\t\t<\/div>\n\t\t\t\t\t<\/div>\n\t\t<\/section>\n\t\t\t\t<section class=\"elementor-section elementor-top-section elementor-element elementor-element-df63aef elementor-section-boxed elementor-section-height-default elementor-section-height-default\" data-id=\"df63aef\" data-element_type=\"section\">\n\t\t\t\t\t\t<div class=\"elementor-container elementor-column-gap-default\">\n\t\t\t\t\t<div class=\"elementor-column elementor-col-100 elementor-top-column elementor-element elementor-element-3a48194\" data-id=\"3a48194\" data-element_type=\"column\">\n\t\t\t<div class=\"elementor-widget-wrap elementor-element-populated\">\n\t\t\t\t\t\t<div class=\"elementor-element elementor-element-93e5c4e elementor-widget elementor-widget-text-editor\" data-id=\"93e5c4e\" data-element_type=\"widget\" data-widget_type=\"text-editor.default\">\n\t\t\t\t<div class=\"elementor-widget-container\">\n\t\t\t\t\t\t\t\t\t<div class=\"vc_row wpb_row section vc_row-fluid vc_inner \">\n<div class=\" full_section_inner clearfix\">\n<div class=\"wpb_column vc_column_container vc_col-sm-8 vc_col-xs-9\">\n<div class=\"vc_column-inner\">\n<div class=\"wpb_wrapper\">\n<div class=\"wpb_text_column wpb_content_element \">\n<div class=\"wpb_wrapper\">\n\nDer B\u00fcchereiverband \u00d6sterreichs (BV\u00d6) veranstaltet alle zwei Jahre den<img decoding=\"async\" class=\"wp-image-707 size-full alignright\" src=\"https:\/\/www.bibbs.at\/wp-content\/uploads\/2021\/01\/bvoelogog.png\" alt=\"\" width=\"248\" height=\"137\" \/>\n\nInternationalen Bibliothekskongress. Dieser ist gepr\u00e4gt durch einen thematischen Schwerpunkt und anerkannte Referenten.\n\nDurch die aktuelle Corona-Situation wurden leider auch die letzten geplanten Kongresse abgesagt.\n\nF\u00fcr die Bibliothekskongresse der letzten Jahre hat der BV\u00d6 eine Homepage eingerichtet, auf der Informationen \u00fcber das Thema sowie Abstracts und Videos der Vortr\u00e4ge\u00a0 abgerufen werden k\u00f6nnen.\n\n<\/div>\n<\/div>\n<\/div>\n<\/div>\n<\/div>\n<\/div>\n<\/div>\n<img decoding=\"async\" class=\" wp-image-724 alignleft\" src=\"https:\/\/bibbs.at\/wp-content\/uploads\/2021\/01\/WO-300x227.jpg\" alt=\"\" width=\"221\" height=\"167\" srcset=\"https:\/\/www.bibbs.at\/wp-content\/uploads\/2021\/01\/WO-300x227.jpg 300w, https:\/\/www.bibbs.at\/wp-content\/uploads\/2021\/01\/WO.jpg 480w\" sizes=\"(max-width: 221px) 100vw, 221px\" \/>Anl\u00e4sslich des Jubil\u00e4ums \u201e100 Jahre Republik \u00d6sterreich\u201c im Jahr 2018 setzte sich der Bibliothekskongress intensiv mit dem Thema\u00a0\u201eBibliotheken und Demokratie\u201c\u00a0auseinander.\n<div class=\"wpb_text_column wpb_content_element \">\n<div class=\"wpb_wrapper\">\n\nBibliotheken sind die meistgenutzten \u00f6ffentlichen Kultur- und Bildungseinrichtungen, sie bieten uneingeschr\u00e4nkten Zugang zu Bildung und Information und haben somit gro\u00dfe politische Relevanz. Sie garantieren und f\u00f6rdern Informationsfreiheit und Meinungsvielfalt \u2013 sie sind Vermittler und Orte grundlegender demokratischer Werte.\n\nEinen R\u00fcckblick zum Bibliothekskongress 2018 finden Sie\u00a0<a href=\"https:\/\/kongress18.bvoe.at\/rueckblick\" target=\"_blank\" rel=\"noopener noreferrer\">hier<\/a>.\u00a0Zur Fotogalerie\u00a0geht es\u00a0<a href=\"https:\/\/kongress18.bvoe.at\/album\/bvoe-bibliothekskongress\" target=\"_blank\" rel=\"noopener noreferrer\">hier<\/a>.\n\n<\/div>\n<\/div>\n<div class=\"vc_empty_space\"><\/div>\n<div class=\"vc_row wpb_row section vc_row-fluid vc_inner \">\n<div class=\" full_section_inner clearfix\">\n<div class=\"wpb_column vc_column_container vc_col-sm-12\">\n<div class=\"vc_column-inner\">\n<div class=\"wpb_wrapper\">\n<div class=\"wpb_text_column wpb_content_element \">\n<div class=\"wpb_wrapper\">\n<br>\n<strong>TIPP<\/strong>:\n\n<a href=\"https:\/\/www.bvoe.at\" target=\"_blank\" rel=\"noopener noreferrer\">Hier\u00a0<\/a>finden Sie einen \u00dcberblick \u00fcber Themen, Inhalte und Materialien s\u00e4mtlicher Bibliothekskongresse der letzten Jahre.\n\n<\/div>\n<\/div>\n<\/div>\n<\/div>\n<\/div>\n<\/div>\n<\/div>\t\t\t\t\t\t\t\t<\/div>\n\t\t\t\t<\/div>\n\t\t\t\t\t<\/div>\n\t\t<\/div>\n\t\t\t\t\t<\/div>\n\t\t<\/section>\n\t\t\t\t<section class=\"elementor-section elementor-top-section elementor-element elementor-element-fa55f3e elementor-section-boxed elementor-section-height-default elementor-section-height-default\" data-id=\"fa55f3e\" data-element_type=\"section\">\n\t\t\t\t\t\t<div class=\"elementor-container elementor-column-gap-default\">\n\t\t\t\t\t<div class=\"elementor-column elementor-col-100 elementor-top-column elementor-element elementor-element-3c052b8\" data-id=\"3c052b8\" data-element_type=\"column\">\n\t\t\t<div class=\"elementor-widget-wrap elementor-element-populated\">\n\t\t\t\t\t\t<div class=\"elementor-element elementor-element-caafd01 elementor-widget elementor-widget-spacer\" data-id=\"caafd01\" data-element_type=\"widget\" data-widget_type=\"spacer.default\">\n\t\t\t\t<div class=\"elementor-widget-container\">\n\t\t\t\t\t\t\t<div class=\"elementor-spacer\">\n\t\t\t<div class=\"elementor-spacer-inner\"><\/div>\n\t\t<\/div>\n\t\t\t\t\t\t<\/div>\n\t\t\t\t<\/div>\n\t\t\t\t\t<\/div>\n\t\t<\/div>\n\t\t\t\t\t<\/div>\n\t\t<\/section>\n\t\t\t\t<section class=\"elementor-section elementor-top-section elementor-element elementor-element-24658a0 elementor-section-boxed elementor-section-height-default elementor-section-height-default\" data-id=\"24658a0\" data-element_type=\"section\">\n\t\t\t\t\t\t<div class=\"elementor-container elementor-column-gap-default\">\n\t\t\t\t\t<div class=\"elementor-column elementor-col-100 elementor-top-column elementor-element elementor-element-e0538e3\" data-id=\"e0538e3\" data-element_type=\"column\">\n\t\t\t<div class=\"elementor-widget-wrap elementor-element-populated\">\n\t\t\t\t\t\t<div class=\"elementor-element elementor-element-2e8a785 elementor-widget elementor-widget-heading\" data-id=\"2e8a785\" data-element_type=\"widget\" data-widget_type=\"heading.default\">\n\t\t\t\t<div class=\"elementor-widget-container\">\n\t\t\t\t\t<h2 class=\"elementor-heading-title elementor-size-default\">\u00d6sterreichischer Bibliothekartag des V\u00d6B<\/h2>\t\t\t\t<\/div>\n\t\t\t\t<\/div>\n\t\t\t\t\t<\/div>\n\t\t<\/div>\n\t\t\t\t\t<\/div>\n\t\t<\/section>\n\t\t\t\t<section class=\"elementor-section elementor-top-section elementor-element elementor-element-d72450c elementor-section-boxed elementor-section-height-default elementor-section-height-default\" data-id=\"d72450c\" data-element_type=\"section\">\n\t\t\t\t\t\t<div class=\"elementor-container elementor-column-gap-default\">\n\t\t\t\t\t<div class=\"elementor-column elementor-col-100 elementor-top-column elementor-element elementor-element-da8aaf3\" data-id=\"da8aaf3\" data-element_type=\"column\">\n\t\t\t<div class=\"elementor-widget-wrap elementor-element-populated\">\n\t\t\t\t\t\t<div class=\"elementor-element elementor-element-eab63fc elementor-widget elementor-widget-spacer\" data-id=\"eab63fc\" data-element_type=\"widget\" data-widget_type=\"spacer.default\">\n\t\t\t\t<div class=\"elementor-widget-container\">\n\t\t\t\t\t\t\t<div class=\"elementor-spacer\">\n\t\t\t<div class=\"elementor-spacer-inner\"><\/div>\n\t\t<\/div>\n\t\t\t\t\t\t<\/div>\n\t\t\t\t<\/div>\n\t\t\t\t\t<\/div>\n\t\t<\/div>\n\t\t\t\t\t<\/div>\n\t\t<\/section>\n\t\t\t\t<section class=\"elementor-section elementor-top-section elementor-element elementor-element-59cae1e elementor-section-boxed elementor-section-height-default elementor-section-height-default\" data-id=\"59cae1e\" data-element_type=\"section\">\n\t\t\t\t\t\t<div class=\"elementor-container elementor-column-gap-default\">\n\t\t\t\t\t<div class=\"elementor-column elementor-col-50 elementor-top-column elementor-element elementor-element-2edc42a\" data-id=\"2edc42a\" data-element_type=\"column\">\n\t\t\t<div class=\"elementor-widget-wrap elementor-element-populated\">\n\t\t\t\t\t\t<div class=\"elementor-element elementor-element-300c5b6 elementor-widget elementor-widget-image\" data-id=\"300c5b6\" data-element_type=\"widget\" data-widget_type=\"image.default\">\n\t\t\t\t<div class=\"elementor-widget-container\">\n\t\t\t\t\t\t\t\t\t\t\t\t\t\t\t<img fetchpriority=\"high\" decoding=\"async\" width=\"353\" height=\"142\" src=\"https:\/\/www.bibbs.at\/wp-content\/uploads\/2021\/01\/dwads.png\" class=\"attachment-large size-large wp-image-730\" alt=\"\" srcset=\"https:\/\/www.bibbs.at\/wp-content\/uploads\/2021\/01\/dwads.png 353w, https:\/\/www.bibbs.at\/wp-content\/uploads\/2021\/01\/dwads-300x121.png 300w\" sizes=\"(max-width: 353px) 100vw, 353px\" \/>\t\t\t\t\t\t\t\t\t\t\t\t\t\t\t<\/div>\n\t\t\t\t<\/div>\n\t\t\t\t\t<\/div>\n\t\t<\/div>\n\t\t\t\t<div class=\"elementor-column elementor-col-50 elementor-top-column elementor-element elementor-element-fbe2951\" data-id=\"fbe2951\" data-element_type=\"column\">\n\t\t\t<div class=\"elementor-widget-wrap elementor-element-populated\">\n\t\t\t\t\t\t<div class=\"elementor-element elementor-element-4585b47 elementor-widget elementor-widget-text-editor\" data-id=\"4585b47\" data-element_type=\"widget\" data-widget_type=\"text-editor.default\">\n\t\t\t\t<div class=\"elementor-widget-container\">\n\t\t\t\t\t\t\t\t\t<p>Die Vereinigung \u00d6sterreichischer Bibliothekarinnen und Bibliothekare veranstaltet ebenfalls alle zwei Jahre den \u00d6sterreichischen Bibliothekartag zu einem aktuellen Thema. Es ist die zentrale Fortbildungsveranstaltung der V\u00d6B. 2017 war das Thema \u201eWolkenkuckucksheim. Bibliotheken in der Cloud\u201c. Zahlreiche Infos dar\u00fcber finden Sie\u00a0hier.<\/p>\t\t\t\t\t\t\t\t<\/div>\n\t\t\t\t<\/div>\n\t\t\t\t\t<\/div>\n\t\t<\/div>\n\t\t\t\t\t<\/div>\n\t\t<\/section>\n\t\t\t\t<section class=\"elementor-section elementor-top-section elementor-element elementor-element-6e56252 elementor-section-boxed elementor-section-height-default elementor-section-height-default\" data-id=\"6e56252\" data-element_type=\"section\">\n\t\t\t\t\t\t<div class=\"elementor-container elementor-column-gap-default\">\n\t\t\t\t\t<div class=\"elementor-column elementor-col-100 elementor-top-column elementor-element elementor-element-5239da9\" data-id=\"5239da9\" data-element_type=\"column\">\n\t\t\t<div class=\"elementor-widget-wrap elementor-element-populated\">\n\t\t\t\t\t\t<div class=\"elementor-element elementor-element-d1e825d elementor-widget elementor-widget-spacer\" data-id=\"d1e825d\" data-element_type=\"widget\" data-widget_type=\"spacer.default\">\n\t\t\t\t<div class=\"elementor-widget-container\">\n\t\t\t\t\t\t\t<div class=\"elementor-spacer\">\n\t\t\t<div class=\"elementor-spacer-inner\"><\/div>\n\t\t<\/div>\n\t\t\t\t\t\t<\/div>\n\t\t\t\t<\/div>\n\t\t\t\t\t<\/div>\n\t\t<\/div>\n\t\t\t\t\t<\/div>\n\t\t<\/section>\n\t\t\t\t<\/div>\n\t\t","protected":false},"excerpt":{"rendered":"<p>Bibliothekskongress des BV\u00d6 Der B\u00fcchereiverband \u00d6sterreichs (BV\u00d6) veranstaltet alle zwei Jahre den Internationalen Bibliothekskongress. Dieser ist gepr\u00e4gt durch einen thematischen Schwerpunkt und anerkannte Referenten. Durch die aktuelle Corona-Situation wurden leider auch die letzten geplanten Kongresse abgesagt. F\u00fcr die Bibliothekskongresse der letzten Jahre hat der BV\u00d6 eine Homepage eingerichtet, auf der Informationen \u00fcber das Thema sowie [&hellip;]<\/p>\n","protected":false},"author":1,"featured_media":0,"parent":0,"menu_order":0,"comment_status":"closed","ping_status":"closed","template":"elementor_header_footer","meta":{"two_page_speed":[],"footnotes":""},"class_list":["post-481","page","type-page","status-publish","hentry"],"yoast_head":"<!-- This site is optimized with the Yoast SEO plugin v25.1 - https:\/\/yoast.com\/wordpress\/plugins\/seo\/ -->\n<title>Bibliothekskongresse - bibbs.at<\/title>\n<meta name=\"description\" content=\"Die Seite Bibliothekskongresse auf der Website bibbs.at informiert \u00fcber die Internationalen Bibliothekskongresse, die auch f\u00fcr Schulbibliothekar*innen von Interesse sind.\" \/>\n<meta name=\"robots\" content=\"index, follow, max-snippet:-1, max-image-preview:large, max-video-preview:-1\" \/>\n<link rel=\"canonical\" href=\"https:\/\/www.bibbs.at\/?page_id=481\" \/>\n<meta property=\"og:locale\" content=\"de_DE\" \/>\n<meta property=\"og:type\" content=\"article\" \/>\n<meta property=\"og:title\" content=\"Bibliothekskongresse - bibbs.at\" \/>\n<meta property=\"og:description\" content=\"Die Seite Bibliothekskongresse auf der Website bibbs.at informiert \u00fcber die Internationalen Bibliothekskongresse, die auch f\u00fcr Schulbibliothekar*innen von Interesse sind.\" \/>\n<meta property=\"og:url\" content=\"https:\/\/www.bibbs.at\/?page_id=481\" \/>\n<meta property=\"og:site_name\" content=\"bibbs.at\" \/>\n<meta property=\"article:modified_time\" content=\"2023-02-28T08:01:27+00:00\" \/>\n<meta property=\"og:image\" content=\"https:\/\/www.bibbs.at\/wp-content\/uploads\/2021\/01\/bvoelogog.png\" \/>\n<meta name=\"twitter:card\" content=\"summary_large_image\" \/>\n<meta name=\"twitter:label1\" content=\"Gesch\u00e4tzte Lesezeit\" \/>\n\t<meta name=\"twitter:data1\" content=\"2 Minuten\" \/>\n<script type=\"application\/ld+json\" class=\"yoast-schema-graph\">{\"@context\":\"https:\/\/schema.org\",\"@graph\":[{\"@type\":\"WebPage\",\"@id\":\"https:\/\/www.bibbs.at\/?page_id=481\",\"url\":\"https:\/\/www.bibbs.at\/?page_id=481\",\"name\":\"Bibliothekskongresse - bibbs.at\",\"isPartOf\":{\"@id\":\"https:\/\/www.bibbs.at\/#website\"},\"primaryImageOfPage\":{\"@id\":\"https:\/\/www.bibbs.at\/?page_id=481#primaryimage\"},\"image\":{\"@id\":\"https:\/\/www.bibbs.at\/?page_id=481#primaryimage\"},\"thumbnailUrl\":\"https:\/\/www.bibbs.at\/wp-content\/uploads\/2021\/01\/bvoelogog.png\",\"datePublished\":\"2021-01-03T16:54:51+00:00\",\"dateModified\":\"2023-02-28T08:01:27+00:00\",\"description\":\"Die Seite Bibliothekskongresse auf der Website bibbs.at informiert \u00fcber die Internationalen Bibliothekskongresse, die auch f\u00fcr Schulbibliothekar*innen von Interesse sind.\",\"breadcrumb\":{\"@id\":\"https:\/\/www.bibbs.at\/?page_id=481#breadcrumb\"},\"inLanguage\":\"de-AT\",\"potentialAction\":[{\"@type\":\"ReadAction\",\"target\":[\"https:\/\/www.bibbs.at\/?page_id=481\"]}]},{\"@type\":\"ImageObject\",\"inLanguage\":\"de-AT\",\"@id\":\"https:\/\/www.bibbs.at\/?page_id=481#primaryimage\",\"url\":\"https:\/\/www.bibbs.at\/wp-content\/uploads\/2021\/01\/bvoelogog.png\",\"contentUrl\":\"https:\/\/www.bibbs.at\/wp-content\/uploads\/2021\/01\/bvoelogog.png\",\"width\":248,\"height\":137},{\"@type\":\"BreadcrumbList\",\"@id\":\"https:\/\/www.bibbs.at\/?page_id=481#breadcrumb\",\"itemListElement\":[{\"@type\":\"ListItem\",\"position\":1,\"name\":\"Home\",\"item\":\"https:\/\/www.bibbs.at\/\"},{\"@type\":\"ListItem\",\"position\":2,\"name\":\"Bibliothekskongresse\"}]},{\"@type\":\"WebSite\",\"@id\":\"https:\/\/www.bibbs.at\/#website\",\"url\":\"https:\/\/www.bibbs.at\/\",\"name\":\"bibbs.at\",\"description\":\"BiBBS \u2013 Bibliothekarinnen an berufsbildenden Schulen\",\"publisher\":{\"@id\":\"https:\/\/www.bibbs.at\/#organization\"},\"potentialAction\":[{\"@type\":\"SearchAction\",\"target\":{\"@type\":\"EntryPoint\",\"urlTemplate\":\"https:\/\/www.bibbs.at\/?s={search_term_string}\"},\"query-input\":{\"@type\":\"PropertyValueSpecification\",\"valueRequired\":true,\"valueName\":\"search_term_string\"}}],\"inLanguage\":\"de-AT\"},{\"@type\":\"Organization\",\"@id\":\"https:\/\/www.bibbs.at\/#organization\",\"name\":\"bibbs.at\",\"url\":\"https:\/\/www.bibbs.at\/\",\"logo\":{\"@type\":\"ImageObject\",\"inLanguage\":\"de-AT\",\"@id\":\"https:\/\/www.bibbs.at\/#\/schema\/logo\/image\/\",\"url\":\"https:\/\/www.bibbs.at\/wp-content\/uploads\/2020\/10\/image2.png\",\"contentUrl\":\"https:\/\/www.bibbs.at\/wp-content\/uploads\/2020\/10\/image2.png\",\"width\":472,\"height\":162,\"caption\":\"bibbs.at\"},\"image\":{\"@id\":\"https:\/\/www.bibbs.at\/#\/schema\/logo\/image\/\"}}]}<\/script>\n<!-- \/ Yoast SEO plugin. -->","yoast_head_json":{"title":"Bibliothekskongresse - bibbs.at","description":"Die Seite Bibliothekskongresse auf der Website bibbs.at informiert \u00fcber die Internationalen Bibliothekskongresse, die auch f\u00fcr Schulbibliothekar*innen von Interesse sind.","robots":{"index":"index","follow":"follow","max-snippet":"max-snippet:-1","max-image-preview":"max-image-preview:large","max-video-preview":"max-video-preview:-1"},"canonical":"https:\/\/www.bibbs.at\/?page_id=481","og_locale":"de_DE","og_type":"article","og_title":"Bibliothekskongresse - bibbs.at","og_description":"Die Seite Bibliothekskongresse auf der Website bibbs.at informiert \u00fcber die Internationalen Bibliothekskongresse, die auch f\u00fcr Schulbibliothekar*innen von Interesse sind.","og_url":"https:\/\/www.bibbs.at\/?page_id=481","og_site_name":"bibbs.at","article_modified_time":"2023-02-28T08:01:27+00:00","og_image":[{"url":"https:\/\/www.bibbs.at\/wp-content\/uploads\/2021\/01\/bvoelogog.png","type":"","width":"","height":""}],"twitter_card":"summary_large_image","twitter_misc":{"Gesch\u00e4tzte Lesezeit":"2 Minuten"},"schema":{"@context":"https:\/\/schema.org","@graph":[{"@type":"WebPage","@id":"https:\/\/www.bibbs.at\/?page_id=481","url":"https:\/\/www.bibbs.at\/?page_id=481","name":"Bibliothekskongresse - bibbs.at","isPartOf":{"@id":"https:\/\/www.bibbs.at\/#website"},"primaryImageOfPage":{"@id":"https:\/\/www.bibbs.at\/?page_id=481#primaryimage"},"image":{"@id":"https:\/\/www.bibbs.at\/?page_id=481#primaryimage"},"thumbnailUrl":"https:\/\/www.bibbs.at\/wp-content\/uploads\/2021\/01\/bvoelogog.png","datePublished":"2021-01-03T16:54:51+00:00","dateModified":"2023-02-28T08:01:27+00:00","description":"Die Seite Bibliothekskongresse auf der Website bibbs.at informiert \u00fcber die Internationalen Bibliothekskongresse, die auch f\u00fcr Schulbibliothekar*innen von Interesse sind.","breadcrumb":{"@id":"https:\/\/www.bibbs.at\/?page_id=481#breadcrumb"},"inLanguage":"de-AT","potentialAction":[{"@type":"ReadAction","target":["https:\/\/www.bibbs.at\/?page_id=481"]}]},{"@type":"ImageObject","inLanguage":"de-AT","@id":"https:\/\/www.bibbs.at\/?page_id=481#primaryimage","url":"https:\/\/www.bibbs.at\/wp-content\/uploads\/2021\/01\/bvoelogog.png","contentUrl":"https:\/\/www.bibbs.at\/wp-content\/uploads\/2021\/01\/bvoelogog.png","width":248,"height":137},{"@type":"BreadcrumbList","@id":"https:\/\/www.bibbs.at\/?page_id=481#breadcrumb","itemListElement":[{"@type":"ListItem","position":1,"name":"Home","item":"https:\/\/www.bibbs.at\/"},{"@type":"ListItem","position":2,"name":"Bibliothekskongresse"}]},{"@type":"WebSite","@id":"https:\/\/www.bibbs.at\/#website","url":"https:\/\/www.bibbs.at\/","name":"bibbs.at","description":"BiBBS \u2013 Bibliothekarinnen an berufsbildenden Schulen","publisher":{"@id":"https:\/\/www.bibbs.at\/#organization"},"potentialAction":[{"@type":"SearchAction","target":{"@type":"EntryPoint","urlTemplate":"https:\/\/www.bibbs.at\/?s={search_term_string}"},"query-input":{"@type":"PropertyValueSpecification","valueRequired":true,"valueName":"search_term_string"}}],"inLanguage":"de-AT"},{"@type":"Organization","@id":"https:\/\/www.bibbs.at\/#organization","name":"bibbs.at","url":"https:\/\/www.bibbs.at\/","logo":{"@type":"ImageObject","inLanguage":"de-AT","@id":"https:\/\/www.bibbs.at\/#\/schema\/logo\/image\/","url":"https:\/\/www.bibbs.at\/wp-content\/uploads\/2020\/10\/image2.png","contentUrl":"https:\/\/www.bibbs.at\/wp-content\/uploads\/2020\/10\/image2.png","width":472,"height":162,"caption":"bibbs.at"},"image":{"@id":"https:\/\/www.bibbs.at\/#\/schema\/logo\/image\/"}}]}},"_links":{"self":[{"href":"https:\/\/www.bibbs.at\/index.php?rest_route=\/wp\/v2\/pages\/481","targetHints":{"allow":["GET"]}}],"collection":[{"href":"https:\/\/www.bibbs.at\/index.php?rest_route=\/wp\/v2\/pages"}],"about":[{"href":"https:\/\/www.bibbs.at\/index.php?rest_route=\/wp\/v2\/types\/page"}],"author":[{"embeddable":true,"href":"https:\/\/www.bibbs.at\/index.php?rest_route=\/wp\/v2\/users\/1"}],"replies":[{"embeddable":true,"href":"https:\/\/www.bibbs.at\/index.php?rest_route=%2Fwp%2Fv2%2Fcomments&post=481"}],"version-history":[{"count":37,"href":"https:\/\/www.bibbs.at\/index.php?rest_route=\/wp\/v2\/pages\/481\/revisions"}],"predecessor-version":[{"id":4105,"href":"https:\/\/www.bibbs.at\/index.php?rest_route=\/wp\/v2\/pages\/481\/revisions\/4105"}],"wp:attachment":[{"href":"https:\/\/www.bibbs.at\/index.php?rest_route=%2Fwp%2Fv2%2Fmedia&parent=481"}],"curies":[{"name":"wp","href":"https:\/\/api.w.org\/{rel}","templated":true}]}}