
{"id":479,"date":"2021-01-03T17:53:59","date_gmt":"2021-01-03T16:53:59","guid":{"rendered":"https:\/\/neu.bibbs.at\/?page_id=479"},"modified":"2021-12-16T14:56:55","modified_gmt":"2021-12-16T13:56:55","slug":"bvo-seminare","status":"publish","type":"page","link":"https:\/\/www.bibbs.at\/?page_id=479","title":{"rendered":"BV\u00d6 &#8211; Seminare"},"content":{"rendered":"\t\t<div data-elementor-type=\"wp-page\" data-elementor-id=\"479\" class=\"elementor elementor-479\" data-elementor-post-type=\"page\">\n\t\t\t\t\t\t<section class=\"elementor-section elementor-top-section elementor-element elementor-element-e1d8d0f elementor-section-boxed elementor-section-height-default elementor-section-height-default\" data-id=\"e1d8d0f\" data-element_type=\"section\">\n\t\t\t\t\t\t<div class=\"elementor-container elementor-column-gap-default\">\n\t\t\t\t\t<div class=\"elementor-column elementor-col-100 elementor-top-column elementor-element elementor-element-2b48b81\" data-id=\"2b48b81\" data-element_type=\"column\">\n\t\t\t<div class=\"elementor-widget-wrap elementor-element-populated\">\n\t\t\t\t\t\t<div class=\"elementor-element elementor-element-4f33d90 elementor-widget elementor-widget-spacer\" data-id=\"4f33d90\" data-element_type=\"widget\" data-widget_type=\"spacer.default\">\n\t\t\t\t<div class=\"elementor-widget-container\">\n\t\t\t\t\t\t\t<div class=\"elementor-spacer\">\n\t\t\t<div class=\"elementor-spacer-inner\"><\/div>\n\t\t<\/div>\n\t\t\t\t\t\t<\/div>\n\t\t\t\t<\/div>\n\t\t\t\t\t<\/div>\n\t\t<\/div>\n\t\t\t\t\t<\/div>\n\t\t<\/section>\n\t\t\t\t<section class=\"elementor-section elementor-top-section elementor-element elementor-element-f847437 elementor-section-boxed elementor-section-height-default elementor-section-height-default\" data-id=\"f847437\" data-element_type=\"section\">\n\t\t\t\t\t\t<div class=\"elementor-container elementor-column-gap-default\">\n\t\t\t\t\t<div class=\"elementor-column elementor-col-100 elementor-top-column elementor-element elementor-element-0994850\" data-id=\"0994850\" data-element_type=\"column\">\n\t\t\t<div class=\"elementor-widget-wrap elementor-element-populated\">\n\t\t\t\t\t\t<div class=\"elementor-element elementor-element-054fd81 elementor-widget elementor-widget-heading\" data-id=\"054fd81\" data-element_type=\"widget\" data-widget_type=\"heading.default\">\n\t\t\t\t<div class=\"elementor-widget-container\">\n\t\t\t\t\t<h2 class=\"elementor-heading-title elementor-size-default\">B\u00fcchereiverband \u00d6sterreichs (BV\u00d6)<\/h2>\t\t\t\t<\/div>\n\t\t\t\t<\/div>\n\t\t\t\t\t<\/div>\n\t\t<\/div>\n\t\t\t\t\t<\/div>\n\t\t<\/section>\n\t\t\t\t<section class=\"elementor-section elementor-top-section elementor-element elementor-element-299dc28 elementor-section-boxed elementor-section-height-default elementor-section-height-default\" data-id=\"299dc28\" data-element_type=\"section\">\n\t\t\t\t\t\t<div class=\"elementor-container elementor-column-gap-default\">\n\t\t\t\t\t<div class=\"elementor-column elementor-col-100 elementor-top-column elementor-element elementor-element-da08813\" data-id=\"da08813\" data-element_type=\"column\">\n\t\t\t<div class=\"elementor-widget-wrap elementor-element-populated\">\n\t\t\t\t\t\t<div class=\"elementor-element elementor-element-dd790c7 elementor-widget elementor-widget-spacer\" data-id=\"dd790c7\" data-element_type=\"widget\" data-widget_type=\"spacer.default\">\n\t\t\t\t<div class=\"elementor-widget-container\">\n\t\t\t\t\t\t\t<div class=\"elementor-spacer\">\n\t\t\t<div class=\"elementor-spacer-inner\"><\/div>\n\t\t<\/div>\n\t\t\t\t\t\t<\/div>\n\t\t\t\t<\/div>\n\t\t\t\t\t<\/div>\n\t\t<\/div>\n\t\t\t\t\t<\/div>\n\t\t<\/section>\n\t\t\t\t<section class=\"elementor-section elementor-top-section elementor-element elementor-element-78bdd37 elementor-section-boxed elementor-section-height-default elementor-section-height-default\" data-id=\"78bdd37\" data-element_type=\"section\">\n\t\t\t\t\t\t<div class=\"elementor-container elementor-column-gap-default\">\n\t\t\t\t\t<div class=\"elementor-column elementor-col-16 elementor-top-column elementor-element elementor-element-328db2d\" data-id=\"328db2d\" data-element_type=\"column\">\n\t\t\t<div class=\"elementor-widget-wrap elementor-element-populated\">\n\t\t\t\t\t\t<div class=\"elementor-element elementor-element-50dd517 elementor-widget elementor-widget-image\" data-id=\"50dd517\" data-element_type=\"widget\" data-widget_type=\"image.default\">\n\t\t\t\t<div class=\"elementor-widget-container\">\n\t\t\t\t\t\t\t\t\t\t\t\t\t\t\t<img decoding=\"async\" width=\"248\" height=\"137\" src=\"https:\/\/www.bibbs.at\/wp-content\/uploads\/2021\/01\/bvoelogog.png\" class=\"attachment-large size-large wp-image-707\" alt=\"\" \/>\t\t\t\t\t\t\t\t\t\t\t\t\t\t\t<\/div>\n\t\t\t\t<\/div>\n\t\t\t\t\t<\/div>\n\t\t<\/div>\n\t\t\t\t<div class=\"elementor-column elementor-col-66 elementor-top-column elementor-element elementor-element-37eb66f\" data-id=\"37eb66f\" data-element_type=\"column\">\n\t\t\t<div class=\"elementor-widget-wrap elementor-element-populated\">\n\t\t\t\t\t\t<div class=\"elementor-element elementor-element-54c66ba elementor-widget elementor-widget-text-editor\" data-id=\"54c66ba\" data-element_type=\"widget\" data-widget_type=\"text-editor.default\">\n\t\t\t\t<div class=\"elementor-widget-container\">\n\t\t\t\t\t\t\t\t\t<div class=\"vc_row wpb_row section vc_row-fluid vc_inner \" style=\"background: center center \/ cover no-repeat; border: 0px; padding: 0px; vertical-align: baseline; outline: 0px; position: relative; margin: 0px -15px 0px !important -15px;\"><div class=\" full_section_inner clearfix\" style=\"background: 0px 0px; border: 0px; margin: 0px; padding: 0px; vertical-align: baseline; outline: 0px; zoom: 1; position: relative; z-index: 20;\"><div class=\"vc_row wpb_row section vc_row-fluid vc_inner \"><div class=\" full_section_inner clearfix\"><div class=\"wpb_column vc_column_container vc_col-sm-8\"><div class=\"vc_column-inner\"><div class=\"wpb_wrapper\"><div class=\"wpb_text_column wpb_content_element \"><div class=\"wpb_wrapper\"><p>F\u00fcr Schulbibliotheken ist es sinnvoll, Mitglied im B\u00fcchereiverband \u00d6sterreichs (BV\u00d6) zu werden. Dadurch wird es m\u00f6glich, die umfangreichen Fortbildungs-Angebote zu nutzen.<\/p><p>Der BV\u00d6 bietet laufend Seminare zu Bibliothekssoftware, Website-Gestaltung und aktuellen Neuerscheinungen der Kinder- und Jugendliteratur.<\/p><\/div><\/div><\/div><\/div><\/div><div class=\"wpb_column vc_column_container vc_col-sm-4\"><div class=\"vc_column-inner\"><div class=\"wpb_wrapper\">\u00a0<\/div><\/div><\/div><\/div><\/div><div class=\"vc_empty_space\">\u00a0<\/div><div class=\"vc_row wpb_row section vc_row-fluid vc_inner \"><div class=\" full_section_inner clearfix\"><div class=\"wpb_column vc_column_container vc_col-sm-2\"><div class=\"vc_column-inner\"><div class=\"wpb_wrapper\"><div class=\"wpb_text_column wpb_content_element \"><div class=\"wpb_wrapper\"><p><strong>Softwarekurse<\/strong><\/p><\/div><\/div><\/div><\/div><\/div><\/div><\/div><div class=\"vc_row wpb_row section vc_row-fluid vc_inner \"><div class=\" full_section_inner clearfix\"><div class=\"wpb_column vc_column_container vc_col-sm-10\"><div class=\"vc_column-inner\"><div class=\"wpb_wrapper\"><div class=\"wpb_text_column wpb_content_element \"><div class=\"wpb_wrapper\"><p>Die Softwarekurse werden f\u00fcr die drei Bibliotheks-Programme<\/p><p>\u2013 Littera Windows<\/p><p>\u2013 BibliothecaPLUS und<\/p><p>\u2013 BiblioWeb<\/p><p>in drei Kursstufen angeboten:\u00a0 Grundlagen, Fortgeschrittene, Spezial.<\/p><p>Der BV\u00d6 erhebt jeweils f\u00fcr ein Semester im Voraus\u00a0den Bedarf an Softwarekursen in den jeweiligen Bundesl\u00e4ndern. Bei gen\u00fcgend Interesse wird ein Kurs in der jeweiligen Kursstufe organisiert.<\/p><p>Die aktuellen Termine und Veranstaltungen finden sich\u00a0<a href=\"https:\/\/www.bvoe.at\/aus-_und_fortbildung\/suchen\">hier<\/a>.<\/p><\/div><\/div><\/div><\/div><\/div><\/div><\/div><div class=\"vc_empty_space\">\u00a0<\/div><div class=\"vc_row wpb_row section vc_row-fluid vc_inner \"><div class=\" full_section_inner clearfix\"><div class=\"wpb_column vc_column_container vc_col-sm-2\"><div class=\"vc_column-inner\"><div class=\"wpb_wrapper\"><div class=\"wpb_text_column wpb_content_element \"><div class=\"wpb_wrapper\"><p><strong>Websitekurse<\/strong><\/p><\/div><\/div><\/div><\/div><\/div><\/div><\/div><div class=\"vc_row wpb_row section vc_row-fluid vc_inner \"><div class=\" full_section_inner clearfix\"><div class=\"wpb_column vc_column_container vc_col-sm-10\"><div class=\"vc_column-inner\"><div class=\"wpb_wrapper\"><div class=\"wpb_text_column wpb_content_element \"><div class=\"wpb_wrapper\"><p>Der BV\u00d6 bietet allen Bibliotheken, deren Tr\u00e4ger Mitglied beim BV\u00d6 sind, die M\u00f6glichkeit einer gehosteten\u00a0<a href=\"https:\/\/www.bvoe.at\/serviceangebote\/internetangebote\/website\">Website<\/a>\u00a0auf dem BV\u00d6-Server.<\/p><p>Angeboten werden Websitekurse f\u00fcr das CMS (Content-Management-System) DRUPAL. Damit ist die einfache Erstellung und Wartung von Websites m\u00f6glich.<\/p><p>F\u00fcr weitere Informationen wurde eine Website (<a href=\"http:\/\/www.cms-workshop.bvoe.at\/\">http:\/\/www.cms-workshop.bvoe.at\/<\/a>) angelegt, die neben den Skripten auch Screencasts und FAQs bereitstellt.<\/p><\/div><\/div><\/div><\/div><\/div><\/div><\/div><div class=\"vc_empty_space\">\u00a0<\/div><div class=\"vc_row wpb_row section vc_row-fluid vc_inner \"><div class=\" full_section_inner clearfix\"><div class=\"wpb_column vc_column_container vc_col-sm-3\"><div class=\"vc_column-inner\"><div class=\"wpb_wrapper\"><div class=\"wpb_text_column wpb_content_element \"><div class=\"wpb_wrapper\"><p><strong>Veranstaltungsreihen<\/strong><\/p><\/div><\/div><\/div><\/div><\/div><\/div><\/div><div class=\"vc_row wpb_row section vc_row-fluid vc_inner \"><div class=\" full_section_inner clearfix\"><div class=\"wpb_column vc_column_container vc_col-sm-10\"><div class=\"vc_column-inner\"><div class=\"wpb_wrapper\"><div class=\"wpb_text_column wpb_content_element \"><div class=\"wpb_wrapper\"><p>Bei der Organisation des Fortbildungsangebots werden aktuelle Schwerpunkte und Trends des Bibliothekswesens ber\u00fccksichtigt. Ziel ist es, die BibliothekarInnen laufend mit entsprechendem Know-how zu versorgen.<\/p><p>Bew\u00e4hrte Veranstaltungsreihen sind beispielsweise die Leseakademie und die Herbstlese(n).<\/p><ul><li><strong>Leseakademie :<\/strong><br \/>In eint\u00e4gigen Workshops stehen Literaturvermittlung und Leseanimation im Mittelpunkt.<\/li><li><strong>Herbstlese(n):<\/strong><br \/>Dabei handelt es sich um eine Veranstaltungsreihe, in deren Rahmen Neuerscheinungen der Belletristik sowie der Kinder- und Jugendliteratur vorgestellt werden.<\/li><\/ul><p>Ein Blick in den\u00a0<a href=\"https:\/\/www.bvoe.at\/aus-_und_fortbildung\/suchen\">Aus- und Fortbildungskalender des BV\u00d6<\/a>\u00a0lohnt sich, um \u00fcber regelm\u00e4\u00dfige und kurzfristig angesetzte Fortbildungen im Bilde zu sein!<\/p><\/div><\/div><\/div><\/div><\/div><\/div><\/div><\/div><\/div><div class=\"vc_row wpb_row section vc_row-fluid vc_inner \" style=\"background: center center \/ cover no-repeat #eaeaea; border: 0px; padding: 0px; vertical-align: baseline; outline: 0px; position: relative; font-family: arial; color: #4f4f4f; margin: 0px -15px 0px !important -15px;\">\u00a0<\/div>\t\t\t\t\t\t\t\t<\/div>\n\t\t\t\t<\/div>\n\t\t\t\t\t<\/div>\n\t\t<\/div>\n\t\t\t\t<div class=\"elementor-column elementor-col-16 elementor-top-column elementor-element elementor-element-70e084e\" data-id=\"70e084e\" data-element_type=\"column\">\n\t\t\t<div class=\"elementor-widget-wrap\">\n\t\t\t\t\t\t\t<\/div>\n\t\t<\/div>\n\t\t\t\t\t<\/div>\n\t\t<\/section>\n\t\t\t\t<\/div>\n\t\t","protected":false},"excerpt":{"rendered":"<p>B\u00fcchereiverband \u00d6sterreichs (BV\u00d6) F\u00fcr Schulbibliotheken ist es sinnvoll, Mitglied im B\u00fcchereiverband \u00d6sterreichs (BV\u00d6) zu werden. Dadurch wird es m\u00f6glich, die umfangreichen Fortbildungs-Angebote zu nutzen. Der BV\u00d6 bietet laufend Seminare zu Bibliothekssoftware, Website-Gestaltung und aktuellen Neuerscheinungen der Kinder- und Jugendliteratur. Softwarekurse Die Softwarekurse werden f\u00fcr die drei Bibliotheks-Programme \u2013 Littera Windows \u2013 BibliothecaPLUS und \u2013 BiblioWeb [&hellip;]<\/p>\n","protected":false},"author":1,"featured_media":0,"parent":0,"menu_order":0,"comment_status":"closed","ping_status":"closed","template":"elementor_header_footer","meta":{"two_page_speed":[],"footnotes":""},"class_list":["post-479","page","type-page","status-publish","hentry"],"yoast_head":"<!-- This site is optimized with the Yoast SEO plugin v25.1 - https:\/\/yoast.com\/wordpress\/plugins\/seo\/ -->\n<title>BV\u00d6 - Seminare - bibbs.at<\/title>\n<meta name=\"description\" content=\"Entdecken Sie Bildung und B\u00fccher auf\u00a0bibbs.at! Finden Sie Informationen zu Schulbibliotheken, Veranstaltungen und Kursen in Ihrer N\u00e4he.\" \/>\n<meta name=\"robots\" content=\"index, follow, max-snippet:-1, max-image-preview:large, max-video-preview:-1\" \/>\n<link rel=\"canonical\" href=\"https:\/\/www.bibbs.at\/?page_id=479\" \/>\n<meta property=\"og:locale\" content=\"de_DE\" \/>\n<meta property=\"og:type\" content=\"article\" \/>\n<meta property=\"og:title\" content=\"BV\u00d6 - Seminare - bibbs.at\" \/>\n<meta property=\"og:description\" content=\"Entdecken Sie Bildung und B\u00fccher auf\u00a0bibbs.at! Finden Sie Informationen zu Schulbibliotheken, Veranstaltungen und Kursen in Ihrer N\u00e4he.\" \/>\n<meta property=\"og:url\" content=\"https:\/\/www.bibbs.at\/?page_id=479\" \/>\n<meta property=\"og:site_name\" content=\"bibbs.at\" \/>\n<meta property=\"article:modified_time\" content=\"2021-12-16T13:56:55+00:00\" \/>\n<meta property=\"og:image\" content=\"https:\/\/www.bibbs.at\/wp-content\/uploads\/2021\/01\/bvoelogog.png\" \/>\n<meta name=\"twitter:card\" content=\"summary_large_image\" \/>\n<meta name=\"twitter:label1\" content=\"Gesch\u00e4tzte Lesezeit\" \/>\n\t<meta name=\"twitter:data1\" content=\"2 Minuten\" \/>\n<script type=\"application\/ld+json\" class=\"yoast-schema-graph\">{\"@context\":\"https:\/\/schema.org\",\"@graph\":[{\"@type\":\"WebPage\",\"@id\":\"https:\/\/www.bibbs.at\/?page_id=479\",\"url\":\"https:\/\/www.bibbs.at\/?page_id=479\",\"name\":\"BV\u00d6 - Seminare - bibbs.at\",\"isPartOf\":{\"@id\":\"https:\/\/www.bibbs.at\/#website\"},\"primaryImageOfPage\":{\"@id\":\"https:\/\/www.bibbs.at\/?page_id=479#primaryimage\"},\"image\":{\"@id\":\"https:\/\/www.bibbs.at\/?page_id=479#primaryimage\"},\"thumbnailUrl\":\"https:\/\/www.bibbs.at\/wp-content\/uploads\/2021\/01\/bvoelogog.png\",\"datePublished\":\"2021-01-03T16:53:59+00:00\",\"dateModified\":\"2021-12-16T13:56:55+00:00\",\"description\":\"Entdecken Sie Bildung und B\u00fccher auf\u00a0bibbs.at! Finden Sie Informationen zu Schulbibliotheken, Veranstaltungen und Kursen in Ihrer N\u00e4he.\",\"breadcrumb\":{\"@id\":\"https:\/\/www.bibbs.at\/?page_id=479#breadcrumb\"},\"inLanguage\":\"de-AT\",\"potentialAction\":[{\"@type\":\"ReadAction\",\"target\":[\"https:\/\/www.bibbs.at\/?page_id=479\"]}]},{\"@type\":\"ImageObject\",\"inLanguage\":\"de-AT\",\"@id\":\"https:\/\/www.bibbs.at\/?page_id=479#primaryimage\",\"url\":\"https:\/\/www.bibbs.at\/wp-content\/uploads\/2021\/01\/bvoelogog.png\",\"contentUrl\":\"https:\/\/www.bibbs.at\/wp-content\/uploads\/2021\/01\/bvoelogog.png\",\"width\":248,\"height\":137},{\"@type\":\"BreadcrumbList\",\"@id\":\"https:\/\/www.bibbs.at\/?page_id=479#breadcrumb\",\"itemListElement\":[{\"@type\":\"ListItem\",\"position\":1,\"name\":\"Home\",\"item\":\"https:\/\/www.bibbs.at\/\"},{\"@type\":\"ListItem\",\"position\":2,\"name\":\"BV\u00d6 &#8211; Seminare\"}]},{\"@type\":\"WebSite\",\"@id\":\"https:\/\/www.bibbs.at\/#website\",\"url\":\"https:\/\/www.bibbs.at\/\",\"name\":\"bibbs.at\",\"description\":\"BiBBS \u2013 Bibliothekarinnen an berufsbildenden Schulen\",\"publisher\":{\"@id\":\"https:\/\/www.bibbs.at\/#organization\"},\"potentialAction\":[{\"@type\":\"SearchAction\",\"target\":{\"@type\":\"EntryPoint\",\"urlTemplate\":\"https:\/\/www.bibbs.at\/?s={search_term_string}\"},\"query-input\":{\"@type\":\"PropertyValueSpecification\",\"valueRequired\":true,\"valueName\":\"search_term_string\"}}],\"inLanguage\":\"de-AT\"},{\"@type\":\"Organization\",\"@id\":\"https:\/\/www.bibbs.at\/#organization\",\"name\":\"bibbs.at\",\"url\":\"https:\/\/www.bibbs.at\/\",\"logo\":{\"@type\":\"ImageObject\",\"inLanguage\":\"de-AT\",\"@id\":\"https:\/\/www.bibbs.at\/#\/schema\/logo\/image\/\",\"url\":\"https:\/\/www.bibbs.at\/wp-content\/uploads\/2020\/10\/image2.png\",\"contentUrl\":\"https:\/\/www.bibbs.at\/wp-content\/uploads\/2020\/10\/image2.png\",\"width\":472,\"height\":162,\"caption\":\"bibbs.at\"},\"image\":{\"@id\":\"https:\/\/www.bibbs.at\/#\/schema\/logo\/image\/\"}}]}<\/script>\n<!-- \/ Yoast SEO plugin. -->","yoast_head_json":{"title":"BV\u00d6 - Seminare - bibbs.at","description":"Entdecken Sie Bildung und B\u00fccher auf\u00a0bibbs.at! Finden Sie Informationen zu Schulbibliotheken, Veranstaltungen und Kursen in Ihrer N\u00e4he.","robots":{"index":"index","follow":"follow","max-snippet":"max-snippet:-1","max-image-preview":"max-image-preview:large","max-video-preview":"max-video-preview:-1"},"canonical":"https:\/\/www.bibbs.at\/?page_id=479","og_locale":"de_DE","og_type":"article","og_title":"BV\u00d6 - Seminare - bibbs.at","og_description":"Entdecken Sie Bildung und B\u00fccher auf\u00a0bibbs.at! Finden Sie Informationen zu Schulbibliotheken, Veranstaltungen und Kursen in Ihrer N\u00e4he.","og_url":"https:\/\/www.bibbs.at\/?page_id=479","og_site_name":"bibbs.at","article_modified_time":"2021-12-16T13:56:55+00:00","og_image":[{"url":"https:\/\/www.bibbs.at\/wp-content\/uploads\/2021\/01\/bvoelogog.png","type":"","width":"","height":""}],"twitter_card":"summary_large_image","twitter_misc":{"Gesch\u00e4tzte Lesezeit":"2 Minuten"},"schema":{"@context":"https:\/\/schema.org","@graph":[{"@type":"WebPage","@id":"https:\/\/www.bibbs.at\/?page_id=479","url":"https:\/\/www.bibbs.at\/?page_id=479","name":"BV\u00d6 - Seminare - bibbs.at","isPartOf":{"@id":"https:\/\/www.bibbs.at\/#website"},"primaryImageOfPage":{"@id":"https:\/\/www.bibbs.at\/?page_id=479#primaryimage"},"image":{"@id":"https:\/\/www.bibbs.at\/?page_id=479#primaryimage"},"thumbnailUrl":"https:\/\/www.bibbs.at\/wp-content\/uploads\/2021\/01\/bvoelogog.png","datePublished":"2021-01-03T16:53:59+00:00","dateModified":"2021-12-16T13:56:55+00:00","description":"Entdecken Sie Bildung und B\u00fccher auf\u00a0bibbs.at! Finden Sie Informationen zu Schulbibliotheken, Veranstaltungen und Kursen in Ihrer N\u00e4he.","breadcrumb":{"@id":"https:\/\/www.bibbs.at\/?page_id=479#breadcrumb"},"inLanguage":"de-AT","potentialAction":[{"@type":"ReadAction","target":["https:\/\/www.bibbs.at\/?page_id=479"]}]},{"@type":"ImageObject","inLanguage":"de-AT","@id":"https:\/\/www.bibbs.at\/?page_id=479#primaryimage","url":"https:\/\/www.bibbs.at\/wp-content\/uploads\/2021\/01\/bvoelogog.png","contentUrl":"https:\/\/www.bibbs.at\/wp-content\/uploads\/2021\/01\/bvoelogog.png","width":248,"height":137},{"@type":"BreadcrumbList","@id":"https:\/\/www.bibbs.at\/?page_id=479#breadcrumb","itemListElement":[{"@type":"ListItem","position":1,"name":"Home","item":"https:\/\/www.bibbs.at\/"},{"@type":"ListItem","position":2,"name":"BV\u00d6 &#8211; Seminare"}]},{"@type":"WebSite","@id":"https:\/\/www.bibbs.at\/#website","url":"https:\/\/www.bibbs.at\/","name":"bibbs.at","description":"BiBBS \u2013 Bibliothekarinnen an berufsbildenden Schulen","publisher":{"@id":"https:\/\/www.bibbs.at\/#organization"},"potentialAction":[{"@type":"SearchAction","target":{"@type":"EntryPoint","urlTemplate":"https:\/\/www.bibbs.at\/?s={search_term_string}"},"query-input":{"@type":"PropertyValueSpecification","valueRequired":true,"valueName":"search_term_string"}}],"inLanguage":"de-AT"},{"@type":"Organization","@id":"https:\/\/www.bibbs.at\/#organization","name":"bibbs.at","url":"https:\/\/www.bibbs.at\/","logo":{"@type":"ImageObject","inLanguage":"de-AT","@id":"https:\/\/www.bibbs.at\/#\/schema\/logo\/image\/","url":"https:\/\/www.bibbs.at\/wp-content\/uploads\/2020\/10\/image2.png","contentUrl":"https:\/\/www.bibbs.at\/wp-content\/uploads\/2020\/10\/image2.png","width":472,"height":162,"caption":"bibbs.at"},"image":{"@id":"https:\/\/www.bibbs.at\/#\/schema\/logo\/image\/"}}]}},"_links":{"self":[{"href":"https:\/\/www.bibbs.at\/index.php?rest_route=\/wp\/v2\/pages\/479","targetHints":{"allow":["GET"]}}],"collection":[{"href":"https:\/\/www.bibbs.at\/index.php?rest_route=\/wp\/v2\/pages"}],"about":[{"href":"https:\/\/www.bibbs.at\/index.php?rest_route=\/wp\/v2\/types\/page"}],"author":[{"embeddable":true,"href":"https:\/\/www.bibbs.at\/index.php?rest_route=\/wp\/v2\/users\/1"}],"replies":[{"embeddable":true,"href":"https:\/\/www.bibbs.at\/index.php?rest_route=%2Fwp%2Fv2%2Fcomments&post=479"}],"version-history":[{"count":12,"href":"https:\/\/www.bibbs.at\/index.php?rest_route=\/wp\/v2\/pages\/479\/revisions"}],"predecessor-version":[{"id":3683,"href":"https:\/\/www.bibbs.at\/index.php?rest_route=\/wp\/v2\/pages\/479\/revisions\/3683"}],"wp:attachment":[{"href":"https:\/\/www.bibbs.at\/index.php?rest_route=%2Fwp%2Fv2%2Fmedia&parent=479"}],"curies":[{"name":"wp","href":"https:\/\/api.w.org\/{rel}","templated":true}]}}