
{"id":477,"date":"2021-01-03T17:52:15","date_gmt":"2021-01-03T16:52:15","guid":{"rendered":"https:\/\/neu.bibbs.at\/?page_id=477"},"modified":"2024-05-14T16:53:42","modified_gmt":"2024-05-14T14:53:42","slug":"fortbildung-uber-ph","status":"publish","type":"page","link":"https:\/\/www.bibbs.at\/?page_id=477","title":{"rendered":"Fortbildung \u00fcber PH"},"content":{"rendered":"\t\t<div data-elementor-type=\"wp-page\" data-elementor-id=\"477\" class=\"elementor elementor-477\" data-elementor-post-type=\"page\">\n\t\t\t\t\t\t<section class=\"elementor-section elementor-top-section elementor-element elementor-element-2d68a9c elementor-section-boxed elementor-section-height-default elementor-section-height-default\" data-id=\"2d68a9c\" data-element_type=\"section\">\n\t\t\t\t\t\t<div class=\"elementor-container elementor-column-gap-default\">\n\t\t\t\t\t<div class=\"elementor-column elementor-col-100 elementor-top-column elementor-element elementor-element-723eda9\" data-id=\"723eda9\" data-element_type=\"column\">\n\t\t\t<div class=\"elementor-widget-wrap elementor-element-populated\">\n\t\t\t\t\t\t<div class=\"elementor-element elementor-element-35911f8 elementor-widget elementor-widget-spacer\" data-id=\"35911f8\" data-element_type=\"widget\" data-widget_type=\"spacer.default\">\n\t\t\t\t<div class=\"elementor-widget-container\">\n\t\t\t\t\t\t\t<div class=\"elementor-spacer\">\n\t\t\t<div class=\"elementor-spacer-inner\"><\/div>\n\t\t<\/div>\n\t\t\t\t\t\t<\/div>\n\t\t\t\t<\/div>\n\t\t\t\t\t<\/div>\n\t\t<\/div>\n\t\t\t\t\t<\/div>\n\t\t<\/section>\n\t\t\t\t<section class=\"elementor-section elementor-top-section elementor-element elementor-element-60ba609 elementor-section-boxed elementor-section-height-default elementor-section-height-default\" data-id=\"60ba609\" data-element_type=\"section\">\n\t\t\t\t\t\t<div class=\"elementor-container elementor-column-gap-default\">\n\t\t\t\t\t<div class=\"elementor-column elementor-col-50 elementor-top-column elementor-element elementor-element-cb24237\" data-id=\"cb24237\" data-element_type=\"column\">\n\t\t\t<div class=\"elementor-widget-wrap elementor-element-populated\">\n\t\t\t\t\t\t<div class=\"elementor-element elementor-element-f66f2f6 elementor-widget elementor-widget-heading\" data-id=\"f66f2f6\" data-element_type=\"widget\" data-widget_type=\"heading.default\">\n\t\t\t\t<div class=\"elementor-widget-container\">\n\t\t\t\t\t<h2 class=\"elementor-heading-title elementor-size-default\">Fortbildungsveranstaltungen <br>f\u00fcr Schulbibliothekare an p\u00e4dagogischen Hochschulen<\/h2>\t\t\t\t<\/div>\n\t\t\t\t<\/div>\n\t\t\t\t\t<\/div>\n\t\t<\/div>\n\t\t\t\t<div class=\"elementor-column elementor-col-50 elementor-top-column elementor-element elementor-element-8859864\" data-id=\"8859864\" data-element_type=\"column\">\n\t\t\t<div class=\"elementor-widget-wrap elementor-element-populated\">\n\t\t\t\t\t\t<div class=\"elementor-element elementor-element-2c5f4aa elementor-widget elementor-widget-image\" data-id=\"2c5f4aa\" data-element_type=\"widget\" data-widget_type=\"image.default\">\n\t\t\t\t<div class=\"elementor-widget-container\">\n\t\t\t\t\t\t\t\t\t\t\t\t\t\t\t<img fetchpriority=\"high\" decoding=\"async\" width=\"721\" height=\"440\" src=\"https:\/\/www.bibbs.at\/wp-content\/uploads\/2021\/01\/phlogo_721x440-1.gif\" class=\"attachment-large size-large wp-image-703\" alt=\"\" \/>\t\t\t\t\t\t\t\t\t\t\t\t\t\t\t<\/div>\n\t\t\t\t<\/div>\n\t\t\t\t\t<\/div>\n\t\t<\/div>\n\t\t\t\t\t<\/div>\n\t\t<\/section>\n\t\t\t\t<section class=\"elementor-section elementor-top-section elementor-element elementor-element-1428277 elementor-section-boxed elementor-section-height-default elementor-section-height-default\" data-id=\"1428277\" data-element_type=\"section\">\n\t\t\t\t\t\t<div class=\"elementor-container elementor-column-gap-default\">\n\t\t\t\t\t<div class=\"elementor-column elementor-col-100 elementor-top-column elementor-element elementor-element-dfbbf2a\" data-id=\"dfbbf2a\" data-element_type=\"column\">\n\t\t\t<div class=\"elementor-widget-wrap elementor-element-populated\">\n\t\t\t\t\t\t<div class=\"elementor-element elementor-element-3bb9dde elementor-widget elementor-widget-text-editor\" data-id=\"3bb9dde\" data-element_type=\"widget\" data-widget_type=\"text-editor.default\">\n\t\t\t\t<div class=\"elementor-widget-container\">\n\t\t\t\t\t\t\t\t\t<div>\n<div>\n<div>\n<div>&nbsp;<\/div>\n<\/div>\n<\/div>\n<div>\n<div>\n<p><span style=\"text-decoration: underline;\"><strong>VERANSTALTUNGEN DER PH O\u00d6<\/strong><\/span><\/p>\n<p><strong>Bundesweit:<br><\/strong><\/p>\n<\/div>\n<table>\n<tbody>\n<tr>\n<td>\n<p>&nbsp;<b style=\"font-size: 0.9em; color: var( --e-global-color-text ); font-family: var( --e-global-typography-text-font-family ), Sans-serif;\"><span lang=\"DE\" style=\"font-size:16.0pt;font-family:&quot;Calibri&quot;,sans-serif; mso-ascii-theme-font:minor-latin;mso-fareast-font-family:&quot;Times New Roman&quot;; mso-fareast-theme-font:minor-fareast;mso-hansi-font-family:&quot;Lucida Sans Unicode&quot;; mso-bidi-font-family:&quot;Times New Roman&quot;;mso-bidi-theme-font:minor-bidi; color:black;mso-themecolor:text1;mso-font-kerning:12.0pt\">Workflow-Management f<\/span><\/b><b style=\"font-size: 0.9em; color: var( --e-global-color-text ); font-family: var( --e-global-typography-text-font-family ), Sans-serif;\"><span lang=\"DE\" style=\"font-size:16.0pt;font-family:&quot;Lucida Sans Unicode&quot;,sans-serif; mso-ascii-font-family:Calibri;mso-ascii-theme-font:minor-latin;mso-fareast-font-family: &quot;Times New Roman&quot;;mso-fareast-theme-font:minor-fareast;mso-bidi-font-family: &quot;Times New Roman&quot;;mso-bidi-theme-font:minor-bidi;color:black;mso-themecolor: text1;mso-font-kerning:12.0pt\">\u00fc<\/span><\/b><b style=\"font-size: 0.9em; color: var( --e-global-color-text ); font-family: var( --e-global-typography-text-font-family ), Sans-serif;\"><span lang=\"DE\" style=\"font-size: 16.0pt;font-family:&quot;Calibri&quot;,sans-serif;mso-ascii-theme-font:minor-latin; mso-fareast-font-family:&quot;Times New Roman&quot;;mso-fareast-theme-font:minor-fareast; mso-hansi-font-family:&quot;Lucida Sans Unicode&quot;;mso-bidi-font-family:&quot;Times New Roman&quot;; mso-bidi-theme-font:minor-bidi;color:black;mso-themecolor:text1;mso-font-kerning: 12.0pt\">r Schulbibliotheken mit LITTERA<\/span><\/b><\/p>\n<p style=\"margin-top:4.0pt;margin-right:0in;margin-bottom:0in;margin-left:0in; punctuation-wrap:simple;mso-line-break-override:restrictions;vertical-align: baseline\"><b><span lang=\"DE\" style=\"font-size: 16.0pt;font-family:&quot;Calibri&quot;,sans-serif;mso-ascii-theme-font:minor-latin; mso-fareast-font-family:&quot;Times New Roman&quot;;mso-fareast-theme-font:minor-fareast; mso-hansi-font-family:&quot;Lucida Sans Unicode&quot;;mso-bidi-font-family:&quot;Times New Roman&quot;; mso-bidi-theme-font:minor-bidi;color:black;mso-themecolor:text1;mso-font-kerning: 12.0pt\"><o:p><\/o:p><\/span><\/b><\/p>\n<\/td>\n<td><span lang=\"DE\"><b>Sperlhof, Windischgarsten<\/b><\/span><b style=\"font-size: 0.9em; color: var( --e-global-color-text ); font-family: var( --e-global-typography-text-font-family ), Sans-serif;\">&nbsp; &nbsp; &nbsp; &nbsp; &nbsp; &nbsp; &nbsp; &nbsp; &nbsp; &nbsp;<\/b><b><br><\/b><\/td>\n<\/tr>\n<tr>\n<td>\n<p>Montag\/Dienstag<br>07.\/08. Okt. 2024<br>LV-NR.: 27F4B5B880<\/p>\n<\/td>\n<td>\n<p><b>Vortragende:&nbsp;<\/b><\/p>\n<p><span lang=\"DE\" style=\"font-size: 14.0pt; font-family: 'Calibri',sans-serif; mso-ascii-theme-font: minor-latin; mso-fareast-font-family: 'Times New Roman'; mso-fareast-theme-font: minor-fareast; mso-hansi-font-family: 'Lucida Sans Unicode'; mso-bidi-font-family: 'Times New Roman'; mso-bidi-theme-font: minor-bidi; color: black; mso-themecolor: text1; mso-font-kerning: 12.0pt; mso-ansi-language: DE; mso-fareast-language: EN-US; mso-bidi-language: AR-SA;\">Frau Mag. Seher<\/span><\/p>\n<\/td>\n<\/tr>\n<\/tbody>\n<\/table>\n<\/div>\n<div>\n<div>\n<div>&nbsp;<\/div>\n<\/div>\n<\/div>\n<\/div>\n<div>\n<div>\n<div>\n<div>\n<div>\n<div>&nbsp;<\/div>\n<\/div>\n<\/div>\n<\/div>\n<\/div>\n<\/div>\n<div>\n<div>\n<div>\n<div>&nbsp;<\/div>\n<\/div>\n<\/div>\n<div>\n<div>\n<div>\n<div>\n<p><strong>Landesweit:<br><\/strong><\/p>\n<\/div>\n<table>\n<tbody>\n<tr>\n<td>\n<p>&nbsp;<b style=\"font-size: 0.9em; color: var( --e-global-color-text ); font-family: var( --e-global-typography-text-font-family ), Sans-serif;\"><span lang=\"DE\" style=\"font-size:16.0pt;font-family:&quot;Calibri&quot;,sans-serif; mso-ascii-theme-font:minor-latin;mso-fareast-font-family:&quot;Times New Roman&quot;; mso-fareast-theme-font:minor-fareast;mso-hansi-font-family:&quot;Lucida Sans Unicode&quot;; mso-bidi-font-family:&quot;Times New Roman&quot;;mso-bidi-theme-font:minor-bidi; color:black;mso-themecolor:text1;mso-font-kerning:12.0pt\">ARGE-Tag O<\/span><\/b><b style=\"font-size: 0.9em; color: var( --e-global-color-text ); font-family: var( --e-global-typography-text-font-family ), Sans-serif;\"><span lang=\"DE\" style=\"font-size:16.0pt;font-family:&quot;Lucida Sans Unicode&quot;,sans-serif; mso-ascii-font-family:Calibri;mso-ascii-theme-font:minor-latin;mso-fareast-font-family: &quot;Times New Roman&quot;;mso-fareast-theme-font:minor-fareast;mso-bidi-font-family: &quot;Times New Roman&quot;;mso-bidi-theme-font:minor-bidi;color:black;mso-themecolor: text1;mso-font-kerning:12.0pt\">\u00d6&nbsp; &nbsp; &nbsp; &nbsp; &nbsp; &nbsp; &nbsp; &nbsp; &nbsp; &nbsp; &nbsp; &nbsp; &nbsp; &nbsp; &nbsp; &nbsp; &nbsp; &nbsp; &nbsp; &nbsp; &nbsp; &nbsp; &nbsp; &nbsp; &nbsp; &nbsp; &nbsp;<\/span><\/b><\/p>\n<p style=\"margin-top:4.0pt;margin-right:0in;margin-bottom:0in;margin-left:0in; punctuation-wrap:simple;mso-line-break-override:restrictions;vertical-align: baseline\"><b><span lang=\"DE\" style=\"font-size: 16.0pt;font-family:&quot;Calibri&quot;,sans-serif;mso-ascii-theme-font:minor-latin; mso-fareast-font-family:&quot;Times New Roman&quot;;mso-fareast-theme-font:minor-fareast; mso-hansi-font-family:&quot;Lucida Sans Unicode&quot;;mso-bidi-font-family:&quot;Times New Roman&quot;; mso-bidi-theme-font:minor-bidi;color:black;mso-themecolor:text1;mso-font-kerning: 12.0pt\"><o:p><\/o:p><\/span><\/b><\/p>\n<\/td>\n<td>\n<p><b>PH O\u00d6<\/b><\/p>\n<p style=\"margin-top:4.0pt;margin-right:0in;margin-bottom:0in;margin-left:8.65pt; punctuation-wrap:simple;mso-line-break-override:restrictions;vertical-align: baseline\"><span lang=\"DE\" style=\"font-size:14.0pt; font-family:&quot;Calibri&quot;,sans-serif;mso-ascii-theme-font:minor-latin;mso-fareast-font-family: &quot;Times New Roman&quot;;mso-fareast-theme-font:minor-fareast;mso-hansi-font-family: &quot;Lucida Sans Unicode&quot;;mso-bidi-font-family:&quot;Times New Roman&quot;;mso-bidi-theme-font: minor-bidi;color:black;mso-themecolor:text1;mso-font-kerning:12.0pt\"><o:p><\/o:p><\/span><\/p>\n<\/td>\n<\/tr>\n<tr>\n<td>\n<p>Dienstag<br>22.April 2025<br>LV-NR.: 27F5B5A880<br><\/p>\n<\/td>\n<td>\n<p style=\"margin-top:4.0pt;margin-right:0in;margin-bottom:0in;margin-left:8.65pt; punctuation-wrap:simple;mso-line-break-override:restrictions;vertical-align: baseline\"><span lang=\"DE\" style=\"font-size:14.0pt;font-family:&quot;Calibri&quot;,sans-serif; mso-ascii-theme-font:minor-latin;mso-fareast-font-family:&quot;Times New Roman&quot;; mso-fareast-theme-font:minor-fareast;mso-hansi-font-family:&quot;Lucida Sans Unicode&quot;; mso-bidi-font-family:&quot;Times New Roman&quot;;mso-bidi-theme-font:minor-bidi; color:black;mso-themecolor:text1;mso-font-kerning:12.0pt\">Dienstauftrag \u00fc<\/span><span lang=\"DE\" style=\"font-size:14.0pt; font-family:&quot;Calibri&quot;,sans-serif;mso-ascii-theme-font:minor-latin;mso-fareast-font-family: &quot;Times New Roman&quot;;mso-fareast-theme-font:minor-fareast;mso-hansi-font-family: &quot;Lucida Sans Unicode&quot;;mso-bidi-font-family:&quot;Times New Roman&quot;;mso-bidi-theme-font: minor-bidi;color:black;mso-themecolor:text1;mso-font-kerning:12.0pt\">ber Bildungsdirektion<br><o:p><\/o:p><\/span><\/p>\n<p style=\"margin-top:4.0pt;margin-right:0in;margin-bottom:0in;margin-left:8.65pt; punctuation-wrap:simple;mso-line-break-override:restrictions;vertical-align: baseline\"><span lang=\"DE\" style=\"font-size:14.0pt;font-family:&quot;Calibri&quot;,sans-serif; mso-ascii-theme-font:minor-latin;mso-fareast-font-family:&quot;Times New Roman&quot;; mso-fareast-theme-font:minor-fareast;mso-hansi-font-family:&quot;Lucida Sans Unicode&quot;; mso-bidi-font-family:&quot;Times New Roman&quot;;mso-bidi-theme-font:minor-bidi; color:black;mso-themecolor:text1;mso-font-kerning:12.0pt\">Anmeldung: Mai 2024 <\/span><span lang=\"DE\" style=\"font-size:14.0pt;font-family:&quot;Lucida Sans Unicode&quot;,sans-serif; mso-ascii-font-family:Calibri;mso-ascii-theme-font:minor-latin;mso-fareast-font-family: &quot;Times New Roman&quot;;mso-fareast-theme-font:minor-fareast;mso-bidi-font-family: &quot;Times New Roman&quot;;mso-bidi-theme-font:minor-bidi;color:black;mso-themecolor: text1;mso-font-kerning:12.0pt\">\u2013<\/span><span lang=\"DE\" style=\"font-size:14.0pt; font-family:&quot;Calibri&quot;,sans-serif;mso-ascii-theme-font:minor-latin;mso-fareast-font-family: &quot;Times New Roman&quot;;mso-fareast-theme-font:minor-fareast;mso-hansi-font-family: &quot;Lucida Sans Unicode&quot;;mso-bidi-font-family:&quot;Times New Roman&quot;;mso-bidi-theme-font: minor-bidi;color:black;mso-themecolor:text1;mso-font-kerning:12.0pt\"> PH o\u00d6<\/span><\/p>\n<\/td>\n<\/tr>\n<\/tbody>\n<\/table>\n<\/div>\n<div>\n<div>\n<div>&nbsp;<\/div>\n<\/div>\n<\/div>\n<\/div>\n<div>\n<div>\n<div>\n<div>\n<div>\n<div>&nbsp;<\/div>\n<\/div>\n<\/div>\n<\/div>\n<\/div>\n<\/div>\n<div>\n<div>\n<div>\n<div>\n<div>\n<div>&nbsp;<\/div>\n<\/div>\n<\/div>\n<div>\n<div>\n<div>\n<div>\n<div>\n<div>\n<div>\n<div>\n<div>\n<div>\n<p><span style=\"text-decoration: underline;\"><strong>VERANSTALTUNGEN DER PH TIROL<\/strong><\/span><\/p>\n<\/div>\n<\/div>\n<div>\n<div>\n<p><strong>Titel der Veranstaltung<\/strong><\/p>\n<p>(ARGE SCHULBIBLIOTHEK AHS\/BMHS)<\/p>\n<\/div>\n<\/div>\n<table>\n<tbody>\n<tr>\n<td>Datum<\/td>\n<td>Beschreibung<\/td>\n<\/tr>\n<tr>\n<td>\n<p>Wochentag<\/p>\n<p>Datum<\/p>\n<p>Nr der Lehrveranstaltung<\/p>\n<\/td>\n<td>Beschreibung der Lehrveranstaltung<\/td>\n<\/tr>\n<\/tbody>\n<\/table>\n<\/div>\n<\/div>\n<\/div>\n<\/div>\n<\/div>\n<\/div>\n<\/div>\n<\/div>\n<div>\n<div>\n<div>&nbsp;<\/div>\n<\/div>\n<\/div>\n<\/div>\n<\/div>\n<\/div>\n<div>\n<div>\n<div>\n<div>\n<div>\n<div>&nbsp;<\/div>\n<\/div>\n<\/div>\n<\/div>\n<\/div>\n<\/div>\n<div>\n<div>\n<div>\n<div>\n<div>\n<div>&nbsp;<\/div>\n<\/div>\n<\/div>\n<div>\n<div>\n<div>\n<div>\n<div>\n<div>\n<div>\n<div>\n<div>\n<div>\n<p><span style=\"text-decoration: underline;\"><strong>Lesef\u00f6rderung in und mit der Schulbibliothek<\/strong><\/span><\/p>\n<p><strong>Titel der Veranstaltung<\/strong><\/p>\n<p>(ARGE SCHULBIBLIOTHEK AHS\/BMHS)<\/p>\n<\/div>\n<\/div>\n<table>\n<tbody>\n<tr>\n<td>Datum<\/td>\n<td>Beschreibung<\/td>\n<\/tr>\n<tr>\n<td>\n<p>Wochentag<\/p>\n<p>Datum<\/p>\n<p>Nr der Lehrveranstaltung<\/p>\n<\/td>\n<td>Beschreibung der Lehrveranstaltung<\/td>\n<\/tr>\n<\/tbody>\n<\/table>\n<\/div>\n<\/div>\n<\/div>\n<\/div>\n<\/div>\n<\/div>\n<\/div>\n<\/div>\n<div>\n<div>\n<div><br><\/div>\n<\/div>\n<\/div>\n<\/div>\n<\/div>\n<\/div>\n<\/div>\n<\/div>\t\t\t\t\t\t\t\t<\/div>\n\t\t\t\t<\/div>\n\t\t\t\t\t<\/div>\n\t\t<\/div>\n\t\t\t\t\t<\/div>\n\t\t<\/section>\n\t\t\t\t<\/div>\n\t\t","protected":false},"excerpt":{"rendered":"<p>Fortbildungsveranstaltungen f\u00fcr Schulbibliothekare an p\u00e4dagogischen Hochschulen &nbsp; VERANSTALTUNGEN DER PH O\u00d6 Bundesweit: &nbsp;Workflow-Management f\u00fcr Schulbibliotheken mit LITTERA Sperlhof, Windischgarsten&nbsp; &nbsp; &nbsp; &nbsp; &nbsp; &nbsp; &nbsp; &nbsp; &nbsp; &nbsp; Montag\/Dienstag07.\/08. Okt. 2024LV-NR.: 27F4B5B880 Vortragende:&nbsp; Frau Mag. Seher &nbsp; &nbsp; &nbsp; Landesweit: &nbsp;ARGE-Tag O\u00d6&nbsp; &nbsp; &nbsp; &nbsp; &nbsp; &nbsp; &nbsp; &nbsp; &nbsp; &nbsp; &nbsp; &nbsp; &nbsp; &nbsp; [&hellip;]<\/p>\n","protected":false},"author":1,"featured_media":0,"parent":0,"menu_order":0,"comment_status":"closed","ping_status":"closed","template":"elementor_header_footer","meta":{"two_page_speed":[],"footnotes":""},"class_list":["post-477","page","type-page","status-publish","hentry"],"yoast_head":"<!-- This site is optimized with the Yoast SEO plugin v25.1 - https:\/\/yoast.com\/wordpress\/plugins\/seo\/ -->\n<title>Fortbildung \u00fcber PH - bibbs.at<\/title>\n<meta name=\"description\" content=\"Die Seite Fortbildung \u00fcber PH auf der Website bibbs.at informiert \u00fcber die Fortbildungen f\u00fcr Schulbibliothekar*innen an P\u00e4dagogischen Hochschulen.\" \/>\n<meta name=\"robots\" content=\"index, follow, max-snippet:-1, max-image-preview:large, max-video-preview:-1\" \/>\n<link rel=\"canonical\" href=\"https:\/\/www.bibbs.at\/?page_id=477\" \/>\n<meta property=\"og:locale\" content=\"de_DE\" \/>\n<meta property=\"og:type\" content=\"article\" \/>\n<meta property=\"og:title\" content=\"Fortbildung \u00fcber PH - bibbs.at\" \/>\n<meta property=\"og:description\" content=\"Die Seite Fortbildung \u00fcber PH auf der Website bibbs.at informiert \u00fcber die Fortbildungen f\u00fcr Schulbibliothekar*innen an P\u00e4dagogischen Hochschulen.\" \/>\n<meta property=\"og:url\" content=\"https:\/\/www.bibbs.at\/?page_id=477\" \/>\n<meta property=\"og:site_name\" content=\"bibbs.at\" \/>\n<meta property=\"article:modified_time\" content=\"2024-05-14T14:53:42+00:00\" \/>\n<meta property=\"og:image\" content=\"https:\/\/www.bibbs.at\/wp-content\/uploads\/2021\/01\/phlogo_721x440-1.gif\" \/>\n<meta name=\"twitter:card\" content=\"summary_large_image\" \/>\n<meta name=\"twitter:label1\" content=\"Gesch\u00e4tzte Lesezeit\" \/>\n\t<meta name=\"twitter:data1\" content=\"1 Minute\" \/>\n<script type=\"application\/ld+json\" class=\"yoast-schema-graph\">{\"@context\":\"https:\/\/schema.org\",\"@graph\":[{\"@type\":\"WebPage\",\"@id\":\"https:\/\/www.bibbs.at\/?page_id=477\",\"url\":\"https:\/\/www.bibbs.at\/?page_id=477\",\"name\":\"Fortbildung \u00fcber PH - bibbs.at\",\"isPartOf\":{\"@id\":\"https:\/\/www.bibbs.at\/#website\"},\"primaryImageOfPage\":{\"@id\":\"https:\/\/www.bibbs.at\/?page_id=477#primaryimage\"},\"image\":{\"@id\":\"https:\/\/www.bibbs.at\/?page_id=477#primaryimage\"},\"thumbnailUrl\":\"https:\/\/www.bibbs.at\/wp-content\/uploads\/2021\/01\/phlogo_721x440-1.gif\",\"datePublished\":\"2021-01-03T16:52:15+00:00\",\"dateModified\":\"2024-05-14T14:53:42+00:00\",\"description\":\"Die Seite Fortbildung \u00fcber PH auf der Website bibbs.at informiert \u00fcber die Fortbildungen f\u00fcr Schulbibliothekar*innen an P\u00e4dagogischen Hochschulen.\",\"breadcrumb\":{\"@id\":\"https:\/\/www.bibbs.at\/?page_id=477#breadcrumb\"},\"inLanguage\":\"de-AT\",\"potentialAction\":[{\"@type\":\"ReadAction\",\"target\":[\"https:\/\/www.bibbs.at\/?page_id=477\"]}]},{\"@type\":\"ImageObject\",\"inLanguage\":\"de-AT\",\"@id\":\"https:\/\/www.bibbs.at\/?page_id=477#primaryimage\",\"url\":\"https:\/\/www.bibbs.at\/wp-content\/uploads\/2021\/01\/phlogo_721x440-1.gif\",\"contentUrl\":\"https:\/\/www.bibbs.at\/wp-content\/uploads\/2021\/01\/phlogo_721x440-1.gif\",\"width\":721,\"height\":440},{\"@type\":\"BreadcrumbList\",\"@id\":\"https:\/\/www.bibbs.at\/?page_id=477#breadcrumb\",\"itemListElement\":[{\"@type\":\"ListItem\",\"position\":1,\"name\":\"Home\",\"item\":\"https:\/\/www.bibbs.at\/\"},{\"@type\":\"ListItem\",\"position\":2,\"name\":\"Fortbildung \u00fcber PH\"}]},{\"@type\":\"WebSite\",\"@id\":\"https:\/\/www.bibbs.at\/#website\",\"url\":\"https:\/\/www.bibbs.at\/\",\"name\":\"bibbs.at\",\"description\":\"BiBBS \u2013 Bibliothekarinnen an berufsbildenden Schulen\",\"publisher\":{\"@id\":\"https:\/\/www.bibbs.at\/#organization\"},\"potentialAction\":[{\"@type\":\"SearchAction\",\"target\":{\"@type\":\"EntryPoint\",\"urlTemplate\":\"https:\/\/www.bibbs.at\/?s={search_term_string}\"},\"query-input\":{\"@type\":\"PropertyValueSpecification\",\"valueRequired\":true,\"valueName\":\"search_term_string\"}}],\"inLanguage\":\"de-AT\"},{\"@type\":\"Organization\",\"@id\":\"https:\/\/www.bibbs.at\/#organization\",\"name\":\"bibbs.at\",\"url\":\"https:\/\/www.bibbs.at\/\",\"logo\":{\"@type\":\"ImageObject\",\"inLanguage\":\"de-AT\",\"@id\":\"https:\/\/www.bibbs.at\/#\/schema\/logo\/image\/\",\"url\":\"https:\/\/www.bibbs.at\/wp-content\/uploads\/2020\/10\/image2.png\",\"contentUrl\":\"https:\/\/www.bibbs.at\/wp-content\/uploads\/2020\/10\/image2.png\",\"width\":472,\"height\":162,\"caption\":\"bibbs.at\"},\"image\":{\"@id\":\"https:\/\/www.bibbs.at\/#\/schema\/logo\/image\/\"}}]}<\/script>\n<!-- \/ Yoast SEO plugin. -->","yoast_head_json":{"title":"Fortbildung \u00fcber PH - bibbs.at","description":"Die Seite Fortbildung \u00fcber PH auf der Website bibbs.at informiert \u00fcber die Fortbildungen f\u00fcr Schulbibliothekar*innen an P\u00e4dagogischen Hochschulen.","robots":{"index":"index","follow":"follow","max-snippet":"max-snippet:-1","max-image-preview":"max-image-preview:large","max-video-preview":"max-video-preview:-1"},"canonical":"https:\/\/www.bibbs.at\/?page_id=477","og_locale":"de_DE","og_type":"article","og_title":"Fortbildung \u00fcber PH - bibbs.at","og_description":"Die Seite Fortbildung \u00fcber PH auf der Website bibbs.at informiert \u00fcber die Fortbildungen f\u00fcr Schulbibliothekar*innen an P\u00e4dagogischen Hochschulen.","og_url":"https:\/\/www.bibbs.at\/?page_id=477","og_site_name":"bibbs.at","article_modified_time":"2024-05-14T14:53:42+00:00","og_image":[{"url":"https:\/\/www.bibbs.at\/wp-content\/uploads\/2021\/01\/phlogo_721x440-1.gif","type":"","width":"","height":""}],"twitter_card":"summary_large_image","twitter_misc":{"Gesch\u00e4tzte Lesezeit":"1 Minute"},"schema":{"@context":"https:\/\/schema.org","@graph":[{"@type":"WebPage","@id":"https:\/\/www.bibbs.at\/?page_id=477","url":"https:\/\/www.bibbs.at\/?page_id=477","name":"Fortbildung \u00fcber PH - bibbs.at","isPartOf":{"@id":"https:\/\/www.bibbs.at\/#website"},"primaryImageOfPage":{"@id":"https:\/\/www.bibbs.at\/?page_id=477#primaryimage"},"image":{"@id":"https:\/\/www.bibbs.at\/?page_id=477#primaryimage"},"thumbnailUrl":"https:\/\/www.bibbs.at\/wp-content\/uploads\/2021\/01\/phlogo_721x440-1.gif","datePublished":"2021-01-03T16:52:15+00:00","dateModified":"2024-05-14T14:53:42+00:00","description":"Die Seite Fortbildung \u00fcber PH auf der Website bibbs.at informiert \u00fcber die Fortbildungen f\u00fcr Schulbibliothekar*innen an P\u00e4dagogischen Hochschulen.","breadcrumb":{"@id":"https:\/\/www.bibbs.at\/?page_id=477#breadcrumb"},"inLanguage":"de-AT","potentialAction":[{"@type":"ReadAction","target":["https:\/\/www.bibbs.at\/?page_id=477"]}]},{"@type":"ImageObject","inLanguage":"de-AT","@id":"https:\/\/www.bibbs.at\/?page_id=477#primaryimage","url":"https:\/\/www.bibbs.at\/wp-content\/uploads\/2021\/01\/phlogo_721x440-1.gif","contentUrl":"https:\/\/www.bibbs.at\/wp-content\/uploads\/2021\/01\/phlogo_721x440-1.gif","width":721,"height":440},{"@type":"BreadcrumbList","@id":"https:\/\/www.bibbs.at\/?page_id=477#breadcrumb","itemListElement":[{"@type":"ListItem","position":1,"name":"Home","item":"https:\/\/www.bibbs.at\/"},{"@type":"ListItem","position":2,"name":"Fortbildung \u00fcber PH"}]},{"@type":"WebSite","@id":"https:\/\/www.bibbs.at\/#website","url":"https:\/\/www.bibbs.at\/","name":"bibbs.at","description":"BiBBS \u2013 Bibliothekarinnen an berufsbildenden Schulen","publisher":{"@id":"https:\/\/www.bibbs.at\/#organization"},"potentialAction":[{"@type":"SearchAction","target":{"@type":"EntryPoint","urlTemplate":"https:\/\/www.bibbs.at\/?s={search_term_string}"},"query-input":{"@type":"PropertyValueSpecification","valueRequired":true,"valueName":"search_term_string"}}],"inLanguage":"de-AT"},{"@type":"Organization","@id":"https:\/\/www.bibbs.at\/#organization","name":"bibbs.at","url":"https:\/\/www.bibbs.at\/","logo":{"@type":"ImageObject","inLanguage":"de-AT","@id":"https:\/\/www.bibbs.at\/#\/schema\/logo\/image\/","url":"https:\/\/www.bibbs.at\/wp-content\/uploads\/2020\/10\/image2.png","contentUrl":"https:\/\/www.bibbs.at\/wp-content\/uploads\/2020\/10\/image2.png","width":472,"height":162,"caption":"bibbs.at"},"image":{"@id":"https:\/\/www.bibbs.at\/#\/schema\/logo\/image\/"}}]}},"_links":{"self":[{"href":"https:\/\/www.bibbs.at\/index.php?rest_route=\/wp\/v2\/pages\/477","targetHints":{"allow":["GET"]}}],"collection":[{"href":"https:\/\/www.bibbs.at\/index.php?rest_route=\/wp\/v2\/pages"}],"about":[{"href":"https:\/\/www.bibbs.at\/index.php?rest_route=\/wp\/v2\/types\/page"}],"author":[{"embeddable":true,"href":"https:\/\/www.bibbs.at\/index.php?rest_route=\/wp\/v2\/users\/1"}],"replies":[{"embeddable":true,"href":"https:\/\/www.bibbs.at\/index.php?rest_route=%2Fwp%2Fv2%2Fcomments&post=477"}],"version-history":[{"count":59,"href":"https:\/\/www.bibbs.at\/index.php?rest_route=\/wp\/v2\/pages\/477\/revisions"}],"predecessor-version":[{"id":4459,"href":"https:\/\/www.bibbs.at\/index.php?rest_route=\/wp\/v2\/pages\/477\/revisions\/4459"}],"wp:attachment":[{"href":"https:\/\/www.bibbs.at\/index.php?rest_route=%2Fwp%2Fv2%2Fmedia&parent=477"}],"curies":[{"name":"wp","href":"https:\/\/api.w.org\/{rel}","templated":true}]}}