
{"id":469,"date":"2021-01-03T17:46:21","date_gmt":"2021-01-03T16:46:21","guid":{"rendered":"https:\/\/neu.bibbs.at\/?page_id=469"},"modified":"2024-01-11T11:14:30","modified_gmt":"2024-01-11T10:14:30","slug":"kontakt-2","status":"publish","type":"page","link":"https:\/\/www.bibbs.at\/?page_id=469","title":{"rendered":"Kontakt"},"content":{"rendered":"\t\t<div data-elementor-type=\"wp-page\" data-elementor-id=\"469\" class=\"elementor elementor-469\" data-elementor-post-type=\"page\">\n\t\t\t\t\t\t<section class=\"elementor-section elementor-top-section elementor-element elementor-element-8fcf88e elementor-section-boxed elementor-section-height-default elementor-section-height-default\" data-id=\"8fcf88e\" data-element_type=\"section\">\n\t\t\t\t\t\t<div class=\"elementor-container elementor-column-gap-default\">\n\t\t\t\t\t<div class=\"elementor-column elementor-col-100 elementor-top-column elementor-element elementor-element-9550db9\" data-id=\"9550db9\" data-element_type=\"column\">\n\t\t\t<div class=\"elementor-widget-wrap elementor-element-populated\">\n\t\t\t\t\t\t<div class=\"elementor-element elementor-element-2e91bc6 elementor-widget elementor-widget-heading\" data-id=\"2e91bc6\" data-element_type=\"widget\" data-widget_type=\"heading.default\">\n\t\t\t\t<div class=\"elementor-widget-container\">\n\t\t\t\t\t<h2 class=\"elementor-heading-title elementor-size-default\">Kontakt<\/h2>\t\t\t\t<\/div>\n\t\t\t\t<\/div>\n\t\t\t\t\t<\/div>\n\t\t<\/div>\n\t\t\t\t\t<\/div>\n\t\t<\/section>\n\t\t\t\t<section class=\"elementor-section elementor-top-section elementor-element elementor-element-125ac87 elementor-section-boxed elementor-section-height-default elementor-section-height-default\" data-id=\"125ac87\" data-element_type=\"section\">\n\t\t\t\t\t\t<div class=\"elementor-container elementor-column-gap-default\">\n\t\t\t\t\t<div class=\"elementor-column elementor-col-100 elementor-top-column elementor-element elementor-element-cba777b\" data-id=\"cba777b\" data-element_type=\"column\">\n\t\t\t<div class=\"elementor-widget-wrap elementor-element-populated\">\n\t\t\t\t\t\t<div class=\"elementor-element elementor-element-3369a9d elementor-widget elementor-widget-text-editor\" data-id=\"3369a9d\" data-element_type=\"widget\" data-widget_type=\"text-editor.default\">\n\t\t\t\t<div class=\"elementor-widget-container\">\n\t\t\t\t\t\t\t\t\t<p><strong>Haben Sie Interesse am Ausbildungslehrgang \u201eSchulbibliothekare an BHMS\u201c ?<\/strong><\/p><p>Bitte\u00a0f\u00fcllen Sie alle Felder dieses Kontaktformulars aus, damit wir Sie in die Warteliste aufnehmen k\u00f6nnen. Das Zustandekommen eines Ausbildungslehrganges h\u00e4ngt ma\u00dfgeblich von der Anzahl der Interessenten ab.<\/p><p>Achtung: Die endg\u00fcltige Anmeldung f\u00fcr den Lehrgang erfolgt im Dienstweg (also im Einverst\u00e4ndnis mit der Direktion) an die P\u00e4dagogische Hochschule Ober\u00f6sterreich.<\/p>\t\t\t\t\t\t\t\t<\/div>\n\t\t\t\t<\/div>\n\t\t\t\t\t<\/div>\n\t\t<\/div>\n\t\t\t\t\t<\/div>\n\t\t<\/section>\n\t\t\t\t<section class=\"elementor-section elementor-top-section elementor-element elementor-element-f0045bb elementor-section-boxed elementor-section-height-default elementor-section-height-default\" data-id=\"f0045bb\" data-element_type=\"section\">\n\t\t\t\t\t\t<div class=\"elementor-container elementor-column-gap-default\">\n\t\t\t\t\t<div class=\"elementor-column elementor-col-100 elementor-top-column elementor-element elementor-element-422e1dc\" data-id=\"422e1dc\" data-element_type=\"column\">\n\t\t\t<div class=\"elementor-widget-wrap elementor-element-populated\">\n\t\t\t\t\t\t<div class=\"elementor-element elementor-element-4f33b3f elementor-widget elementor-widget-heading\" data-id=\"4f33b3f\" data-element_type=\"widget\" data-widget_type=\"heading.default\">\n\t\t\t\t<div class=\"elementor-widget-container\">\n\t\t\t\t\t<h2 class=\"elementor-heading-title elementor-size-default\">Kontaktformular:<\/h2>\t\t\t\t<\/div>\n\t\t\t\t<\/div>\n\t\t\t\t\t<\/div>\n\t\t<\/div>\n\t\t\t\t\t<\/div>\n\t\t<\/section>\n\t\t\t\t<section class=\"elementor-section elementor-top-section elementor-element elementor-element-6b6cabb elementor-section-boxed elementor-section-height-default elementor-section-height-default\" data-id=\"6b6cabb\" data-element_type=\"section\">\n\t\t\t\t\t\t<div class=\"elementor-container elementor-column-gap-default\">\n\t\t\t\t\t<div class=\"elementor-column elementor-col-100 elementor-top-column elementor-element elementor-element-3040db0\" data-id=\"3040db0\" data-element_type=\"column\">\n\t\t\t<div class=\"elementor-widget-wrap elementor-element-populated\">\n\t\t\t\t\t\t<div class=\"elementor-element elementor-element-b20f791 elementor-button-align-end elementor-widget__width-inherit elementor-widget elementor-widget-form\" data-id=\"b20f791\" data-element_type=\"widget\" data-settings=\"{&quot;step_next_label&quot;:&quot;N\\u00e4chste Seite&quot;,&quot;step_previous_label&quot;:&quot;Vorherige Seite&quot;,&quot;button_width&quot;:&quot;100&quot;,&quot;step_type&quot;:&quot;number_text&quot;,&quot;step_icon_shape&quot;:&quot;circle&quot;}\" data-widget_type=\"form.default\">\n\t\t\t\t<div class=\"elementor-widget-container\">\n\t\t\t\t\t\t\t<form class=\"elementor-form\" method=\"post\" name=\"Kontakt\">\n\t\t\t<input type=\"hidden\" name=\"post_id\" value=\"469\"\/>\n\t\t\t<input type=\"hidden\" name=\"form_id\" value=\"b20f791\"\/>\n\t\t\t<input type=\"hidden\" name=\"referer_title\" value=\"bibbs.at\" \/>\n\n\t\t\t\n\t\t\t<div class=\"elementor-form-fields-wrapper elementor-labels-above\">\n\t\t\t\t\t\t\t\t<div class=\"elementor-field-type-step elementor-field-group elementor-column elementor-field-group-field_d6df6c2 elementor-col-100\">\n\t\t\t\t\t\t\t<div class=\"e-field-step elementor-hidden\" data-label=\"Pers\u00f6nliche Informationen:\" data-previousButton=\"\" data-nextButton=\"\" data-iconUrl=\"\" data-iconLibrary=\"fas fa-star\" data-icon=\"\" ><\/div>\n\n\t\t\t\t\t\t<\/div>\n\t\t\t\t\t\t\t\t<div class=\"elementor-field-type-select elementor-field-group elementor-column elementor-field-group-name elementor-col-33\">\n\t\t\t\t\t\t\t\t\t\t\t\t<label for=\"form-field-name\" class=\"elementor-field-label\">\n\t\t\t\t\t\t\t\tAkadem. Grad\t\t\t\t\t\t\t<\/label>\n\t\t\t\t\t\t\t\t<div class=\"elementor-field elementor-select-wrapper remove-before \">\n\t\t\t<div class=\"select-caret-down-wrapper\">\n\t\t\t\t<i aria-hidden=\"true\" class=\"eicon-caret-down\"><\/i>\t\t\t<\/div>\n\t\t\t<select name=\"form_fields[name]\" id=\"form-field-name\" class=\"elementor-field-textual elementor-size-sm\">\n\t\t\t\t\t\t\t\t\t<option value=\" \"> <\/option>\n\t\t\t\t\t\t\t\t\t<option value=\"Mag.\">Mag.<\/option>\n\t\t\t\t\t\t\t\t\t<option value=\" MMag.\">MMag.<\/option>\n\t\t\t\t\t\t\t\t\t<option value=\"Dr.\">Dr.<\/option>\n\t\t\t\t\t\t\t\t\t<option value=\"DDr.\">DDr.<\/option>\n\t\t\t\t\t\t\t\t\t<option value=\"Mag. Dr.\">Mag. Dr.<\/option>\n\t\t\t\t\t\t\t\t\t<option value=\"DI\">DI<\/option>\n\t\t\t\t\t\t\t\t\t<option value=\"\"><\/option>\n\t\t\t\t\t\t\t\t\t<option value=\"\"><\/option>\n\t\t\t\t\t\t\t<\/select>\n\t\t<\/div>\n\t\t\t\t\t\t<\/div>\n\t\t\t\t\t\t\t\t<div class=\"elementor-field-type-text elementor-field-group elementor-column elementor-field-group-email elementor-col-40\">\n\t\t\t\t\t\t\t\t\t\t\t\t<label for=\"form-field-email\" class=\"elementor-field-label\">\n\t\t\t\t\t\t\t\tVorname\t\t\t\t\t\t\t<\/label>\n\t\t\t\t\t\t\t\t\t\t\t\t\t\t<input size=\"1\" type=\"text\" name=\"form_fields[email]\" id=\"form-field-email\" class=\"elementor-field elementor-size-sm  elementor-field-textual\">\n\t\t\t\t\t\t\t\t\t\t\t<\/div>\n\t\t\t\t\t\t\t\t<div class=\"elementor-field-type-text elementor-field-group elementor-column elementor-field-group-message elementor-col-40\">\n\t\t\t\t\t\t\t\t\t\t\t\t<label for=\"form-field-message\" class=\"elementor-field-label\">\n\t\t\t\t\t\t\t\tFamilienname\t\t\t\t\t\t\t<\/label>\n\t\t\t\t\t\t\t\t\t\t\t\t\t\t<input size=\"1\" type=\"text\" name=\"form_fields[message]\" id=\"form-field-message\" class=\"elementor-field elementor-size-sm  elementor-field-textual\">\n\t\t\t\t\t\t\t\t\t\t\t<\/div>\n\t\t\t\t\t\t\t\t<div class=\"elementor-field-type-select elementor-field-group elementor-column elementor-field-group-field_1c80642 elementor-col-33\">\n\t\t\t\t\t\t\t\t\t\t\t\t<label for=\"form-field-field_1c80642\" class=\"elementor-field-label\">\n\t\t\t\t\t\t\t\tAkadem. Grad (nachgestellt)\t\t\t\t\t\t\t<\/label>\n\t\t\t\t\t\t\t\t<div class=\"elementor-field elementor-select-wrapper remove-before \">\n\t\t\t<div class=\"select-caret-down-wrapper\">\n\t\t\t\t<i aria-hidden=\"true\" class=\"eicon-caret-down\"><\/i>\t\t\t<\/div>\n\t\t\t<select name=\"form_fields[field_1c80642]\" id=\"form-field-field_1c80642\" class=\"elementor-field-textual elementor-size-sm\">\n\t\t\t\t\t\t\t\t\t<option value=\" \"> <\/option>\n\t\t\t\t\t\t\t\t\t<option value=\"BA\">BA<\/option>\n\t\t\t\t\t\t\t\t\t<option value=\"MA\">MA<\/option>\n\t\t\t\t\t\t\t\t\t<option value=\"MAS\">MAS<\/option>\n\t\t\t\t\t\t\t\t\t<option value=\"BEd\">BEd<\/option>\n\t\t\t\t\t\t\t\t\t<option value=\"MEd\">MEd<\/option>\n\t\t\t\t\t\t\t<\/select>\n\t\t<\/div>\n\t\t\t\t\t\t<\/div>\n\t\t\t\t\t\t\t\t<div class=\"elementor-field-type-date elementor-field-group elementor-column elementor-field-group-field_3d8aac8 elementor-col-33\">\n\t\t\t\t\t\t\t\t\t\t\t\t<label for=\"form-field-field_3d8aac8\" class=\"elementor-field-label\">\n\t\t\t\t\t\t\t\tGeburtsdatum\t\t\t\t\t\t\t<\/label>\n\t\t\t\t\t\t\n\t\t<input type=\"date\" name=\"form_fields[field_3d8aac8]\" id=\"form-field-field_3d8aac8\" class=\"elementor-field elementor-size-sm  elementor-field-textual elementor-date-field\" placeholder=\"jjjj-mm-tt\" pattern=\"[0-9]{4}-[0-9]{2}-[0-9]{2}\">\n\t\t\t\t\t\t<\/div>\n\t\t\t\t\t\t\t\t<div class=\"elementor-field-type-email elementor-field-group elementor-column elementor-field-group-field_273d491 elementor-col-40\">\n\t\t\t\t\t\t\t\t\t\t\t\t<label for=\"form-field-field_273d491\" class=\"elementor-field-label\">\n\t\t\t\t\t\t\t\tE-Mail Adresse:\t\t\t\t\t\t\t<\/label>\n\t\t\t\t\t\t\t\t\t\t\t\t\t\t<input size=\"1\" type=\"email\" name=\"form_fields[field_273d491]\" id=\"form-field-field_273d491\" class=\"elementor-field elementor-size-sm  elementor-field-textual\">\n\t\t\t\t\t\t\t\t\t\t\t<\/div>\n\t\t\t\t\t\t\t\t<div class=\"elementor-field-type-step elementor-field-group elementor-column elementor-field-group-field_a960699 elementor-col-100\">\n\t\t\t\t\t\t\t<div class=\"e-field-step elementor-hidden\" data-label=\"Private Adresse:\" data-previousButton=\"\" data-nextButton=\"\" data-iconUrl=\"\" data-iconLibrary=\"fas fa-star\" data-icon=\"\" ><\/div>\n\n\t\t\t\t\t\t<\/div>\n\t\t\t\t\t\t\t\t<div class=\"elementor-field-type-text elementor-field-group elementor-column elementor-field-group-field_b828ce3 elementor-col-100\">\n\t\t\t\t\t\t\t\t\t\t\t\t<label for=\"form-field-field_b828ce3\" class=\"elementor-field-label\">\n\t\t\t\t\t\t\t\tStra\u00dfe\/ Gasse\t\t\t\t\t\t\t<\/label>\n\t\t\t\t\t\t\t\t\t\t\t\t\t\t<input size=\"1\" type=\"text\" name=\"form_fields[field_b828ce3]\" id=\"form-field-field_b828ce3\" class=\"elementor-field elementor-size-sm  elementor-field-textual\">\n\t\t\t\t\t\t\t\t\t\t\t<\/div>\n\t\t\t\t\t\t\t\t<div class=\"elementor-field-type-text elementor-field-group elementor-column elementor-field-group-field_51dcfc8 elementor-col-20\">\n\t\t\t\t\t\t\t\t\t\t\t\t<label for=\"form-field-field_51dcfc8\" class=\"elementor-field-label\">\n\t\t\t\t\t\t\t\tPLZ\t\t\t\t\t\t\t<\/label>\n\t\t\t\t\t\t\t\t\t\t\t\t\t\t<input size=\"1\" type=\"text\" name=\"form_fields[field_51dcfc8]\" id=\"form-field-field_51dcfc8\" class=\"elementor-field elementor-size-sm  elementor-field-textual\">\n\t\t\t\t\t\t\t\t\t\t\t<\/div>\n\t\t\t\t\t\t\t\t<div class=\"elementor-field-type-text elementor-field-group elementor-column elementor-field-group-field_8518edb elementor-col-80\">\n\t\t\t\t\t\t\t\t\t\t\t\t<label for=\"form-field-field_8518edb\" class=\"elementor-field-label\">\n\t\t\t\t\t\t\t\tOrt\t\t\t\t\t\t\t<\/label>\n\t\t\t\t\t\t\t\t\t\t\t\t\t\t<input size=\"1\" type=\"text\" name=\"form_fields[field_8518edb]\" id=\"form-field-field_8518edb\" class=\"elementor-field elementor-size-sm  elementor-field-textual\">\n\t\t\t\t\t\t\t\t\t\t\t<\/div>\n\t\t\t\t\t\t\t\t<div class=\"elementor-field-type-tel elementor-field-group elementor-column elementor-field-group-field_0093998 elementor-col-40\">\n\t\t\t\t\t\t\t\t\t\t\t\t<label for=\"form-field-field_0093998\" class=\"elementor-field-label\">\n\t\t\t\t\t\t\t\tTelefon\t\t\t\t\t\t\t<\/label>\n\t\t\t\t\t\t\t\t<input size=\"1\" type=\"tel\" name=\"form_fields[field_0093998]\" id=\"form-field-field_0093998\" class=\"elementor-field elementor-size-sm  elementor-field-textual\" pattern=\"[0-9()#&amp;+*-=.]+\" title=\"Only numbers and phone characters (#, -, *, etc) are accepted.\">\n\n\t\t\t\t\t\t<\/div>\n\t\t\t\t\t\t\t\t<div class=\"elementor-field-type-step elementor-field-group elementor-column elementor-field-group-field_d39ade9 elementor-col-100\">\n\t\t\t\t\t\t\t<div class=\"e-field-step elementor-hidden\" data-label=\"Schulinformation:\" data-previousButton=\"\" data-nextButton=\"\" data-iconUrl=\"\" data-iconLibrary=\"fas fa-star\" data-icon=\"\" ><\/div>\n\n\t\t\t\t\t\t<\/div>\n\t\t\t\t\t\t\t\t<div class=\"elementor-field-type-text elementor-field-group elementor-column elementor-field-group-field_1c3a231 elementor-col-50 elementor-field-required\">\n\t\t\t\t\t\t\t\t\t\t\t\t<label for=\"form-field-field_1c3a231\" class=\"elementor-field-label\">\n\t\t\t\t\t\t\t\tSchule\t\t\t\t\t\t\t<\/label>\n\t\t\t\t\t\t\t\t\t\t\t\t\t\t<input size=\"1\" type=\"text\" name=\"form_fields[field_1c3a231]\" id=\"form-field-field_1c3a231\" class=\"elementor-field elementor-size-sm  elementor-field-textual\" required=\"required\">\n\t\t\t\t\t\t\t\t\t\t\t<\/div>\n\t\t\t\t\t\t\t\t<div class=\"elementor-field-type-text elementor-field-group elementor-column elementor-field-group-field_f1f61ea elementor-col-100 elementor-field-required\">\n\t\t\t\t\t\t\t\t\t\t\t\t<label for=\"form-field-field_f1f61ea\" class=\"elementor-field-label\">\n\t\t\t\t\t\t\t\tStra\u00dfe\/Gasse\t\t\t\t\t\t\t<\/label>\n\t\t\t\t\t\t\t\t\t\t\t\t\t\t<input size=\"1\" type=\"text\" name=\"form_fields[field_f1f61ea]\" id=\"form-field-field_f1f61ea\" class=\"elementor-field elementor-size-sm  elementor-field-textual\" required=\"required\">\n\t\t\t\t\t\t\t\t\t\t\t<\/div>\n\t\t\t\t\t\t\t\t<div class=\"elementor-field-type-number elementor-field-group elementor-column elementor-field-group-field_2c75e15 elementor-col-20 elementor-field-required\">\n\t\t\t\t\t\t\t\t\t\t\t\t<label for=\"form-field-field_2c75e15\" class=\"elementor-field-label\">\n\t\t\t\t\t\t\t\tPLZ\t\t\t\t\t\t\t<\/label>\n\t\t\t\t\t\t\t\t\t<input type=\"number\" name=\"form_fields[field_2c75e15]\" id=\"form-field-field_2c75e15\" class=\"elementor-field elementor-size-sm  elementor-field-textual\" required=\"required\" min=\"\" max=\"\" >\n\t\t\t\t\t\t<\/div>\n\t\t\t\t\t\t\t\t<div class=\"elementor-field-type-text elementor-field-group elementor-column elementor-field-group-field_c2311f3 elementor-col-80 elementor-field-required\">\n\t\t\t\t\t\t\t\t\t\t\t\t<label for=\"form-field-field_c2311f3\" class=\"elementor-field-label\">\n\t\t\t\t\t\t\t\tOrt\t\t\t\t\t\t\t<\/label>\n\t\t\t\t\t\t\t\t\t\t\t\t\t\t<input size=\"1\" type=\"text\" name=\"form_fields[field_c2311f3]\" id=\"form-field-field_c2311f3\" class=\"elementor-field elementor-size-sm  elementor-field-textual\" required=\"required\">\n\t\t\t\t\t\t\t\t\t\t\t<\/div>\n\t\t\t\t\t\t\t\t<div class=\"elementor-field-type-number elementor-field-group elementor-column elementor-field-group-field_ac70188 elementor-col-20 elementor-field-required\">\n\t\t\t\t\t\t\t\t\t\t\t\t<label for=\"form-field-field_ac70188\" class=\"elementor-field-label\">\n\t\t\t\t\t\t\t\tSchulkennzahl\t\t\t\t\t\t\t<\/label>\n\t\t\t\t\t\t\t\t\t<input type=\"number\" name=\"form_fields[field_ac70188]\" id=\"form-field-field_ac70188\" class=\"elementor-field elementor-size-sm  elementor-field-textual\" required=\"required\" min=\"\" max=\"\" >\n\t\t\t\t\t\t<\/div>\n\t\t\t\t\t\t\t\t<div class=\"elementor-field-type-tel elementor-field-group elementor-column elementor-field-group-field_9d4f61e elementor-col-100 elementor-field-required\">\n\t\t\t\t\t\t\t\t\t\t\t\t<label for=\"form-field-field_9d4f61e\" class=\"elementor-field-label\">\n\t\t\t\t\t\t\t\tTelefonnr. der Schule\t\t\t\t\t\t\t<\/label>\n\t\t\t\t\t\t\t\t<input size=\"1\" type=\"tel\" name=\"form_fields[field_9d4f61e]\" id=\"form-field-field_9d4f61e\" class=\"elementor-field elementor-size-sm  elementor-field-textual\" required=\"required\" pattern=\"[0-9()#&amp;+*-=.]+\" title=\"Only numbers and phone characters (#, -, *, etc) are accepted.\">\n\n\t\t\t\t\t\t<\/div>\n\t\t\t\t\t\t\t\t<div class=\"elementor-field-type-text elementor-field-group elementor-column elementor-field-group-field_c573bbe elementor-col-100\">\n\t\t\t\t\t\t\t\t\t\t\t\t<label for=\"form-field-field_c573bbe\" class=\"elementor-field-label\">\n\t\t\t\t\t\t\t\tRaum f\u00fcr Anmerkungen oder Nachrichten, die Sie uns mitteilen wollen\t\t\t\t\t\t\t<\/label>\n\t\t\t\t\t\t\t\t\t\t\t\t\t\t<input size=\"1\" type=\"text\" name=\"form_fields[field_c573bbe]\" id=\"form-field-field_c573bbe\" class=\"elementor-field elementor-size-sm  elementor-field-textual\">\n\t\t\t\t\t\t\t\t\t\t\t<\/div>\n\t\t\t\t\t\t\t\t<div class=\"elementor-field-type-acceptance elementor-field-group elementor-column elementor-field-group-field_0395e48 elementor-col-100 elementor-field-required\">\n\t\t\t\t\t\t\t\t\t\t\t\t<label for=\"form-field-field_0395e48\" class=\"elementor-field-label\">\n\t\t\t\t\t\t\t\tIch bin damit einverstanden, dass meine pers\u00f6nlichen Daten zum oben genannten Zweck erfasst und elektronisch gespeichert werden.\t\t\t\t\t\t\t<\/label>\n\t\t\t\t\t\t\t\t<div class=\"elementor-field-subgroup\">\n\t\t\t<span class=\"elementor-field-option\">\n\t\t\t\t<input type=\"checkbox\" name=\"form_fields[field_0395e48]\" id=\"form-field-field_0395e48\" class=\"elementor-field elementor-size-sm  elementor-acceptance-field\" required=\"required\">\n\t\t\t\t\t\t\t<\/span>\n\t\t<\/div>\n\t\t\t\t\t\t<\/div>\n\t\t\t\t\t\t\t\t<div class=\"elementor-field-group elementor-column elementor-field-type-submit elementor-col-100 e-form__buttons\">\n\t\t\t\t\t<button class=\"elementor-button elementor-size-sm\" type=\"submit\">\n\t\t\t\t\t\t<span class=\"elementor-button-content-wrapper\">\n\t\t\t\t\t\t\t\t\t\t\t\t\t\t\t\t\t\t\t\t\t\t<span class=\"elementor-button-text\">Senden<\/span>\n\t\t\t\t\t\t\t\t\t\t\t\t\t<\/span>\n\t\t\t\t\t<\/button>\n\t\t\t\t<\/div>\n\t\t\t<\/div>\n\t\t<\/form>\n\t\t\t\t\t\t<\/div>\n\t\t\t\t<\/div>\n\t\t\t\t\t<\/div>\n\t\t<\/div>\n\t\t\t\t\t<\/div>\n\t\t<\/section>\n\t\t\t\t<\/div>\n\t\t","protected":false},"excerpt":{"rendered":"<p>Kontakt Haben Sie Interesse am Ausbildungslehrgang \u201eSchulbibliothekare an BHMS\u201c ? Bitte\u00a0f\u00fcllen Sie alle Felder dieses Kontaktformulars aus, damit wir Sie in die Warteliste aufnehmen k\u00f6nnen. Das Zustandekommen eines Ausbildungslehrganges h\u00e4ngt ma\u00dfgeblich von der Anzahl der Interessenten ab. Achtung: Die endg\u00fcltige Anmeldung f\u00fcr den Lehrgang erfolgt im Dienstweg (also im Einverst\u00e4ndnis mit der Direktion) an die [&hellip;]<\/p>\n","protected":false},"author":1,"featured_media":0,"parent":0,"menu_order":0,"comment_status":"closed","ping_status":"closed","template":"elementor_header_footer","meta":{"two_page_speed":[],"footnotes":""},"class_list":["post-469","page","type-page","status-publish","hentry"],"yoast_head":"<!-- This site is optimized with the Yoast SEO plugin v25.1 - https:\/\/yoast.com\/wordpress\/plugins\/seo\/ -->\n<title>Kontakt - bibbs.at<\/title>\n<meta name=\"description\" content=\"Entdecken Sie Bildung und B\u00fccher auf\u00a0bibbs.at! Finden Sie Informationen zu Schulbibliotheken, Veranstaltungen und Kursen in Ihrer N\u00e4he.\" \/>\n<meta name=\"robots\" content=\"index, follow, max-snippet:-1, max-image-preview:large, max-video-preview:-1\" \/>\n<link rel=\"canonical\" href=\"https:\/\/www.bibbs.at\/?page_id=469\" \/>\n<meta property=\"og:locale\" content=\"de_DE\" \/>\n<meta property=\"og:type\" content=\"article\" \/>\n<meta property=\"og:title\" content=\"Kontakt - bibbs.at\" \/>\n<meta property=\"og:description\" content=\"Entdecken Sie Bildung und B\u00fccher auf\u00a0bibbs.at! Finden Sie Informationen zu Schulbibliotheken, Veranstaltungen und Kursen in Ihrer N\u00e4he.\" \/>\n<meta property=\"og:url\" content=\"https:\/\/www.bibbs.at\/?page_id=469\" \/>\n<meta property=\"og:site_name\" content=\"bibbs.at\" \/>\n<meta property=\"article:modified_time\" content=\"2024-01-11T10:14:30+00:00\" \/>\n<meta name=\"twitter:card\" content=\"summary_large_image\" \/>\n<meta name=\"twitter:label1\" content=\"Gesch\u00e4tzte Lesezeit\" \/>\n\t<meta name=\"twitter:data1\" content=\"1 Minute\" \/>\n<script type=\"application\/ld+json\" class=\"yoast-schema-graph\">{\"@context\":\"https:\/\/schema.org\",\"@graph\":[{\"@type\":\"WebPage\",\"@id\":\"https:\/\/www.bibbs.at\/?page_id=469\",\"url\":\"https:\/\/www.bibbs.at\/?page_id=469\",\"name\":\"Kontakt - bibbs.at\",\"isPartOf\":{\"@id\":\"https:\/\/www.bibbs.at\/#website\"},\"datePublished\":\"2021-01-03T16:46:21+00:00\",\"dateModified\":\"2024-01-11T10:14:30+00:00\",\"description\":\"Entdecken Sie Bildung und B\u00fccher auf\u00a0bibbs.at! Finden Sie Informationen zu Schulbibliotheken, Veranstaltungen und Kursen in Ihrer N\u00e4he.\",\"breadcrumb\":{\"@id\":\"https:\/\/www.bibbs.at\/?page_id=469#breadcrumb\"},\"inLanguage\":\"de-AT\",\"potentialAction\":[{\"@type\":\"ReadAction\",\"target\":[\"https:\/\/www.bibbs.at\/?page_id=469\"]}]},{\"@type\":\"BreadcrumbList\",\"@id\":\"https:\/\/www.bibbs.at\/?page_id=469#breadcrumb\",\"itemListElement\":[{\"@type\":\"ListItem\",\"position\":1,\"name\":\"Home\",\"item\":\"https:\/\/www.bibbs.at\/\"},{\"@type\":\"ListItem\",\"position\":2,\"name\":\"Kontakt\"}]},{\"@type\":\"WebSite\",\"@id\":\"https:\/\/www.bibbs.at\/#website\",\"url\":\"https:\/\/www.bibbs.at\/\",\"name\":\"bibbs.at\",\"description\":\"BiBBS \u2013 Bibliothekarinnen an berufsbildenden Schulen\",\"publisher\":{\"@id\":\"https:\/\/www.bibbs.at\/#organization\"},\"potentialAction\":[{\"@type\":\"SearchAction\",\"target\":{\"@type\":\"EntryPoint\",\"urlTemplate\":\"https:\/\/www.bibbs.at\/?s={search_term_string}\"},\"query-input\":{\"@type\":\"PropertyValueSpecification\",\"valueRequired\":true,\"valueName\":\"search_term_string\"}}],\"inLanguage\":\"de-AT\"},{\"@type\":\"Organization\",\"@id\":\"https:\/\/www.bibbs.at\/#organization\",\"name\":\"bibbs.at\",\"url\":\"https:\/\/www.bibbs.at\/\",\"logo\":{\"@type\":\"ImageObject\",\"inLanguage\":\"de-AT\",\"@id\":\"https:\/\/www.bibbs.at\/#\/schema\/logo\/image\/\",\"url\":\"https:\/\/www.bibbs.at\/wp-content\/uploads\/2020\/10\/image2.png\",\"contentUrl\":\"https:\/\/www.bibbs.at\/wp-content\/uploads\/2020\/10\/image2.png\",\"width\":472,\"height\":162,\"caption\":\"bibbs.at\"},\"image\":{\"@id\":\"https:\/\/www.bibbs.at\/#\/schema\/logo\/image\/\"}}]}<\/script>\n<!-- \/ Yoast SEO plugin. -->","yoast_head_json":{"title":"Kontakt - bibbs.at","description":"Entdecken Sie Bildung und B\u00fccher auf\u00a0bibbs.at! Finden Sie Informationen zu Schulbibliotheken, Veranstaltungen und Kursen in Ihrer N\u00e4he.","robots":{"index":"index","follow":"follow","max-snippet":"max-snippet:-1","max-image-preview":"max-image-preview:large","max-video-preview":"max-video-preview:-1"},"canonical":"https:\/\/www.bibbs.at\/?page_id=469","og_locale":"de_DE","og_type":"article","og_title":"Kontakt - bibbs.at","og_description":"Entdecken Sie Bildung und B\u00fccher auf\u00a0bibbs.at! Finden Sie Informationen zu Schulbibliotheken, Veranstaltungen und Kursen in Ihrer N\u00e4he.","og_url":"https:\/\/www.bibbs.at\/?page_id=469","og_site_name":"bibbs.at","article_modified_time":"2024-01-11T10:14:30+00:00","twitter_card":"summary_large_image","twitter_misc":{"Gesch\u00e4tzte Lesezeit":"1 Minute"},"schema":{"@context":"https:\/\/schema.org","@graph":[{"@type":"WebPage","@id":"https:\/\/www.bibbs.at\/?page_id=469","url":"https:\/\/www.bibbs.at\/?page_id=469","name":"Kontakt - bibbs.at","isPartOf":{"@id":"https:\/\/www.bibbs.at\/#website"},"datePublished":"2021-01-03T16:46:21+00:00","dateModified":"2024-01-11T10:14:30+00:00","description":"Entdecken Sie Bildung und B\u00fccher auf\u00a0bibbs.at! Finden Sie Informationen zu Schulbibliotheken, Veranstaltungen und Kursen in Ihrer N\u00e4he.","breadcrumb":{"@id":"https:\/\/www.bibbs.at\/?page_id=469#breadcrumb"},"inLanguage":"de-AT","potentialAction":[{"@type":"ReadAction","target":["https:\/\/www.bibbs.at\/?page_id=469"]}]},{"@type":"BreadcrumbList","@id":"https:\/\/www.bibbs.at\/?page_id=469#breadcrumb","itemListElement":[{"@type":"ListItem","position":1,"name":"Home","item":"https:\/\/www.bibbs.at\/"},{"@type":"ListItem","position":2,"name":"Kontakt"}]},{"@type":"WebSite","@id":"https:\/\/www.bibbs.at\/#website","url":"https:\/\/www.bibbs.at\/","name":"bibbs.at","description":"BiBBS \u2013 Bibliothekarinnen an berufsbildenden Schulen","publisher":{"@id":"https:\/\/www.bibbs.at\/#organization"},"potentialAction":[{"@type":"SearchAction","target":{"@type":"EntryPoint","urlTemplate":"https:\/\/www.bibbs.at\/?s={search_term_string}"},"query-input":{"@type":"PropertyValueSpecification","valueRequired":true,"valueName":"search_term_string"}}],"inLanguage":"de-AT"},{"@type":"Organization","@id":"https:\/\/www.bibbs.at\/#organization","name":"bibbs.at","url":"https:\/\/www.bibbs.at\/","logo":{"@type":"ImageObject","inLanguage":"de-AT","@id":"https:\/\/www.bibbs.at\/#\/schema\/logo\/image\/","url":"https:\/\/www.bibbs.at\/wp-content\/uploads\/2020\/10\/image2.png","contentUrl":"https:\/\/www.bibbs.at\/wp-content\/uploads\/2020\/10\/image2.png","width":472,"height":162,"caption":"bibbs.at"},"image":{"@id":"https:\/\/www.bibbs.at\/#\/schema\/logo\/image\/"}}]}},"_links":{"self":[{"href":"https:\/\/www.bibbs.at\/index.php?rest_route=\/wp\/v2\/pages\/469","targetHints":{"allow":["GET"]}}],"collection":[{"href":"https:\/\/www.bibbs.at\/index.php?rest_route=\/wp\/v2\/pages"}],"about":[{"href":"https:\/\/www.bibbs.at\/index.php?rest_route=\/wp\/v2\/types\/page"}],"author":[{"embeddable":true,"href":"https:\/\/www.bibbs.at\/index.php?rest_route=\/wp\/v2\/users\/1"}],"replies":[{"embeddable":true,"href":"https:\/\/www.bibbs.at\/index.php?rest_route=%2Fwp%2Fv2%2Fcomments&post=469"}],"version-history":[{"count":80,"href":"https:\/\/www.bibbs.at\/index.php?rest_route=\/wp\/v2\/pages\/469\/revisions"}],"predecessor-version":[{"id":4329,"href":"https:\/\/www.bibbs.at\/index.php?rest_route=\/wp\/v2\/pages\/469\/revisions\/4329"}],"wp:attachment":[{"href":"https:\/\/www.bibbs.at\/index.php?rest_route=%2Fwp%2Fv2%2Fmedia&parent=469"}],"curies":[{"name":"wp","href":"https:\/\/api.w.org\/{rel}","templated":true}]}}