
{"id":2778,"date":"2021-04-22T12:45:08","date_gmt":"2021-04-22T10:45:08","guid":{"rendered":"https:\/\/neu.bibbs.at\/?page_id=2778"},"modified":"2021-10-07T15:04:37","modified_gmt":"2021-10-07T13:04:37","slug":"digitale-bildung","status":"publish","type":"page","link":"https:\/\/www.bibbs.at\/?page_id=2778","title":{"rendered":"Digitale Bildung"},"content":{"rendered":"\t\t<div data-elementor-type=\"wp-page\" data-elementor-id=\"2778\" class=\"elementor elementor-2778\" data-elementor-post-type=\"page\">\n\t\t\t\t\t\t<section class=\"elementor-section elementor-top-section elementor-element elementor-element-585efb8 elementor-section-boxed elementor-section-height-default elementor-section-height-default\" data-id=\"585efb8\" data-element_type=\"section\">\n\t\t\t\t\t\t<div class=\"elementor-container elementor-column-gap-default\">\n\t\t\t\t\t<div class=\"elementor-column elementor-col-100 elementor-top-column elementor-element elementor-element-b179f38\" data-id=\"b179f38\" data-element_type=\"column\">\n\t\t\t<div class=\"elementor-widget-wrap elementor-element-populated\">\n\t\t\t\t\t\t<div class=\"elementor-element elementor-element-77ccf33 elementor-widget elementor-widget-spacer\" data-id=\"77ccf33\" data-element_type=\"widget\" data-widget_type=\"spacer.default\">\n\t\t\t\t<div class=\"elementor-widget-container\">\n\t\t\t\t\t\t\t<div class=\"elementor-spacer\">\n\t\t\t<div class=\"elementor-spacer-inner\"><\/div>\n\t\t<\/div>\n\t\t\t\t\t\t<\/div>\n\t\t\t\t<\/div>\n\t\t\t\t\t<\/div>\n\t\t<\/div>\n\t\t\t\t\t<\/div>\n\t\t<\/section>\n\t\t\t\t<section class=\"elementor-section elementor-top-section elementor-element elementor-element-aafdaad elementor-section-boxed elementor-section-height-default elementor-section-height-default\" data-id=\"aafdaad\" data-element_type=\"section\">\n\t\t\t\t\t\t<div class=\"elementor-container elementor-column-gap-default\">\n\t\t\t\t\t<div class=\"elementor-column elementor-col-100 elementor-top-column elementor-element elementor-element-6233917\" data-id=\"6233917\" data-element_type=\"column\">\n\t\t\t<div class=\"elementor-widget-wrap elementor-element-populated\">\n\t\t\t\t\t\t<div class=\"elementor-element elementor-element-9052b4b elementor-widget elementor-widget-heading\" data-id=\"9052b4b\" data-element_type=\"widget\" data-widget_type=\"heading.default\">\n\t\t\t\t<div class=\"elementor-widget-container\">\n\t\t\t\t\t<h2 class=\"elementor-heading-title elementor-size-default\">Digitale Bildung<br><\/h2>\t\t\t\t<\/div>\n\t\t\t\t<\/div>\n\t\t\t\t\t<\/div>\n\t\t<\/div>\n\t\t\t\t\t<\/div>\n\t\t<\/section>\n\t\t\t\t<section class=\"elementor-section elementor-top-section elementor-element elementor-element-eb0de47 elementor-section-boxed elementor-section-height-default elementor-section-height-default\" data-id=\"eb0de47\" data-element_type=\"section\">\n\t\t\t\t\t\t<div class=\"elementor-container elementor-column-gap-default\">\n\t\t\t\t\t<div class=\"elementor-column elementor-col-100 elementor-top-column elementor-element elementor-element-e52cfdd\" data-id=\"e52cfdd\" data-element_type=\"column\">\n\t\t\t<div class=\"elementor-widget-wrap elementor-element-populated\">\n\t\t\t\t\t\t<div class=\"elementor-element elementor-element-a128e55 elementor-widget elementor-widget-text-editor\" data-id=\"a128e55\" data-element_type=\"widget\" data-widget_type=\"text-editor.default\">\n\t\t\t\t<div class=\"elementor-widget-container\">\n\t\t\t\t\t\t\t\t\tDie Digitalisierung hat unseren Alltag grundlegend ver\u00e4ndert. Berufswelt und Alltagsbereiche sind gleicherma\u00dfen durchdrungen davon. Internet und Soziale Netzwerke stellen alle, besonders aber junge Menschen, vor neue Anforderungen.\n<br><br>\n<img fetchpriority=\"high\" decoding=\"async\" class=\"alignright wp-image-2809 \" src=\"https:\/\/bibbs.at\/wp-content\/uploads\/2021\/04\/Digitale_Schule-300x293.jpg\" alt=\"\" width=\"477\" height=\"467\" srcset=\"https:\/\/www.bibbs.at\/wp-content\/uploads\/2021\/04\/Digitale_Schule-300x293.jpg 300w, https:\/\/www.bibbs.at\/wp-content\/uploads\/2021\/04\/Digitale_Schule-1024x1000.jpg 1024w, https:\/\/www.bibbs.at\/wp-content\/uploads\/2021\/04\/Digitale_Schule-768x750.jpg 768w, https:\/\/www.bibbs.at\/wp-content\/uploads\/2021\/04\/Digitale_Schule.jpg 1250w\" sizes=\"(max-width: 477px) 100vw, 477px\" \/>\n<br><br>\nDas BMBWF hat bereits darauf reagiert mit der Initiative \u201e<a href=\"https:\/\/digitaleschule.gv.at\/\">Digitale Schule<\/a>\u201c.\n<br><br>\nDie Basis daf\u00fcr bildet der von der\n<br><br>\nBundesregierung initiierte <strong>8-Punkte-Plan f\u00fcr die Digitalisierung<\/strong> der \u00f6sterreichischen Schulen.\n<br><br>\nDoch welche Rolle sollen Schulbibliotheken dabei spielen?\n<br><br>\nWie k\u00f6nnen wir als Schulbibliothekar*innen mithelfen, die uns anvertrauten jungen Menschen fit zu machen f\u00fcr diese neue digitalisierte Welt?\n<br><br>\n\u201eMit dem Bereitstellen von Medien ist es nicht getan!\u201c \u2013 diese Einsicht begleitet uns schon seit Jahrzehnten. Und dennoch haben wir hier die erste Herausforderung: Es gibt noch immer keinen Rahmenvertrag f\u00fcr Schulbibliotheken, damit wir allen Sch\u00fcler*innen <strong>E-Books<\/strong> zur Verf\u00fcgung stellen k\u00f6nnen. Hier besteht dringender Handlungsbedarf.\n<br><br>\nEin zweiter Aspekt ist die <strong>Medienkompetenz<\/strong>.\n<br><br>\nDer kritische und verantwortungsbewusste Umgang mit Informationen ist immer schon ein wesentlicher Teil unseres Bildungsauftrages. Heute kommen ein hohes Tempo und eine schier unfassbare Menge an verf\u00fcgbaren Nachrichten dazu. Neuigkeiten und rei\u00dferische Schlagzeilen werden immer \u00f6fter f\u00fcr die Nutzer bestimmter sozialer Netzwerke zugeschnitten.\n<br><br>\nAls Schulbibliothekar*innen m\u00fcssen wir mithelfen, Informations- und Medienkompetenz zu vermitteln. Die Schulbibliothek als Lernort kann hier eine vorz\u00fcgliche Rolle spielen: Workshops, f\u00e4cher\u00fcbergreifender Unterricht und Pr\u00e4sentationen waren vor dieser Corona-Pandemie ein fixer Bestandteil der Bibliothekskultur. In Zukunft werden wir unsere Aktivit\u00e4ten neben der Lesef\u00f6rderung vermehrt auch der Informations- und Medienkompetenz widmen.\n<br>\n<br>\n<strong>Sicherheit und Verantwortung<\/strong>\n<br><br>\nEin dritter Aspekt ist die generelle Erziehung zu verantwortungsbewusstem Handeln im Internet.\n<br> <br>\nDie Anonymit\u00e4t des Internets bietet leider auch einen Raum, in dem Hass-Postings und psychische Gewalt gedeihen. Wir setzen uns bewusst gegen Mobbing und psychische Gewalt im digitalen Bereich ein. Diese Arbeit beginnt vor Ort, in der Bibliothek, im Gespr\u00e4ch mit unseren Sch\u00fcler*innen \u2013 in der Bewusstseinsbildung, im Aufzeigen von Unrecht und im Beheben von Missst\u00e4nden.\n<br> <br>\nDer Umgang mit geistigem Eigentum, das Recht auf Privatsph\u00e4re und Schutz vor betr\u00fcgerischen Aktivit\u00e4ten \u2013 all das sind weitere Aufgaben, denen wir uns stellen m\u00fcssen, um unsere Jugendlichen auf das Leben in einer ver\u00e4nderten \u2013 digitalisierten \u2013 Welt vorzubereiten.\n<br>\n<br>\nDie Schulbibliothek \u2013 Lernort der Zukunft !\t\t\t\t\t\t\t\t<\/div>\n\t\t\t\t<\/div>\n\t\t\t\t\t<\/div>\n\t\t<\/div>\n\t\t\t\t\t<\/div>\n\t\t<\/section>\n\t\t\t\t<section class=\"elementor-section elementor-top-section elementor-element elementor-element-63fc3b4 elementor-section-boxed elementor-section-height-default elementor-section-height-default\" data-id=\"63fc3b4\" data-element_type=\"section\">\n\t\t\t\t\t\t<div class=\"elementor-container elementor-column-gap-default\">\n\t\t\t\t\t<div class=\"elementor-column elementor-col-100 elementor-top-column elementor-element elementor-element-57d0aea\" data-id=\"57d0aea\" data-element_type=\"column\">\n\t\t\t<div class=\"elementor-widget-wrap\">\n\t\t\t\t\t\t\t<\/div>\n\t\t<\/div>\n\t\t\t\t\t<\/div>\n\t\t<\/section>\n\t\t\t\t<section class=\"elementor-section elementor-top-section elementor-element elementor-element-e50d003 elementor-section-boxed elementor-section-height-default elementor-section-height-default\" data-id=\"e50d003\" data-element_type=\"section\">\n\t\t\t\t\t\t<div class=\"elementor-container elementor-column-gap-default\">\n\t\t\t\t\t<div class=\"elementor-column elementor-col-100 elementor-top-column elementor-element elementor-element-30f611e\" data-id=\"30f611e\" data-element_type=\"column\">\n\t\t\t<div class=\"elementor-widget-wrap\">\n\t\t\t\t\t\t\t<\/div>\n\t\t<\/div>\n\t\t\t\t\t<\/div>\n\t\t<\/section>\n\t\t\t\t<\/div>\n\t\t","protected":false},"excerpt":{"rendered":"<p>Digitale Bildung Die Digitalisierung hat unseren Alltag grundlegend ver\u00e4ndert. Berufswelt und Alltagsbereiche sind gleicherma\u00dfen durchdrungen davon. Internet und Soziale Netzwerke stellen alle, besonders aber junge Menschen, vor neue Anforderungen. Das BMBWF hat bereits darauf reagiert mit der Initiative \u201eDigitale Schule\u201c. Die Basis daf\u00fcr bildet der von der Bundesregierung initiierte 8-Punkte-Plan f\u00fcr die Digitalisierung der \u00f6sterreichischen [&hellip;]<\/p>\n","protected":false},"author":1,"featured_media":0,"parent":0,"menu_order":0,"comment_status":"closed","ping_status":"closed","template":"elementor_header_footer","meta":{"two_page_speed":[],"footnotes":""},"class_list":["post-2778","page","type-page","status-publish","hentry"],"yoast_head":"<!-- This site is optimized with the Yoast SEO plugin v25.1 - https:\/\/yoast.com\/wordpress\/plugins\/seo\/ -->\n<title>Digitale Bildung - bibbs.at<\/title>\n<meta name=\"description\" content=\"Entdecken Sie Bildung und B\u00fccher auf\u00a0bibbs.at! Finden Sie Informationen zu Schulbibliotheken, Veranstaltungen und Kursen in Ihrer N\u00e4he.\" \/>\n<meta name=\"robots\" content=\"index, follow, max-snippet:-1, max-image-preview:large, max-video-preview:-1\" \/>\n<link rel=\"canonical\" href=\"https:\/\/www.bibbs.at\/?page_id=2778\" \/>\n<meta property=\"og:locale\" content=\"de_DE\" \/>\n<meta property=\"og:type\" content=\"article\" \/>\n<meta property=\"og:title\" content=\"Digitale Bildung - bibbs.at\" \/>\n<meta property=\"og:description\" content=\"Entdecken Sie Bildung und B\u00fccher auf\u00a0bibbs.at! Finden Sie Informationen zu Schulbibliotheken, Veranstaltungen und Kursen in Ihrer N\u00e4he.\" \/>\n<meta property=\"og:url\" content=\"https:\/\/www.bibbs.at\/?page_id=2778\" \/>\n<meta property=\"og:site_name\" content=\"bibbs.at\" \/>\n<meta property=\"article:modified_time\" content=\"2021-10-07T13:04:37+00:00\" \/>\n<meta property=\"og:image\" content=\"https:\/\/bibbs.at\/wp-content\/uploads\/2021\/04\/Digitale_Schule-300x293.jpg\" \/>\n<meta name=\"twitter:card\" content=\"summary_large_image\" \/>\n<meta name=\"twitter:label1\" content=\"Gesch\u00e4tzte Lesezeit\" \/>\n\t<meta name=\"twitter:data1\" content=\"1 Minute\" \/>\n<script type=\"application\/ld+json\" class=\"yoast-schema-graph\">{\"@context\":\"https:\/\/schema.org\",\"@graph\":[{\"@type\":\"WebPage\",\"@id\":\"https:\/\/www.bibbs.at\/?page_id=2778\",\"url\":\"https:\/\/www.bibbs.at\/?page_id=2778\",\"name\":\"Digitale Bildung - bibbs.at\",\"isPartOf\":{\"@id\":\"https:\/\/www.bibbs.at\/#website\"},\"primaryImageOfPage\":{\"@id\":\"https:\/\/www.bibbs.at\/?page_id=2778#primaryimage\"},\"image\":{\"@id\":\"https:\/\/www.bibbs.at\/?page_id=2778#primaryimage\"},\"thumbnailUrl\":\"https:\/\/bibbs.at\/wp-content\/uploads\/2021\/04\/Digitale_Schule-300x293.jpg\",\"datePublished\":\"2021-04-22T10:45:08+00:00\",\"dateModified\":\"2021-10-07T13:04:37+00:00\",\"description\":\"Entdecken Sie Bildung und B\u00fccher auf\u00a0bibbs.at! Finden Sie Informationen zu Schulbibliotheken, Veranstaltungen und Kursen in Ihrer N\u00e4he.\",\"breadcrumb\":{\"@id\":\"https:\/\/www.bibbs.at\/?page_id=2778#breadcrumb\"},\"inLanguage\":\"de-AT\",\"potentialAction\":[{\"@type\":\"ReadAction\",\"target\":[\"https:\/\/www.bibbs.at\/?page_id=2778\"]}]},{\"@type\":\"ImageObject\",\"inLanguage\":\"de-AT\",\"@id\":\"https:\/\/www.bibbs.at\/?page_id=2778#primaryimage\",\"url\":\"https:\/\/bibbs.at\/wp-content\/uploads\/2021\/04\/Digitale_Schule-300x293.jpg\",\"contentUrl\":\"https:\/\/bibbs.at\/wp-content\/uploads\/2021\/04\/Digitale_Schule-300x293.jpg\"},{\"@type\":\"BreadcrumbList\",\"@id\":\"https:\/\/www.bibbs.at\/?page_id=2778#breadcrumb\",\"itemListElement\":[{\"@type\":\"ListItem\",\"position\":1,\"name\":\"Home\",\"item\":\"https:\/\/www.bibbs.at\/\"},{\"@type\":\"ListItem\",\"position\":2,\"name\":\"Digitale Bildung\"}]},{\"@type\":\"WebSite\",\"@id\":\"https:\/\/www.bibbs.at\/#website\",\"url\":\"https:\/\/www.bibbs.at\/\",\"name\":\"bibbs.at\",\"description\":\"BiBBS \u2013 Bibliothekarinnen an berufsbildenden Schulen\",\"publisher\":{\"@id\":\"https:\/\/www.bibbs.at\/#organization\"},\"potentialAction\":[{\"@type\":\"SearchAction\",\"target\":{\"@type\":\"EntryPoint\",\"urlTemplate\":\"https:\/\/www.bibbs.at\/?s={search_term_string}\"},\"query-input\":{\"@type\":\"PropertyValueSpecification\",\"valueRequired\":true,\"valueName\":\"search_term_string\"}}],\"inLanguage\":\"de-AT\"},{\"@type\":\"Organization\",\"@id\":\"https:\/\/www.bibbs.at\/#organization\",\"name\":\"bibbs.at\",\"url\":\"https:\/\/www.bibbs.at\/\",\"logo\":{\"@type\":\"ImageObject\",\"inLanguage\":\"de-AT\",\"@id\":\"https:\/\/www.bibbs.at\/#\/schema\/logo\/image\/\",\"url\":\"https:\/\/www.bibbs.at\/wp-content\/uploads\/2020\/10\/image2.png\",\"contentUrl\":\"https:\/\/www.bibbs.at\/wp-content\/uploads\/2020\/10\/image2.png\",\"width\":472,\"height\":162,\"caption\":\"bibbs.at\"},\"image\":{\"@id\":\"https:\/\/www.bibbs.at\/#\/schema\/logo\/image\/\"}}]}<\/script>\n<!-- \/ Yoast SEO plugin. -->","yoast_head_json":{"title":"Digitale Bildung - bibbs.at","description":"Entdecken Sie Bildung und B\u00fccher auf\u00a0bibbs.at! Finden Sie Informationen zu Schulbibliotheken, Veranstaltungen und Kursen in Ihrer N\u00e4he.","robots":{"index":"index","follow":"follow","max-snippet":"max-snippet:-1","max-image-preview":"max-image-preview:large","max-video-preview":"max-video-preview:-1"},"canonical":"https:\/\/www.bibbs.at\/?page_id=2778","og_locale":"de_DE","og_type":"article","og_title":"Digitale Bildung - bibbs.at","og_description":"Entdecken Sie Bildung und B\u00fccher auf\u00a0bibbs.at! Finden Sie Informationen zu Schulbibliotheken, Veranstaltungen und Kursen in Ihrer N\u00e4he.","og_url":"https:\/\/www.bibbs.at\/?page_id=2778","og_site_name":"bibbs.at","article_modified_time":"2021-10-07T13:04:37+00:00","og_image":[{"url":"https:\/\/bibbs.at\/wp-content\/uploads\/2021\/04\/Digitale_Schule-300x293.jpg","type":"","width":"","height":""}],"twitter_card":"summary_large_image","twitter_misc":{"Gesch\u00e4tzte Lesezeit":"1 Minute"},"schema":{"@context":"https:\/\/schema.org","@graph":[{"@type":"WebPage","@id":"https:\/\/www.bibbs.at\/?page_id=2778","url":"https:\/\/www.bibbs.at\/?page_id=2778","name":"Digitale Bildung - bibbs.at","isPartOf":{"@id":"https:\/\/www.bibbs.at\/#website"},"primaryImageOfPage":{"@id":"https:\/\/www.bibbs.at\/?page_id=2778#primaryimage"},"image":{"@id":"https:\/\/www.bibbs.at\/?page_id=2778#primaryimage"},"thumbnailUrl":"https:\/\/bibbs.at\/wp-content\/uploads\/2021\/04\/Digitale_Schule-300x293.jpg","datePublished":"2021-04-22T10:45:08+00:00","dateModified":"2021-10-07T13:04:37+00:00","description":"Entdecken Sie Bildung und B\u00fccher auf\u00a0bibbs.at! Finden Sie Informationen zu Schulbibliotheken, Veranstaltungen und Kursen in Ihrer N\u00e4he.","breadcrumb":{"@id":"https:\/\/www.bibbs.at\/?page_id=2778#breadcrumb"},"inLanguage":"de-AT","potentialAction":[{"@type":"ReadAction","target":["https:\/\/www.bibbs.at\/?page_id=2778"]}]},{"@type":"ImageObject","inLanguage":"de-AT","@id":"https:\/\/www.bibbs.at\/?page_id=2778#primaryimage","url":"https:\/\/bibbs.at\/wp-content\/uploads\/2021\/04\/Digitale_Schule-300x293.jpg","contentUrl":"https:\/\/bibbs.at\/wp-content\/uploads\/2021\/04\/Digitale_Schule-300x293.jpg"},{"@type":"BreadcrumbList","@id":"https:\/\/www.bibbs.at\/?page_id=2778#breadcrumb","itemListElement":[{"@type":"ListItem","position":1,"name":"Home","item":"https:\/\/www.bibbs.at\/"},{"@type":"ListItem","position":2,"name":"Digitale Bildung"}]},{"@type":"WebSite","@id":"https:\/\/www.bibbs.at\/#website","url":"https:\/\/www.bibbs.at\/","name":"bibbs.at","description":"BiBBS \u2013 Bibliothekarinnen an berufsbildenden Schulen","publisher":{"@id":"https:\/\/www.bibbs.at\/#organization"},"potentialAction":[{"@type":"SearchAction","target":{"@type":"EntryPoint","urlTemplate":"https:\/\/www.bibbs.at\/?s={search_term_string}"},"query-input":{"@type":"PropertyValueSpecification","valueRequired":true,"valueName":"search_term_string"}}],"inLanguage":"de-AT"},{"@type":"Organization","@id":"https:\/\/www.bibbs.at\/#organization","name":"bibbs.at","url":"https:\/\/www.bibbs.at\/","logo":{"@type":"ImageObject","inLanguage":"de-AT","@id":"https:\/\/www.bibbs.at\/#\/schema\/logo\/image\/","url":"https:\/\/www.bibbs.at\/wp-content\/uploads\/2020\/10\/image2.png","contentUrl":"https:\/\/www.bibbs.at\/wp-content\/uploads\/2020\/10\/image2.png","width":472,"height":162,"caption":"bibbs.at"},"image":{"@id":"https:\/\/www.bibbs.at\/#\/schema\/logo\/image\/"}}]}},"_links":{"self":[{"href":"https:\/\/www.bibbs.at\/index.php?rest_route=\/wp\/v2\/pages\/2778","targetHints":{"allow":["GET"]}}],"collection":[{"href":"https:\/\/www.bibbs.at\/index.php?rest_route=\/wp\/v2\/pages"}],"about":[{"href":"https:\/\/www.bibbs.at\/index.php?rest_route=\/wp\/v2\/types\/page"}],"author":[{"embeddable":true,"href":"https:\/\/www.bibbs.at\/index.php?rest_route=\/wp\/v2\/users\/1"}],"replies":[{"embeddable":true,"href":"https:\/\/www.bibbs.at\/index.php?rest_route=%2Fwp%2Fv2%2Fcomments&post=2778"}],"version-history":[{"count":31,"href":"https:\/\/www.bibbs.at\/index.php?rest_route=\/wp\/v2\/pages\/2778\/revisions"}],"predecessor-version":[{"id":3428,"href":"https:\/\/www.bibbs.at\/index.php?rest_route=\/wp\/v2\/pages\/2778\/revisions\/3428"}],"wp:attachment":[{"href":"https:\/\/www.bibbs.at\/index.php?rest_route=%2Fwp%2Fv2%2Fmedia&parent=2778"}],"curies":[{"name":"wp","href":"https:\/\/api.w.org\/{rel}","templated":true}]}}