
{"id":2406,"date":"2021-04-14T14:34:12","date_gmt":"2021-04-14T12:34:12","guid":{"rendered":"https:\/\/neu.bibbs.at\/?page_id=2406"},"modified":"2025-04-24T10:00:45","modified_gmt":"2025-04-24T08:00:45","slug":"impressum","status":"publish","type":"page","link":"https:\/\/www.bibbs.at\/?page_id=2406","title":{"rendered":"Impressum"},"content":{"rendered":"\t\t<div data-elementor-type=\"wp-page\" data-elementor-id=\"2406\" class=\"elementor elementor-2406\" data-elementor-post-type=\"page\">\n\t\t\t\t\t\t<section class=\"elementor-section elementor-top-section elementor-element elementor-element-db82303 elementor-section-boxed elementor-section-height-default elementor-section-height-default\" data-id=\"db82303\" data-element_type=\"section\">\n\t\t\t\t\t\t<div class=\"elementor-container elementor-column-gap-default\">\n\t\t\t\t\t<div class=\"elementor-column elementor-col-100 elementor-top-column elementor-element elementor-element-37594ba\" data-id=\"37594ba\" data-element_type=\"column\">\n\t\t\t<div class=\"elementor-widget-wrap elementor-element-populated\">\n\t\t\t\t\t\t<div class=\"elementor-element elementor-element-35dd7bb elementor-widget elementor-widget-spacer\" data-id=\"35dd7bb\" data-element_type=\"widget\" data-widget_type=\"spacer.default\">\n\t\t\t\t<div class=\"elementor-widget-container\">\n\t\t\t\t\t\t\t<div class=\"elementor-spacer\">\n\t\t\t<div class=\"elementor-spacer-inner\"><\/div>\n\t\t<\/div>\n\t\t\t\t\t\t<\/div>\n\t\t\t\t<\/div>\n\t\t\t\t\t<\/div>\n\t\t<\/div>\n\t\t\t\t\t<\/div>\n\t\t<\/section>\n\t\t\t\t<section class=\"elementor-section elementor-top-section elementor-element elementor-element-4f06a89 elementor-section-boxed elementor-section-height-default elementor-section-height-default\" data-id=\"4f06a89\" data-element_type=\"section\">\n\t\t\t\t\t\t<div class=\"elementor-container elementor-column-gap-default\">\n\t\t\t\t\t<div class=\"elementor-column elementor-col-100 elementor-top-column elementor-element elementor-element-fb85810\" data-id=\"fb85810\" data-element_type=\"column\">\n\t\t\t<div class=\"elementor-widget-wrap elementor-element-populated\">\n\t\t\t\t\t\t<div class=\"elementor-element elementor-element-c4e20ce elementor-widget elementor-widget-heading\" data-id=\"c4e20ce\" data-element_type=\"widget\" data-widget_type=\"heading.default\">\n\t\t\t\t<div class=\"elementor-widget-container\">\n\t\t\t\t\t<h2 class=\"elementor-heading-title elementor-size-default\">Impressum<\/h2>\t\t\t\t<\/div>\n\t\t\t\t<\/div>\n\t\t\t\t\t<\/div>\n\t\t<\/div>\n\t\t\t\t\t<\/div>\n\t\t<\/section>\n\t\t\t\t<section class=\"elementor-section elementor-top-section elementor-element elementor-element-60a23c1 elementor-section-boxed elementor-section-height-default elementor-section-height-default\" data-id=\"60a23c1\" data-element_type=\"section\">\n\t\t\t\t\t\t<div class=\"elementor-container elementor-column-gap-default\">\n\t\t\t\t\t<div class=\"elementor-column elementor-col-100 elementor-top-column elementor-element elementor-element-180c9b8\" data-id=\"180c9b8\" data-element_type=\"column\">\n\t\t\t<div class=\"elementor-widget-wrap elementor-element-populated\">\n\t\t\t\t\t\t<div class=\"elementor-element elementor-element-ffd59b0 elementor-widget elementor-widget-text-editor\" data-id=\"ffd59b0\" data-element_type=\"widget\" data-widget_type=\"text-editor.default\">\n\t\t\t\t<div class=\"elementor-widget-container\">\n\t\t\t\t\t\t\t\t\t<div><div><p data-wahfont=\"16\"><strong>Offenlegung gem\u00e4\u00df \u00a7 25 Mediengesetz:<\/strong><\/p><p data-wahfont=\"16\"><strong>Grundlegende Richtung:<\/strong><\/p><p data-wahfont=\"16\">Die Website der\u00a0<strong>\u201eBibliothekarInnen an BerufsBildenden Schulen (BiBBS)\u201d<\/strong>\u00a0dient zur Vernetzung der Bibliotheken an den berufsbildenden Schulen \u00d6sterreichs. Dieses Portal wird in Kooperation mit dem Bundesministerium f\u00fcr Bildung, Wissenschaft und Forschung betrieben.<\/p><\/div><\/div><div>\u00a0<\/div><div><div><p data-wahfont=\"16\"><strong>Medieninhaber:<\/strong><\/p><p data-wahfont=\"16\">BiBBS<\/p><p data-wahfont=\"16\">ARGE\u00a0<strong>BibliothekarInnen an BerufsBildenden Schulen (BiBBS)<\/strong><\/p><\/div><\/div><div>\u00a0<\/div><div><div><p data-wahfont=\"16\"><strong>Herausgeber:<\/strong><\/p><p data-wahfont=\"16\">ADir<sup>in<\/sup> RgRat<sup>in<\/sup>\u00a0Waltraud Svoboda (Waltraud.Svoboda@bmbwf.gv.at)<\/p><p data-wahfont=\"16\">Mag. Manfred Pandur (manfred.pandur@bildung.gv.at)<\/p><\/div><\/div><div>\u00a0<\/div><div><div><p data-wahfont=\"16\"><strong>Anfragen und Kontakt:<\/strong><\/p><p data-wahfont=\"16\">Redaktionelle Anfragen richten Sie bitte an<\/p><p data-wahfont=\"16\"><strong><em>Mag. Manfred Pandur.<\/em><\/strong><\/p><p data-wahfont=\"16\">Anfragen, die die Mitteilungen des Bundesministeriums f\u00fcr Bildung, Wissenschaft und Forschung betreffen, richten sie bitte an<\/p><p data-wahfont=\"16\"><strong><em>ADir<sup>in<\/sup> RgRat<sup>in<\/sup>\u00a0Waltraud Svoboda.<\/em><\/strong><\/p><p data-wahfont=\"16\">F\u00fcr alle abgelegten Links zu anderen Seiten auf Web-Servern gilt: Die verantwortlichen Editoren f\u00fcr die Website bibbs.at erkl\u00e4ren ausdr\u00fccklich, dass sie keinerlei Einfluss auf die Gestaltung und die Inhalte der gelinkten Seiten haben und sie sich diese Inhalte nicht zu eigen machen. Diese Erkl\u00e4rung gilt f\u00fcr alle auf unserer Internetpr\u00e4senz angezeigten Links und f\u00fcr alle Inhalte der Seiten, zu denen Links f\u00fchren.<\/p><p data-wahfont=\"16\">Die von den Benutzerinnen und Benutzern in den Diskussionsforen, Chats und Communities publizierten Beitr\u00e4ge liegen nicht in der Verantwortung der Redaktion oder des Medieninhabers und m\u00fcssen nicht die Meinung des Herausgebers widerspiegeln.<\/p><p data-wahfont=\"16\">Alle Informationen zum\u00a0<strong><u>Datenschutz<\/u><\/strong>\u00a0finden Sie\u00a0<a href=\"https:\/\/www.bmb.gv.at\/Themen\/schule\/schulrecht\/ds.html\" target=\"_blank\" rel=\"noopener noreferrer\" data-wahfont=\"16\">HIER<\/a>.<\/p><p data-wahfont=\"16\"><strong><u>\u00dcber diese Website:<\/u><\/strong><\/p><p data-wahfont=\"16\">Dieser Internetauftritt ist im Zuge eines Projektes an der HTBLuVA Wr. Neustadt, Abteilung f\u00fcr Informatik entstanden. Wir bedanken uns bei Abteilungsvorstand DI Felix Schwab f\u00fcr die hervorragende Zusammenarbeit.<\/p><p data-wahfont=\"16\"><u>Gesamtleitung des Projektes<\/u>: Mag. Manfred Pandur<\/p><p data-wahfont=\"16\">In den\u00a0<u>Projektgruppen<\/u>\u00a0wirkten folgende Sch\u00fclerInnen mit:<\/p><p>Tobias Frank<\/p><\/div><div>Vurgun Anil<\/div><div><p>Christoph Csamay<\/p><p data-wahfont=\"16\"><strong><u>Bildnachweis der Fotos und Grafiken:<\/u><\/strong><\/p><p data-wahfont=\"16\">Netzwerk BiBBS (\u00dcber uns): Carina Pandur<\/p><p data-wahfont=\"16\">Foto Header: Mag. Manfred Pandur<\/p><p data-wahfont=\"16\">Fotos im Men\u00fcpunkt \u201eTeam\u201c: Mag. Erika Brugger (ausgenommen Foto Pandur: privat)<\/p><p data-wahfont=\"16\">Die Fotos im Men\u00fcpunkt \u201eModule \u2013 Vortragende\u201c wurden von den ReferentInnen zur Verf\u00fcgung gestellt.<\/p><p data-wahfont=\"16\">Service und Koordination: Ursula Badran privat<\/p><p data-wahfont=\"16\">Men\u00fcpunkte \u201eKoordinationsstelle\u201c und \u201eModul 4\u201c: lizenzfreie Bilder (Hauptb\u00fccherei Wien, Nationalbibliothek, Stift Seitenstetten)<\/p><p data-wahfont=\"16\">Die Fotos im Men\u00fc \u201cEinrichtung\u201d und die Grundrisse im Men\u00fc \u201cPlanung\u201d wurden freundlicherweise von der ekz.bibliotheksservice GmbH,\u00a0<a href=\"https:\/\/www.ekz.de\/\" target=\"_blank\" rel=\"noopener noreferrer\" data-wahfont=\"16\">www.ekz.at<\/a>, zur Verf\u00fcgung gestellt.<\/p><p data-wahfont=\"16\">Alle anderen Fotos wurden an der HTBLuVA Wr. Neustadt von\u00a0<strong>Lukas Kisow<\/strong>\u00a0aufgenommen, dem wir an dieser Stelle herzlich danken m\u00f6chten!<\/p><\/div><\/div>\t\t\t\t\t\t\t\t<\/div>\n\t\t\t\t<\/div>\n\t\t\t\t\t<\/div>\n\t\t<\/div>\n\t\t\t\t\t<\/div>\n\t\t<\/section>\n\t\t\t\t<\/div>\n\t\t","protected":false},"excerpt":{"rendered":"<p>Impressum Offenlegung gem\u00e4\u00df \u00a7 25 Mediengesetz: Grundlegende Richtung: Die Website der\u00a0\u201eBibliothekarInnen an BerufsBildenden Schulen (BiBBS)\u201d\u00a0dient zur Vernetzung der Bibliotheken an den berufsbildenden Schulen \u00d6sterreichs. Dieses Portal wird in Kooperation mit dem Bundesministerium f\u00fcr Bildung, Wissenschaft und Forschung betrieben. \u00a0 Medieninhaber: BiBBS ARGE\u00a0BibliothekarInnen an BerufsBildenden Schulen (BiBBS) \u00a0 Herausgeber: ADirin RgRatin\u00a0Waltraud Svoboda (Waltraud.Svoboda@bmbwf.gv.at) Mag. Manfred Pandur [&hellip;]<\/p>\n","protected":false},"author":1,"featured_media":0,"parent":0,"menu_order":0,"comment_status":"closed","ping_status":"closed","template":"elementor_header_footer","meta":{"two_page_speed":[],"footnotes":""},"class_list":["post-2406","page","type-page","status-publish","hentry"],"yoast_head":"<!-- This site is optimized with the Yoast SEO plugin v25.1 - https:\/\/yoast.com\/wordpress\/plugins\/seo\/ -->\n<title>Impressum - bibbs.at<\/title>\n<meta name=\"description\" content=\"Entdecken Sie Bildung und B\u00fccher auf\u00a0bibbs.at! Finden Sie Informationen zu Schulbibliotheken, Veranstaltungen und Kursen in Ihrer N\u00e4he.\" \/>\n<meta name=\"robots\" content=\"index, follow, max-snippet:-1, max-image-preview:large, max-video-preview:-1\" \/>\n<link rel=\"canonical\" href=\"https:\/\/www.bibbs.at\/?page_id=2406\" \/>\n<meta property=\"og:locale\" content=\"de_DE\" \/>\n<meta property=\"og:type\" content=\"article\" \/>\n<meta property=\"og:title\" content=\"Impressum - bibbs.at\" \/>\n<meta property=\"og:description\" content=\"Entdecken Sie Bildung und B\u00fccher auf\u00a0bibbs.at! Finden Sie Informationen zu Schulbibliotheken, Veranstaltungen und Kursen in Ihrer N\u00e4he.\" \/>\n<meta property=\"og:url\" content=\"https:\/\/www.bibbs.at\/?page_id=2406\" \/>\n<meta property=\"og:site_name\" content=\"bibbs.at\" \/>\n<meta property=\"article:modified_time\" content=\"2025-04-24T08:00:45+00:00\" \/>\n<meta name=\"twitter:card\" content=\"summary_large_image\" \/>\n<meta name=\"twitter:label1\" content=\"Gesch\u00e4tzte Lesezeit\" \/>\n\t<meta name=\"twitter:data1\" content=\"2 Minuten\" \/>\n<script type=\"application\/ld+json\" class=\"yoast-schema-graph\">{\"@context\":\"https:\/\/schema.org\",\"@graph\":[{\"@type\":\"WebPage\",\"@id\":\"https:\/\/www.bibbs.at\/?page_id=2406\",\"url\":\"https:\/\/www.bibbs.at\/?page_id=2406\",\"name\":\"Impressum - bibbs.at\",\"isPartOf\":{\"@id\":\"https:\/\/www.bibbs.at\/#website\"},\"datePublished\":\"2021-04-14T12:34:12+00:00\",\"dateModified\":\"2025-04-24T08:00:45+00:00\",\"description\":\"Entdecken Sie Bildung und B\u00fccher auf\u00a0bibbs.at! Finden Sie Informationen zu Schulbibliotheken, Veranstaltungen und Kursen in Ihrer N\u00e4he.\",\"breadcrumb\":{\"@id\":\"https:\/\/www.bibbs.at\/?page_id=2406#breadcrumb\"},\"inLanguage\":\"de-AT\",\"potentialAction\":[{\"@type\":\"ReadAction\",\"target\":[\"https:\/\/www.bibbs.at\/?page_id=2406\"]}]},{\"@type\":\"BreadcrumbList\",\"@id\":\"https:\/\/www.bibbs.at\/?page_id=2406#breadcrumb\",\"itemListElement\":[{\"@type\":\"ListItem\",\"position\":1,\"name\":\"Home\",\"item\":\"https:\/\/www.bibbs.at\/\"},{\"@type\":\"ListItem\",\"position\":2,\"name\":\"Impressum\"}]},{\"@type\":\"WebSite\",\"@id\":\"https:\/\/www.bibbs.at\/#website\",\"url\":\"https:\/\/www.bibbs.at\/\",\"name\":\"bibbs.at\",\"description\":\"BiBBS \u2013 Bibliothekarinnen an berufsbildenden Schulen\",\"publisher\":{\"@id\":\"https:\/\/www.bibbs.at\/#organization\"},\"potentialAction\":[{\"@type\":\"SearchAction\",\"target\":{\"@type\":\"EntryPoint\",\"urlTemplate\":\"https:\/\/www.bibbs.at\/?s={search_term_string}\"},\"query-input\":{\"@type\":\"PropertyValueSpecification\",\"valueRequired\":true,\"valueName\":\"search_term_string\"}}],\"inLanguage\":\"de-AT\"},{\"@type\":\"Organization\",\"@id\":\"https:\/\/www.bibbs.at\/#organization\",\"name\":\"bibbs.at\",\"url\":\"https:\/\/www.bibbs.at\/\",\"logo\":{\"@type\":\"ImageObject\",\"inLanguage\":\"de-AT\",\"@id\":\"https:\/\/www.bibbs.at\/#\/schema\/logo\/image\/\",\"url\":\"https:\/\/www.bibbs.at\/wp-content\/uploads\/2020\/10\/image2.png\",\"contentUrl\":\"https:\/\/www.bibbs.at\/wp-content\/uploads\/2020\/10\/image2.png\",\"width\":472,\"height\":162,\"caption\":\"bibbs.at\"},\"image\":{\"@id\":\"https:\/\/www.bibbs.at\/#\/schema\/logo\/image\/\"}}]}<\/script>\n<!-- \/ Yoast SEO plugin. -->","yoast_head_json":{"title":"Impressum - bibbs.at","description":"Entdecken Sie Bildung und B\u00fccher auf\u00a0bibbs.at! Finden Sie Informationen zu Schulbibliotheken, Veranstaltungen und Kursen in Ihrer N\u00e4he.","robots":{"index":"index","follow":"follow","max-snippet":"max-snippet:-1","max-image-preview":"max-image-preview:large","max-video-preview":"max-video-preview:-1"},"canonical":"https:\/\/www.bibbs.at\/?page_id=2406","og_locale":"de_DE","og_type":"article","og_title":"Impressum - bibbs.at","og_description":"Entdecken Sie Bildung und B\u00fccher auf\u00a0bibbs.at! Finden Sie Informationen zu Schulbibliotheken, Veranstaltungen und Kursen in Ihrer N\u00e4he.","og_url":"https:\/\/www.bibbs.at\/?page_id=2406","og_site_name":"bibbs.at","article_modified_time":"2025-04-24T08:00:45+00:00","twitter_card":"summary_large_image","twitter_misc":{"Gesch\u00e4tzte Lesezeit":"2 Minuten"},"schema":{"@context":"https:\/\/schema.org","@graph":[{"@type":"WebPage","@id":"https:\/\/www.bibbs.at\/?page_id=2406","url":"https:\/\/www.bibbs.at\/?page_id=2406","name":"Impressum - bibbs.at","isPartOf":{"@id":"https:\/\/www.bibbs.at\/#website"},"datePublished":"2021-04-14T12:34:12+00:00","dateModified":"2025-04-24T08:00:45+00:00","description":"Entdecken Sie Bildung und B\u00fccher auf\u00a0bibbs.at! Finden Sie Informationen zu Schulbibliotheken, Veranstaltungen und Kursen in Ihrer N\u00e4he.","breadcrumb":{"@id":"https:\/\/www.bibbs.at\/?page_id=2406#breadcrumb"},"inLanguage":"de-AT","potentialAction":[{"@type":"ReadAction","target":["https:\/\/www.bibbs.at\/?page_id=2406"]}]},{"@type":"BreadcrumbList","@id":"https:\/\/www.bibbs.at\/?page_id=2406#breadcrumb","itemListElement":[{"@type":"ListItem","position":1,"name":"Home","item":"https:\/\/www.bibbs.at\/"},{"@type":"ListItem","position":2,"name":"Impressum"}]},{"@type":"WebSite","@id":"https:\/\/www.bibbs.at\/#website","url":"https:\/\/www.bibbs.at\/","name":"bibbs.at","description":"BiBBS \u2013 Bibliothekarinnen an berufsbildenden Schulen","publisher":{"@id":"https:\/\/www.bibbs.at\/#organization"},"potentialAction":[{"@type":"SearchAction","target":{"@type":"EntryPoint","urlTemplate":"https:\/\/www.bibbs.at\/?s={search_term_string}"},"query-input":{"@type":"PropertyValueSpecification","valueRequired":true,"valueName":"search_term_string"}}],"inLanguage":"de-AT"},{"@type":"Organization","@id":"https:\/\/www.bibbs.at\/#organization","name":"bibbs.at","url":"https:\/\/www.bibbs.at\/","logo":{"@type":"ImageObject","inLanguage":"de-AT","@id":"https:\/\/www.bibbs.at\/#\/schema\/logo\/image\/","url":"https:\/\/www.bibbs.at\/wp-content\/uploads\/2020\/10\/image2.png","contentUrl":"https:\/\/www.bibbs.at\/wp-content\/uploads\/2020\/10\/image2.png","width":472,"height":162,"caption":"bibbs.at"},"image":{"@id":"https:\/\/www.bibbs.at\/#\/schema\/logo\/image\/"}}]}},"_links":{"self":[{"href":"https:\/\/www.bibbs.at\/index.php?rest_route=\/wp\/v2\/pages\/2406","targetHints":{"allow":["GET"]}}],"collection":[{"href":"https:\/\/www.bibbs.at\/index.php?rest_route=\/wp\/v2\/pages"}],"about":[{"href":"https:\/\/www.bibbs.at\/index.php?rest_route=\/wp\/v2\/types\/page"}],"author":[{"embeddable":true,"href":"https:\/\/www.bibbs.at\/index.php?rest_route=\/wp\/v2\/users\/1"}],"replies":[{"embeddable":true,"href":"https:\/\/www.bibbs.at\/index.php?rest_route=%2Fwp%2Fv2%2Fcomments&post=2406"}],"version-history":[{"count":19,"href":"https:\/\/www.bibbs.at\/index.php?rest_route=\/wp\/v2\/pages\/2406\/revisions"}],"predecessor-version":[{"id":4491,"href":"https:\/\/www.bibbs.at\/index.php?rest_route=\/wp\/v2\/pages\/2406\/revisions\/4491"}],"wp:attachment":[{"href":"https:\/\/www.bibbs.at\/index.php?rest_route=%2Fwp%2Fv2%2Fmedia&parent=2406"}],"curies":[{"name":"wp","href":"https:\/\/api.w.org\/{rel}","templated":true}]}}